{"id":683867,"date":"2023-09-27T14:34:05","date_gmt":"2023-09-27T14:34:05","guid":{"rendered":"https:\/\/neuvee.com\/?post_type=product&#038;p=683867"},"modified":"2025-05-19T13:47:34","modified_gmt":"2025-05-19T13:47:34","slug":"planet-alpha-original-soundtrack-3","status":"publish","type":"product","link":"https:\/\/neuvee.com\/pl\/product\/planet-alpha-original-soundtrack-3\/","title":{"rendered":"PLANET ALPHA &#8211; ORIGINAL SOUNDTRACK"},"content":{"rendered":"<p>Poczuj atmosfer\u0119 pi\u0119knego i&nbsp;\u015bmiertelnie gro\u017anego \u015bwiata Planet Alpha, s\u0142uchaj\u0105c oryginalnej \u015bcie\u017cki d\u017awi\u0119kowej. Zawiera wszystkie 40 utwor\u00f3w Planet Alpha autorstwa kompozytora Sida Barnhoorna.<\/p>\n<p>1 &#8211; Ranny<br \/>\n2 &#8211; Z\u0142e przeczucie<br \/>\n3 &#8211; Przebudzenie<br \/>\n4 &#8211; Odkrycie<br \/>\n5 &#8211; Nocny rytm<br \/>\n6 &#8211; Pozosta\u0142o\u015bci staro\u017cytnej cywilizacji<br \/>\n7 &#8211; Mapa planety<br \/>\n8 &#8211; Inwazja<br \/>\n9 &#8211; Do lasu<br \/>\n10 &#8211; Nightbloom<br \/>\n11 &#8211; Mroczna obecno\u015b\u0107<br \/>\n12 &#8211; Narz\u0119dzia zniszczenia<br \/>\n13 &#8211; Gniazdo owad\u00f3w<br \/>\n14 &#8211; Kr\u00f3lowa<br \/>\n15 &#8211; Stworzenia<br \/>\n16 &#8211; Obelisk<br \/>\n17 &#8211; Niebia\u0144skie po\u0142\u0105czenia<br \/>\n18 &#8211; Pastwiska<br \/>\n19 &#8211; Wrogowie<br \/>\n20 &#8211; Roboty<br \/>\n21 &#8211; Inny wymiar<br \/>\n22 &#8211; Odbicie<br \/>\n23 &#8211; Piramida<br \/>\n24 &#8211; Portal do nieba<br \/>\n25 &#8211; P\u0142ywaj\u0105ce wyspy I<br \/>\n26 &#8211; P\u0142ywaj\u0105ce wyspy II<br \/>\n27 &#8211; P\u0142ywaj\u0105ce wyspy III<br \/>\n28 &#8211; P\u0142ywaj\u0105ce wyspy IV<br \/>\n29 &#8211; P\u0142ywaj\u0105ce wyspy V<br \/>\n30 &#8211; P\u0142ywaj\u0105ce wyspy VI<br \/>\n31 &#8211; Polowanie na wieloryba<br \/>\n32 &#8211; \u015amiertelni wrogowie<br \/>\n33 &#8211; Roboty w gnie\u017adzie<br \/>\n34 &#8211; Jaskinia Lawy<br \/>\n35 &#8211; Jaskinia Kryszta\u0142\u00f3w<br \/>\n36 &#8211; Podziemie<br \/>\n37 &#8211; Brama do nieba<br \/>\n38 &#8211; Pustkowie<br \/>\n39 &#8211; Niszczyciel \u015bwiat\u00f3w<br \/>\n40 &#8211; Wspomnienia ze staro\u017cytnego \u015bwiata<\/p>","protected":false},"excerpt":{"rendered":"<p>Poczuj atmosfer\u0119 pi\u0119knego i&nbsp;\u015bmiertelnie gro\u017anego \u015bwiata Planet Alpha, s\u0142uchaj\u0105c oryginalnej \u015bcie\u017cki d\u017awi\u0119kowej. Zawiera wszystkie 40 utwor\u00f3w Planet Alpha autorstwa kompozytora Sida Barnhoorna. 1 &#8211; Ranny 2 &#8211; Z\u0142e przeczucie 3 &#8211; Przebudzenie 4 &#8211; Odkrycie 5 &#8211; Nocny rytm 6 &#8211; Pozosta\u0142o\u015bci staro\u017cytnej cywilizacji 7 &#8211; Mapa planety 8 &#8211; Inwazja 9 &#8211; Do lasu [&hellip;]<\/p>\n","protected":false},"featured_media":684658,"comment_status":"closed","ping_status":"closed","template":"","meta":{"ub_ctt_via":""},"product_cat":[88,127,221],"product_tag":[218],"class_list":["post-683867","product","type-product","status-publish","has-post-thumbnail","hentry","product_cat-action","product_cat-adventure","product_cat-indie","product_tag-games","platform-steam-works"],"_links":{"self":[{"href":"https:\/\/neuvee.com\/pl\/wp-json\/wp\/v2\/product\/683867","targetHints":{"allow":["GET"]}}],"collection":[{"href":"https:\/\/neuvee.com\/pl\/wp-json\/wp\/v2\/product"}],"about":[{"href":"https:\/\/neuvee.com\/pl\/wp-json\/wp\/v2\/types\/product"}],"replies":[{"embeddable":true,"href":"https:\/\/neuvee.com\/pl\/wp-json\/wp\/v2\/comments?post=683867"}],"wp:featuredmedia":[{"embeddable":true,"href":"https:\/\/neuvee.com\/pl\/wp-json\/wp\/v2\/media\/684658"}],"wp:attachment":[{"href":"https:\/\/neuvee.com\/pl\/wp-json\/wp\/v2\/media?parent=683867"}],"wp:term":[{"taxonomy":"product_cat","embeddable":true,"href":"https:\/\/neuvee.com\/pl\/wp-json\/wp\/v2\/product_cat?post=683867"},{"taxonomy":"product_tag","embeddable":true,"href":"https:\/\/neuvee.com\/pl\/wp-json\/wp\/v2\/product_tag?post=683867"}],"curies":[{"name":"wp","href":"https:\/\/api.w.org\/{rel}","templated":true}]}}