{"id":683855,"date":"2023-09-27T14:22:28","date_gmt":"2023-09-27T14:22:28","guid":{"rendered":"https:\/\/neuvee.com\/?post_type=product&#038;p=683855"},"modified":"2025-05-19T14:20:01","modified_gmt":"2025-05-19T14:20:01","slug":"planet-alpha","status":"publish","type":"product","link":"https:\/\/neuvee.com\/pl\/product\/planet-alpha\/","title":{"rendered":"PLANET ALPHA"},"content":{"rendered":"<p>PLANET ALPHA to pi\u0119kny obcy \u015bwiat pe\u0142en zagro\u017ce\u0144 i&nbsp;tajemnic. Nieust\u0119pliwi wrogowie depcz\u0105 ci po pi\u0119tach, gdy starasz si\u0119 przetrwa\u0107 i&nbsp;ujarzmi\u0107 moc nocy i&nbsp;dnia.<\/p>\n<p>*Bez pomocy w obcym \u015bwiecie\u2026\u00a0 *<br \/>\nBudzisz si\u0119 w dziwnym, obcym \u015bwiecie. Doznawszy ran, samotnie przedzierasz si\u0119 przez nieznan\u0105 krain\u0119, przemierzaj\u0105c pi\u0119kne zr\u00f3\u017cnicowane tereny i&nbsp;staraj\u0105c si\u0119 przetrwa\u0107.<\/p>\n<p>*Zapanuj nad dniem i&nbsp;noc\u0105*<br \/>\n\u015awiat PLANET ALPHA jest regulowany cyklem solarnym. W dalszej cz\u0119\u015bci gry odkryjesz unikalny dar, kt\u00f3ry pozwoli ci manipulowa\u0107 czasem i&nbsp;w ten spos\u00f3b zyskiwa\u0107 przewag\u0119.<\/p>\n<p>*Odkryj tajemnice PLANET ALPHA*<br \/>\nPoznawaj unikalny \u015bwiat i&nbsp;odkryj swoj\u0105 histori\u0119. Co takiego odkryjesz na PLANET ALPHA?<\/p>","protected":false},"excerpt":{"rendered":"<p>PLANET ALPHA to pi\u0119kny obcy \u015bwiat pe\u0142en zagro\u017ce\u0144 i&nbsp;tajemnic. Nieust\u0119pliwi wrogowie depcz\u0105 ci po pi\u0119tach, gdy starasz si\u0119 przetrwa\u0107 i&nbsp;ujarzmi\u0107 moc nocy i&nbsp;dnia. *Bez pomocy w obcym \u015bwiecie\u2026\u00a0 * Budzisz si\u0119 w dziwnym, obcym \u015bwiecie. Doznawszy ran, samotnie przedzierasz si\u0119 przez nieznan\u0105 krain\u0119, przemierzaj\u0105c pi\u0119kne zr\u00f3\u017cnicowane tereny i&nbsp;staraj\u0105c si\u0119 przetrwa\u0107. *Zapanuj nad dniem i&nbsp;noc\u0105* \u015awiat [&hellip;]<\/p>\n","protected":false},"featured_media":687509,"comment_status":"closed","ping_status":"closed","template":"","meta":{"ub_ctt_via":""},"product_cat":[88,127,221],"product_tag":[218],"class_list":["post-683855","product","type-product","status-publish","has-post-thumbnail","hentry","product_cat-action","product_cat-adventure","product_cat-indie","product_tag-games","platform-steam-works"],"_links":{"self":[{"href":"https:\/\/neuvee.com\/pl\/wp-json\/wp\/v2\/product\/683855","targetHints":{"allow":["GET"]}}],"collection":[{"href":"https:\/\/neuvee.com\/pl\/wp-json\/wp\/v2\/product"}],"about":[{"href":"https:\/\/neuvee.com\/pl\/wp-json\/wp\/v2\/types\/product"}],"replies":[{"embeddable":true,"href":"https:\/\/neuvee.com\/pl\/wp-json\/wp\/v2\/comments?post=683855"}],"wp:featuredmedia":[{"embeddable":true,"href":"https:\/\/neuvee.com\/pl\/wp-json\/wp\/v2\/media\/687509"}],"wp:attachment":[{"href":"https:\/\/neuvee.com\/pl\/wp-json\/wp\/v2\/media?parent=683855"}],"wp:term":[{"taxonomy":"product_cat","embeddable":true,"href":"https:\/\/neuvee.com\/pl\/wp-json\/wp\/v2\/product_cat?post=683855"},{"taxonomy":"product_tag","embeddable":true,"href":"https:\/\/neuvee.com\/pl\/wp-json\/wp\/v2\/product_tag?post=683855"}],"curies":[{"name":"wp","href":"https:\/\/api.w.org\/{rel}","templated":true}]}}