{"id":683853,"date":"2023-09-27T14:21:34","date_gmt":"2023-09-27T14:21:34","guid":{"rendered":"https:\/\/neuvee.com\/?post_type=product&#038;p=683853"},"modified":"2025-05-19T14:16:07","modified_gmt":"2025-05-19T14:16:07","slug":"pizza-possum-3","status":"publish","type":"product","link":"https:\/\/neuvee.com\/pl\/product\/pizza-possum-3\/","title":{"rendered":"PIZZA POSSUM"},"content":{"rendered":"<p>Pizza Possum to szybka i&nbsp;przyjemna gra zr\u0119czno\u015bciowa, w kt\u00f3rej twoim celem jest jak najbardziej si\u0119 naje\u015b\u0107, nie daj\u0105c si\u0119 z\u0142apa\u0107. Samodzielnie lub&nbsp;ze znajomym wcielasz si\u0119 w uroczego, psotnego oposa i&nbsp;bawisz w chowanego, wykorzystuj\u0105c rozsiane po okolicy przedmioty i&nbsp;krzaki, \u017ceby nie wpa\u015b\u0107 w \u0142apy patroluj\u0105cych ps\u00f3w. Dosta\u0144 si\u0119 do najwy\u017cszego punktu wioski, zjedz ogromn\u0105 pizz\u0119 i&nbsp;ukradnij koron\u0119 z&nbsp;g\u0142owy psiego przyw\u00f3dcy. Na co wi\u0119c&nbsp;czekasz? Pora co\u015b przek\u0105si\u0107!<\/p>\n<p>Smakowite szczeg\u00f3\u0142y:<\/p>\n<p>-Wykorzystaj woln\u0105 chwil\u0119 na zabaw\u0119 w chowanego<br \/>\n-Siej spustoszenie jako opos z&nbsp;rosn\u0105cym brzuchem<br \/>\n-Po\u0142\u0105cz si\u0142y ze znajomym, kt\u00f3ry wcieli si\u0119 w szopa<br \/>\n-Uciekaj przed psami lub&nbsp;odwracaj ich uwag\u0119, wykorzystuj\u0105c bomby dymne, r\u0119kawice bokserskie i&nbsp;wiele innych gad\u017cet\u00f3w<br \/>\n-Dosta\u0144 si\u0119 do tronu szefa wszystkich ps\u00f3w, zjedz jego osobist\u0105, godn\u0105 kr\u00f3la pizz\u0119 i&nbsp;ukradnij koron\u0119 \u2013 bo&nbsp;czemu nie?<br \/>\n-Odblokuj pyszne zako\u0144czenie, przechodz\u0105c gr\u0119 trzy razy i&nbsp;nie daj\u0105c si\u0119 z\u0142apa\u0107; mo\u017cesz nosi\u0107 koron\u0119, \u017ceby odstraszy\u0107 str\u00f3\u017c\u00f3w<br \/>\n-Bij w\u0142asne rekordy jedzenia<br \/>\n-Napajaj si\u0119 oposow\u0105 symfoni\u0105 wrzask\u00f3w, chichot\u00f3w i&nbsp;drwin<br \/>\n-Go\u0144 przera\u017con\u0105 \u015bwini\u0119 albo&nbsp;g\u0119\u015b, a\u017c zrzuc\u0105 jak najwi\u0119cej owoc\u00f3w<br \/>\n-Zaryzykuj wszystko dla ostatniego okruszka<\/p>\n<p><\/p>","protected":false},"excerpt":{"rendered":"<p>Pizza Possum to szybka i&nbsp;przyjemna gra zr\u0119czno\u015bciowa, w kt\u00f3rej twoim celem jest jak najbardziej si\u0119 naje\u015b\u0107, nie daj\u0105c si\u0119 z\u0142apa\u0107. Samodzielnie lub&nbsp;ze znajomym wcielasz si\u0119 w uroczego, psotnego oposa i&nbsp;bawisz w chowanego, wykorzystuj\u0105c rozsiane po okolicy przedmioty i&nbsp;krzaki, \u017ceby nie wpa\u015b\u0107 w \u0142apy patroluj\u0105cych ps\u00f3w. Dosta\u0144 si\u0119 do najwy\u017cszego punktu wioski, zjedz ogromn\u0105 pizz\u0119 i&nbsp;ukradnij [&hellip;]<\/p>\n","protected":false},"featured_media":684287,"comment_status":"closed","ping_status":"closed","template":"","meta":{"ub_ctt_via":""},"product_cat":[88,223,221],"product_tag":[218],"class_list":["post-683853","product","type-product","status-publish","has-post-thumbnail","hentry","product_cat-action","product_cat-casual","product_cat-indie","product_tag-games","platform-steam-works"],"_links":{"self":[{"href":"https:\/\/neuvee.com\/pl\/wp-json\/wp\/v2\/product\/683853","targetHints":{"allow":["GET"]}}],"collection":[{"href":"https:\/\/neuvee.com\/pl\/wp-json\/wp\/v2\/product"}],"about":[{"href":"https:\/\/neuvee.com\/pl\/wp-json\/wp\/v2\/types\/product"}],"replies":[{"embeddable":true,"href":"https:\/\/neuvee.com\/pl\/wp-json\/wp\/v2\/comments?post=683853"}],"wp:featuredmedia":[{"embeddable":true,"href":"https:\/\/neuvee.com\/pl\/wp-json\/wp\/v2\/media\/684287"}],"wp:attachment":[{"href":"https:\/\/neuvee.com\/pl\/wp-json\/wp\/v2\/media?parent=683853"}],"wp:term":[{"taxonomy":"product_cat","embeddable":true,"href":"https:\/\/neuvee.com\/pl\/wp-json\/wp\/v2\/product_cat?post=683853"},{"taxonomy":"product_tag","embeddable":true,"href":"https:\/\/neuvee.com\/pl\/wp-json\/wp\/v2\/product_tag?post=683853"}],"curies":[{"name":"wp","href":"https:\/\/api.w.org\/{rel}","templated":true}]}}