{"id":683787,"date":"2023-09-27T14:04:30","date_gmt":"2023-09-27T14:04:30","guid":{"rendered":"https:\/\/neuvee.com\/?post_type=product&#038;p=683787"},"modified":"2025-05-19T14:03:48","modified_gmt":"2025-05-19T14:03:48","slug":"penarium-2","status":"publish","type":"product","link":"https:\/\/neuvee.com\/pl\/product\/penarium-2\/","title":{"rendered":"PENARIUM"},"content":{"rendered":"<p>Penarium to walka o&nbsp;\u017cycie na z\u0142owrogiej cyrkowej arenie, kt\u00f3rej uczestnicy, niczym staro\u017cytni gladiatorzy, musz\u0105 dostarczy\u0107 rozrywki sadystycznej publiczno\u015bci. W tej szalonej, arkadowej grze 2D gracz wciela si\u0119 w rol\u0119 Willy&#8217;ego, kt\u00f3ry, aby prze\u017cy\u0107, musi biega\u0107, skaka\u0107 oraz&nbsp;unika\u0107 mn\u00f3stwa zab\u00f3jczych pu\u0142apek. Je\u017celi ci si\u0119 uda, Willy zostanie mistrzem Penarium. Je\u017celi zawiedziesz, umrze w najstraszliwszy z&nbsp;mo\u017cliwych sposob\u00f3w ku uciesze szalej\u0105cego t\u0142umu.<\/p>\n<p>Pokieruj biednym Willym i&nbsp;pokonaj okrutny tor przeszk\u00f3d w grze solowej oraz&nbsp;w lokalnym trybie wsp\u00f3\u0142pracy i&nbsp;rywalizacji dla dw\u00f3ch graczy. Ka\u017cde dziecko chce p\u00f3j\u015b\u0107 do cyrku, ale \u017cadne nie chce w nim umrze\u0107.<\/p>","protected":false},"excerpt":{"rendered":"<p>Penarium to walka o&nbsp;\u017cycie na z\u0142owrogiej cyrkowej arenie, kt\u00f3rej uczestnicy, niczym staro\u017cytni gladiatorzy, musz\u0105 dostarczy\u0107 rozrywki sadystycznej publiczno\u015bci. W tej szalonej, arkadowej grze 2D gracz wciela si\u0119 w rol\u0119 Willy&#8217;ego, kt\u00f3ry, aby prze\u017cy\u0107, musi biega\u0107, skaka\u0107 oraz&nbsp;unika\u0107 mn\u00f3stwa zab\u00f3jczych pu\u0142apek. Je\u017celi ci si\u0119 uda, Willy zostanie mistrzem Penarium. Je\u017celi zawiedziesz, umrze w najstraszliwszy z&nbsp;mo\u017cliwych sposob\u00f3w [&hellip;]<\/p>\n","protected":false},"featured_media":684389,"comment_status":"closed","ping_status":"closed","template":"","meta":{"ub_ctt_via":""},"product_cat":[88,221],"product_tag":[218],"class_list":["post-683787","product","type-product","status-publish","has-post-thumbnail","hentry","product_cat-action","product_cat-indie","product_tag-games","platform-steam-works"],"_links":{"self":[{"href":"https:\/\/neuvee.com\/pl\/wp-json\/wp\/v2\/product\/683787","targetHints":{"allow":["GET"]}}],"collection":[{"href":"https:\/\/neuvee.com\/pl\/wp-json\/wp\/v2\/product"}],"about":[{"href":"https:\/\/neuvee.com\/pl\/wp-json\/wp\/v2\/types\/product"}],"replies":[{"embeddable":true,"href":"https:\/\/neuvee.com\/pl\/wp-json\/wp\/v2\/comments?post=683787"}],"wp:featuredmedia":[{"embeddable":true,"href":"https:\/\/neuvee.com\/pl\/wp-json\/wp\/v2\/media\/684389"}],"wp:attachment":[{"href":"https:\/\/neuvee.com\/pl\/wp-json\/wp\/v2\/media?parent=683787"}],"wp:term":[{"taxonomy":"product_cat","embeddable":true,"href":"https:\/\/neuvee.com\/pl\/wp-json\/wp\/v2\/product_cat?post=683787"},{"taxonomy":"product_tag","embeddable":true,"href":"https:\/\/neuvee.com\/pl\/wp-json\/wp\/v2\/product_tag?post=683787"}],"curies":[{"name":"wp","href":"https:\/\/api.w.org\/{rel}","templated":true}]}}