{"id":683778,"date":"2023-09-27T14:02:49","date_gmt":"2023-09-27T14:02:49","guid":{"rendered":"https:\/\/neuvee.com\/?post_type=product&#038;p=683778"},"modified":"2025-05-19T13:59:37","modified_gmt":"2025-05-19T13:59:37","slug":"oxygen-2","status":"publish","type":"product","link":"https:\/\/neuvee.com\/pl\/product\/oxygen-2\/","title":{"rendered":"OXYGEN"},"content":{"rendered":"<p>FABU\u0141A<br \/>\nKatastrofa naturalna wybi\u0142a niemal ca\u0142\u0105 ludzko\u015b\u0107. Niewielu przetrwa\u0142o, dzi\u0119ki \u201eWielkim Prowincjom Wulkanicznym\u201d, wulkanom, kt\u00f3re nie eksploduj\u0105, ale w kt\u00f3rych otwieraj\u0105 si\u0119 pot\u0119\u017cne szczeliny, z&nbsp;kt\u00f3rych wyp\u0142ywa lawa, zalewaj\u0105ca ca\u0142\u0105 okolice i&nbsp;wypuszczaj\u0105ca ogrom toksycznych gaz\u00f3w. Najgorsze w przypadku tych obszar\u00f3w jest to, \u017ce gazy mog\u0105 si\u0119 s\u0105czy\u0107 nawet przez stulecia. Wiatry rozdmucha\u0142y gazy na ca\u0142y \u015bwiat, zmieniaj\u0105c konsystencje atmosfery. Jeden z&nbsp;nich obni\u017cy\u0142 zawarto\u015b\u0107 tlenu w powietrzu. Niewiele go pozosta\u0142o w powietrzu. W ostatniej chwili, ludzko\u015b\u0107 wynalaz\u0142a Centrum Tlenowe. Generuje on tlen przez elektroliz\u0119 w\u00f3d podwodnych, a&nbsp;konieczna energia jest wytwarzana przez spalanie w\u0119gla. Musisz jednak&nbsp;znale\u017a\u0107 spos\u00f3b na odej\u015bcie od w\u0119gla na rzecz \u017ar\u00f3de\u0142 odnawialnych. To nasza jedyna nadzieja\u2026<\/p>\n<p>BUDUJ, BADAJ, ZARZ\u0104DZAJ<br \/>\n\u015awiat si\u0119 zmieni\u0142. Stw\u00f3rz now\u0105 cywilizacj\u0119, dla ocala\u0142ych z&nbsp;ca\u0142ego \u015bwiata. Zapewnij podstawowe potrzeby swoim mieszka\u0144com, takie jak woda, \u017cywno\u015b\u0107 i&nbsp;miejsce do \u017cycia. Zbadaj nowe funkcje i&nbsp;projekty budynk\u00f3w, aby zwi\u0119kszy\u0107 poziom zaufania i&nbsp;edukacji mieszka\u0144c\u00f3w.<\/p>\n<p>POPROWAD\u0179 SWOICH LUDZI<br \/>\nNasta\u0142 Tw\u00f3j czas. Teraz Ty jeste\u015b przyw\u00f3dc\u0105. Udowodnij swoj\u0105 warto\u015b\u0107 wszystkim! Zarz\u0105dzaj i&nbsp;przypisuj ludzi do r\u00f3\u017cnych prac. Pozw\u00f3l im na produkcje wymaganych materia\u0142\u00f3w.<\/p>\n<p>POKONAJ NATUR\u0118<br \/>\nChro\u0144 swoich ludzi. Przygotuj si\u0119 na powracaj\u0105ce mrozy i&nbsp;susze, przygotowuj\u0105c zapasy wody i&nbsp;jedzenia. Chro\u0144 si\u0119 przed \u015bmierciono\u015bnymi wiatrami i&nbsp;generuj energi\u0119 przy wykorzystaniu w\u0119gla lub&nbsp;zaplanuj przej\u015bcie na odnawialne \u017ar\u00f3d\u0142a energii.<\/p>\n<p>ODKRYWAJ<br \/>\nZnajduj ocala\u0142ych na ca\u0142ym \u015bwiecie i&nbsp;pozw\u00f3l im na do\u0142\u0105czenie do osady. Badaj opuszczone obszary i&nbsp;wysy\u0142aj dru\u017cyny, aby okry\u0142y tam co\u015b przydatnego.<\/p>\n<p>KLUCZOWE CECHY GRY<\/p>\n<p>&#8211; Utrzymaj Centrum Tlenowe w dzia\u0142aniu i&nbsp;wybuduj osad\u0119 wok\u00f3\u0142<\/p>\n<p>&#8211; Przetrwaj w \u015bwiecie bezustannych zagro\u017ce\u0144, wliczaj\u0105c w to \u015bmierciono\u015bne wiatry, eksplozje szczelin, mrozy i&nbsp;susze<\/p>\n<p>&#8211; Zbieraj i&nbsp;produkuj r\u00f3\u017cne zasoby, magazynuj r\u00f3\u017cne typy jedzenia, materia\u0142\u00f3w, oraz&nbsp;wod\u0119<\/p>\n<p>&#8211; Poprowad\u017a naprz\u00f3d swoich ludzi. Zwi\u0119ksz poziom ich zaufania i&nbsp;edukacji, aby poprawi\u0107 produktywno\u015b\u0107<\/p>\n<p>&#8211; Znajd\u017a i&nbsp;ciep\u0142o przywitaj ocala\u0142ych z&nbsp;ca\u0142ego globu<\/p>\n<p>&#8211; Przeprowadzaj badania nowych mechanik i&nbsp;budynk\u00f3w, aby si\u0119 rozwija\u0107<\/p>\n<p>&#8211; Przeszukaj opuszczone miejsca wok\u00f3\u0142 swojej osady i&nbsp;wysy\u0142aj tam swoje dru\u017cyny, w poszukiwaniu zasob\u00f3w<\/p>\n<p>&#8211; Zaopiekuj si\u0119 martwymi drzewami i&nbsp;przywr\u00f3\u0107 je do \u017cycia<br \/>\n&#8222;<\/p>\n<p><\/p>","protected":false},"excerpt":{"rendered":"<p>FABU\u0141A Katastrofa naturalna wybi\u0142a niemal ca\u0142\u0105 ludzko\u015b\u0107. Niewielu przetrwa\u0142o, dzi\u0119ki \u201eWielkim Prowincjom Wulkanicznym\u201d, wulkanom, kt\u00f3re nie eksploduj\u0105, ale w kt\u00f3rych otwieraj\u0105 si\u0119 pot\u0119\u017cne szczeliny, z&nbsp;kt\u00f3rych wyp\u0142ywa lawa, zalewaj\u0105ca ca\u0142\u0105 okolice i&nbsp;wypuszczaj\u0105ca ogrom toksycznych gaz\u00f3w. Najgorsze w przypadku tych obszar\u00f3w jest to, \u017ce gazy mog\u0105 si\u0119 s\u0105czy\u0107 nawet przez stulecia. Wiatry rozdmucha\u0142y gazy na ca\u0142y \u015bwiat, [&hellip;]<\/p>\n","protected":false},"featured_media":684069,"comment_status":"closed","ping_status":"closed","template":"","meta":{"ub_ctt_via":""},"product_cat":[221,78,222],"product_tag":[218],"class_list":["post-683778","product","type-product","status-publish","has-post-thumbnail","hentry","product_cat-indie","product_cat-simulation","product_cat-strategy","product_tag-games","platform-steam-works"],"_links":{"self":[{"href":"https:\/\/neuvee.com\/pl\/wp-json\/wp\/v2\/product\/683778","targetHints":{"allow":["GET"]}}],"collection":[{"href":"https:\/\/neuvee.com\/pl\/wp-json\/wp\/v2\/product"}],"about":[{"href":"https:\/\/neuvee.com\/pl\/wp-json\/wp\/v2\/types\/product"}],"replies":[{"embeddable":true,"href":"https:\/\/neuvee.com\/pl\/wp-json\/wp\/v2\/comments?post=683778"}],"wp:featuredmedia":[{"embeddable":true,"href":"https:\/\/neuvee.com\/pl\/wp-json\/wp\/v2\/media\/684069"}],"wp:attachment":[{"href":"https:\/\/neuvee.com\/pl\/wp-json\/wp\/v2\/media?parent=683778"}],"wp:term":[{"taxonomy":"product_cat","embeddable":true,"href":"https:\/\/neuvee.com\/pl\/wp-json\/wp\/v2\/product_cat?post=683778"},{"taxonomy":"product_tag","embeddable":true,"href":"https:\/\/neuvee.com\/pl\/wp-json\/wp\/v2\/product_tag?post=683778"}],"curies":[{"name":"wp","href":"https:\/\/api.w.org\/{rel}","templated":true}]}}