{"id":683511,"date":"2023-09-27T13:59:12","date_gmt":"2023-09-27T13:59:12","guid":{"rendered":"https:\/\/neuvee.com\/?post_type=product&#038;p=683511"},"modified":"2025-05-19T14:35:41","modified_gmt":"2025-05-19T14:35:41","slug":"overcooked-all-you-can-eat-6","status":"publish","type":"product","link":"https:\/\/neuvee.com\/pl\/product\/overcooked-all-you-can-eat-6\/","title":{"rendered":"OVERCOOKED! ALL YOU CAN EAT"},"content":{"rendered":"<p>Gry Overcooked! i&nbsp;Overcooked! 2 wraz z&nbsp;ca\u0142\u0105 dodatkow\u0105 zawarto\u015bci\u0105 zosta\u0142y odnowione i&nbsp;po\u0142\u0105czone w tej pysznej, kompletnej edycji! <\/p>\n<p>Zakosztuj kulinarnego chaosu, odkrywaj\u0105c setki poziom\u00f3w i&nbsp;graj\u0105c w trybie wsp\u00f3\u0142pracy w coraz to gro\u017aniejszych i&nbsp;dziwniejszych kuchniach. <\/p>\n<p>*Overcooked! \u2014 teraz online*<br \/>\nPo raz pierwszy gra Overcooked! ma w pe\u0142ni zintegrowany tryb gry wieloosobowej online. Podziwiaj ulubione kuchnie z&nbsp;pierwszej gry we wspania\u0142ej oprawie 4K i&nbsp;graj ONLINE!<\/p>\n<p>*Wieloplatformowy tryb gry wieloosobowej*<br \/>\nZakosztuj kulinarnego chaosu ze wszystkimi znajomymi dzi\u0119ki wieloplatformowemu trybowi wieloosobowemu i&nbsp;funkcji czatu g\u0142osowego. Wsp\u00f3lna kolejka gry wieloosobowej oznacza kr\u00f3tszy czas oczekiwania na gr\u0119 i&nbsp;wi\u0119cej czasu na kulinarn\u0105 rozwa\u0142k\u0119!<\/p>\n<p>*Uczta dla oczu!*<br \/>\nDzi\u0119ki niesamowitej oprawie 4K obie gry z&nbsp;serii Overcooked! wygl\u0105daj\u0105 teraz lepiej ni\u017c kiedykolwiek. <\/p>\n<p>*Pyszna nowa zawarto\u015b\u0107!*<br \/>\nNowe poziomy, nowi kucharze, nowy wymiar chaosu \u2014 tylko w edycji Overcooked! Wszystko do zjedzenia.<\/p>\n<p>*Wiele tryb\u00f3w!*<br \/>\nGracze maj\u0105 do dyspozycji tryb kampanii, przetrwania i&nbsp;\u0107wiczeniowy, a&nbsp;tak\u017ce wprowadzony w edycji Wszystko do zjedzenia tryb wspomagania! Ten ostatni obejmuje liczne opcje dla kucharzy preferuj\u0105cych spokojniejsz\u0105 rozgrywk\u0119 \u2013 wi\u0119cej czasu na przyrz\u0105dzenie potraw, d\u0142u\u017csze rundy oraz&nbsp;mo\u017cliwo\u015b\u0107 pomijania poziom\u00f3w. <\/p>\n<p>*Gra dost\u0119pna dla wszystkich!*<br \/>\nOvercooked! Wszystko do zjedzenia zawiera opcje u\u0142atwie\u0144 dost\u0119pu, dzi\u0119ki kt\u00f3rym jak najwi\u0119cej graczy mo\u017ce do\u0142\u0105czy\u0107 do kulinarnej zabawy, w tym skalowalny interfejs, czcionk\u0119 dla dyslektyk\u00f3w i&nbsp;tryb dla daltonist\u00f3w.  <\/p>\n<p>Wr\u00f3\u0107 do Cebulowego Kr\u00f3lestwa na niezapomnian\u0105 uczt\u0119 w Overcooked! Wszystko do zjedzenia.<\/p>\n<p><\/p>","protected":false},"excerpt":{"rendered":"<p>Gry Overcooked! i&nbsp;Overcooked! 2 wraz z&nbsp;ca\u0142\u0105 dodatkow\u0105 zawarto\u015bci\u0105 zosta\u0142y odnowione i&nbsp;po\u0142\u0105czone w tej pysznej, kompletnej edycji! Zakosztuj kulinarnego chaosu, odkrywaj\u0105c setki poziom\u00f3w i&nbsp;graj\u0105c w trybie wsp\u00f3\u0142pracy w coraz to gro\u017aniejszych i&nbsp;dziwniejszych kuchniach. *Overcooked! \u2014 teraz online* Po raz pierwszy gra Overcooked! ma w pe\u0142ni zintegrowany tryb gry wieloosobowej online. Podziwiaj ulubione kuchnie z&nbsp;pierwszej gry we [&hellip;]<\/p>\n","protected":false},"featured_media":684117,"comment_status":"closed","ping_status":"closed","template":"","meta":{"ub_ctt_via":""},"product_cat":[223,221,78,222],"product_tag":[218],"class_list":["post-683511","product","type-product","status-publish","has-post-thumbnail","hentry","product_cat-casual","product_cat-indie","product_cat-simulation","product_cat-strategy","product_tag-games","platform-steam-works"],"_links":{"self":[{"href":"https:\/\/neuvee.com\/pl\/wp-json\/wp\/v2\/product\/683511","targetHints":{"allow":["GET"]}}],"collection":[{"href":"https:\/\/neuvee.com\/pl\/wp-json\/wp\/v2\/product"}],"about":[{"href":"https:\/\/neuvee.com\/pl\/wp-json\/wp\/v2\/types\/product"}],"replies":[{"embeddable":true,"href":"https:\/\/neuvee.com\/pl\/wp-json\/wp\/v2\/comments?post=683511"}],"wp:featuredmedia":[{"embeddable":true,"href":"https:\/\/neuvee.com\/pl\/wp-json\/wp\/v2\/media\/684117"}],"wp:attachment":[{"href":"https:\/\/neuvee.com\/pl\/wp-json\/wp\/v2\/media?parent=683511"}],"wp:term":[{"taxonomy":"product_cat","embeddable":true,"href":"https:\/\/neuvee.com\/pl\/wp-json\/wp\/v2\/product_cat?post=683511"},{"taxonomy":"product_tag","embeddable":true,"href":"https:\/\/neuvee.com\/pl\/wp-json\/wp\/v2\/product_tag?post=683511"}],"curies":[{"name":"wp","href":"https:\/\/api.w.org\/{rel}","templated":true}]}}