{"id":683505,"date":"2023-09-27T13:56:45","date_gmt":"2023-09-27T13:56:45","guid":{"rendered":"https:\/\/neuvee.com\/?post_type=product&#038;p=683505"},"modified":"2025-05-19T13:31:53","modified_gmt":"2025-05-19T13:31:53","slug":"overcooked-2-carnival-of-chaos-4","status":"publish","type":"product","link":"https:\/\/neuvee.com\/pl\/product\/overcooked-2-carnival-of-chaos-4\/","title":{"rendered":"OVERCOOKED! 2: CARNIVAL OF CHAOS"},"content":{"rendered":"<p>Kolejna uczta dzi\u0119ki Overcooked! 2 Carnival of Chaos!<\/p>\n<p>Overcooked! 2 Carnival of Chaos zaprasza graczy do uczczenia \u015bwiata kuchni, kooperacji i&nbsp;chaosu! Ta kolorowa zawarto\u015b\u0107 DLC wystawi graczy na pr\u00f3b\u0119 dzi\u0119ki kombinacji potraw i&nbsp;\u2013 niezb\u0119dnemu w ka\u017cdej kuchni \u2013 wielkiemu dzia\u0142u!<\/p>\n<p>Dzia\u0142a! Niecodzienna kuchnia wymaga niecodziennych metod poruszania si\u0119. Kucharze wskakuj\u0105 do dzia\u0142a, aby potem z&nbsp;wdzi\u0119kiem przelecie\u0107 do celu.<\/p>\n<p>Kombinacje potraw! Dla niezwykle g\u0142odnych klient\u00f3w gracze musz\u0105 po\u0142\u0105czy\u0107 na tacy dania r\u00f3\u017cnych kuchni i&nbsp;zwie\u0144czy\u0107 to wszystko orze\u017awiaj\u0105cym napojem. <\/p>\n<p>Nowe przepisy! Do menu do\u0142\u0105czaj\u0105 hot-dogi oraz&nbsp;znany s\u0142odki wypiek prosto z&nbsp;Ameryki: donut.<\/p>\n<p>Sosy! Nie da si\u0119 przygotowa\u0107 hot-doga bez sporej porcji keczupu czy musztardy\u2026 a&nbsp;najlepiej obu naraz!<\/p>\n<p>Dodatkowo 15 nowych poziom\u00f3w! Gracze b\u0119d\u0105 sma\u017cy\u0107 burgery w cyrku i&nbsp;zdobywa\u0107 smako\u0142yki na zawieszonej wysoko linie w ramach arcyciekawych poziom\u00f3w.<\/p>\n<p>Czterech nowych szef\u00f3w kuchni! Do chaosu w kuchni do\u0142\u0105cza kwartet barwnych postaci: Kucharz Konferansjer, Kucharz Si\u0142acz, Kucharz Klaun i&nbsp;Kucharz Kaskader!<\/p>\n<p>Zawarto\u015b\u0107 Overcooked! 2 Carnival of Chaos jest dost\u0119pna w sprzeda\u017cy. Wszyscy gracze, kt\u00f3rzy nabyli przepustk\u0119 sezonow\u0105 Overcooked! 2 otrzymaj\u0105 j\u0105 za darmo<\/p>","protected":false},"excerpt":{"rendered":"<p>Kolejna uczta dzi\u0119ki Overcooked! 2 Carnival of Chaos! Overcooked! 2 Carnival of Chaos zaprasza graczy do uczczenia \u015bwiata kuchni, kooperacji i&nbsp;chaosu! Ta kolorowa zawarto\u015b\u0107 DLC wystawi graczy na pr\u00f3b\u0119 dzi\u0119ki kombinacji potraw i&nbsp;\u2013 niezb\u0119dnemu w ka\u017cdej kuchni \u2013 wielkiemu dzia\u0142u! Dzia\u0142a! Niecodzienna kuchnia wymaga niecodziennych metod poruszania si\u0119. Kucharze wskakuj\u0105 do dzia\u0142a, aby potem z&nbsp;wdzi\u0119kiem [&hellip;]<\/p>\n","protected":false},"featured_media":684944,"comment_status":"closed","ping_status":"closed","template":"","meta":{"ub_ctt_via":""},"product_cat":[88,223,221],"product_tag":[218],"class_list":["post-683505","product","type-product","status-publish","has-post-thumbnail","hentry","product_cat-action","product_cat-casual","product_cat-indie","product_tag-games","platform-steam-works"],"_links":{"self":[{"href":"https:\/\/neuvee.com\/pl\/wp-json\/wp\/v2\/product\/683505","targetHints":{"allow":["GET"]}}],"collection":[{"href":"https:\/\/neuvee.com\/pl\/wp-json\/wp\/v2\/product"}],"about":[{"href":"https:\/\/neuvee.com\/pl\/wp-json\/wp\/v2\/types\/product"}],"replies":[{"embeddable":true,"href":"https:\/\/neuvee.com\/pl\/wp-json\/wp\/v2\/comments?post=683505"}],"wp:featuredmedia":[{"embeddable":true,"href":"https:\/\/neuvee.com\/pl\/wp-json\/wp\/v2\/media\/684944"}],"wp:attachment":[{"href":"https:\/\/neuvee.com\/pl\/wp-json\/wp\/v2\/media?parent=683505"}],"wp:term":[{"taxonomy":"product_cat","embeddable":true,"href":"https:\/\/neuvee.com\/pl\/wp-json\/wp\/v2\/product_cat?post=683505"},{"taxonomy":"product_tag","embeddable":true,"href":"https:\/\/neuvee.com\/pl\/wp-json\/wp\/v2\/product_tag?post=683505"}],"curies":[{"name":"wp","href":"https:\/\/api.w.org\/{rel}","templated":true}]}}