{"id":683495,"date":"2023-09-27T13:53:12","date_gmt":"2023-09-27T13:53:12","guid":{"rendered":"https:\/\/neuvee.com\/?post_type=product&#038;p=683495"},"modified":"2025-05-19T13:55:37","modified_gmt":"2025-05-19T13:55:37","slug":"overcooked-2-surf-n-turf-3","status":"publish","type":"product","link":"https:\/\/neuvee.com\/pl\/product\/overcooked-2-surf-n-turf-3\/","title":{"rendered":"OVERCOOKED! 2 &#8211; SURF 'N&#8217; TURF"},"content":{"rendered":"<p>W\u0142\u00f3\u017c okulary przeciws\u0142oneczne, zbierz ekip\u0119 kucharzy i&nbsp;odpal grilla\u2026IDZIEMY NA PLA\u017b\u0118!<\/p>\n<p>Wi\u0119cej przepis\u00f3w, wi\u0119cej kucharzy, wi\u0119cej kuchni! B\u0119dziesz \u015bwietnie si\u0119 bawi\u0107, przyrz\u0105dzaj\u0105c szasz\u0142yki i&nbsp;smoothie z&nbsp;nowymi znajomymi: niezwykle egzotycznym kucharzem-papug\u0105 oraz&nbsp;ognistym kucharzem wyspy.<\/p>\n<p>Zmierz si\u0119 z&nbsp;innym graczem na dw\u00f3ch poziomach do pojedynk\u00f3w lub&nbsp;wsp\u00f3lnie stawcie czo\u0142a g\u0142odnym t\u0142umom na 12 nowych, soczystych poziomach kampanii. Pracujcie razem, u\u017cywaj\u0105c pistoletu wodnego do mycia naczy\u0144, lub&nbsp;urz\u0105dzajcie wodne walki i&nbsp;p\u0142awcie si\u0119 w chaosie!<\/p>\n<p><\/p>","protected":false},"excerpt":{"rendered":"<p>W\u0142\u00f3\u017c okulary przeciws\u0142oneczne, zbierz ekip\u0119 kucharzy i&nbsp;odpal grilla\u2026IDZIEMY NA PLA\u017b\u0118! Wi\u0119cej przepis\u00f3w, wi\u0119cej kucharzy, wi\u0119cej kuchni! B\u0119dziesz \u015bwietnie si\u0119 bawi\u0107, przyrz\u0105dzaj\u0105c szasz\u0142yki i&nbsp;smoothie z&nbsp;nowymi znajomymi: niezwykle egzotycznym kucharzem-papug\u0105 oraz&nbsp;ognistym kucharzem wyspy. Zmierz si\u0119 z&nbsp;innym graczem na dw\u00f3ch poziomach do pojedynk\u00f3w lub&nbsp;wsp\u00f3lnie stawcie czo\u0142a g\u0142odnym t\u0142umom na 12 nowych, soczystych poziomach kampanii. Pracujcie razem, u\u017cywaj\u0105c pistoletu [&hellip;]<\/p>\n","protected":false},"featured_media":683844,"comment_status":"closed","ping_status":"closed","template":"","meta":{"ub_ctt_via":""},"product_cat":[88,223,221],"product_tag":[218],"class_list":["post-683495","product","type-product","status-publish","has-post-thumbnail","hentry","product_cat-action","product_cat-casual","product_cat-indie","product_tag-games","platform-steam-works"],"_links":{"self":[{"href":"https:\/\/neuvee.com\/pl\/wp-json\/wp\/v2\/product\/683495","targetHints":{"allow":["GET"]}}],"collection":[{"href":"https:\/\/neuvee.com\/pl\/wp-json\/wp\/v2\/product"}],"about":[{"href":"https:\/\/neuvee.com\/pl\/wp-json\/wp\/v2\/types\/product"}],"replies":[{"embeddable":true,"href":"https:\/\/neuvee.com\/pl\/wp-json\/wp\/v2\/comments?post=683495"}],"wp:featuredmedia":[{"embeddable":true,"href":"https:\/\/neuvee.com\/pl\/wp-json\/wp\/v2\/media\/683844"}],"wp:attachment":[{"href":"https:\/\/neuvee.com\/pl\/wp-json\/wp\/v2\/media?parent=683495"}],"wp:term":[{"taxonomy":"product_cat","embeddable":true,"href":"https:\/\/neuvee.com\/pl\/wp-json\/wp\/v2\/product_cat?post=683495"},{"taxonomy":"product_tag","embeddable":true,"href":"https:\/\/neuvee.com\/pl\/wp-json\/wp\/v2\/product_tag?post=683495"}],"curies":[{"name":"wp","href":"https:\/\/api.w.org\/{rel}","templated":true}]}}