{"id":683492,"date":"2023-09-27T13:52:02","date_gmt":"2023-09-27T13:52:02","guid":{"rendered":"https:\/\/neuvee.com\/?post_type=product&#038;p=683492"},"modified":"2025-05-19T14:10:32","modified_gmt":"2025-05-19T14:10:32","slug":"overcooked-2-night-of-the-hangry-horde-4","status":"publish","type":"product","link":"https:\/\/neuvee.com\/pl\/product\/overcooked-2-night-of-the-hangry-horde-4\/","title":{"rendered":"OVERCOOKED! 2 &#8211; NIGHT OF THE HANGRY HORDE"},"content":{"rendered":"<p>*Przygotuj si\u0119 na kolejny k\u0119s Overcooked! 2 *<\/p>\n<p>Overcooked! 2: Noc z\u0142yg\u0142odnia\u0142ej hordy stawia graczy przed najstraszniejszym zagro\u017ceniem w Kr\u00f3lestwie Cebuli. Chodzi o&nbsp;nieupieczonych. A tym razem maj\u0105 wsparcie. Ten nowy pakiet DLC wprowadza tryb hordy, w kt\u00f3rym gracze musz\u0105 wykorzystywa\u0107 swoja wiedz\u0119 kulinarn\u0105, aby odeprze\u0107 nap\u0142yw nieumar\u0142ych sk\u0142adnik\u00f3w.<\/p>\n<p>&#8211; Nowy tryb! Osiem poziom\u00f3w trybu hordy stawia graczy naprzeciw falom nieumar\u0142ych napastnik\u00f3w, do kt\u00f3rych nale\u017c\u0105 nieupieczeni, gigantyczne jab\u0142ka zombie oraz&nbsp;szybkie zombie chili.<\/p>\n<p>&#8211; 12 nowych poziom\u00f3w! Dziewi\u0119\u0107 nowych kuchni i&nbsp;trzy ukryte poziomy Kevina <\/p>\n<p>&#8211; Czterech nowych szef\u00f3w kuchni! Kucharz Wampir, kucharz Duch, Kucharz Wilko\u0142ak oraz&nbsp;Kucharz Pud\u0142o, czyli&nbsp;ulubieniec z&nbsp;Overcooked!<\/p>\n<p>&#8211; Nowa mechanika! Gilotyna to nowy, skuteczny spos\u00f3b na siekanie sk\u0142adnik\u00f3w, a&nbsp;do pieca hutniczego trzeba dorzuca\u0107 w\u0119gla, aby upiek\u0142 nam kolacj\u0119<\/p>\n<p>&#8211; Trzy przepisy! Ciasta owocowe, zupy i&nbsp;pieczenie<\/p>\n<p>*Noc z\u0142yg\u0142odnia\u0142ej hordy jest dost\u0119pna za darmo dla wszystkich graczy, kt\u00f3rzy zakupili Overcooked! 2 przepustk\u0119 sezonow\u0105<\/p>","protected":false},"excerpt":{"rendered":"<p>*Przygotuj si\u0119 na kolejny k\u0119s Overcooked! 2 * Overcooked! 2: Noc z\u0142yg\u0142odnia\u0142ej hordy stawia graczy przed najstraszniejszym zagro\u017ceniem w Kr\u00f3lestwie Cebuli. Chodzi o&nbsp;nieupieczonych. A tym razem maj\u0105 wsparcie. Ten nowy pakiet DLC wprowadza tryb hordy, w kt\u00f3rym gracze musz\u0105 wykorzystywa\u0107 swoja wiedz\u0119 kulinarn\u0105, aby odeprze\u0107 nap\u0142yw nieumar\u0142ych sk\u0142adnik\u00f3w. &#8211; Nowy tryb! Osiem poziom\u00f3w trybu hordy [&hellip;]<\/p>\n","protected":false},"featured_media":687511,"comment_status":"closed","ping_status":"closed","template":"","meta":{"ub_ctt_via":""},"product_cat":[88,223,221],"product_tag":[218],"class_list":["post-683492","product","type-product","status-publish","has-post-thumbnail","hentry","product_cat-action","product_cat-casual","product_cat-indie","product_tag-games","platform-steam-works"],"_links":{"self":[{"href":"https:\/\/neuvee.com\/pl\/wp-json\/wp\/v2\/product\/683492","targetHints":{"allow":["GET"]}}],"collection":[{"href":"https:\/\/neuvee.com\/pl\/wp-json\/wp\/v2\/product"}],"about":[{"href":"https:\/\/neuvee.com\/pl\/wp-json\/wp\/v2\/types\/product"}],"replies":[{"embeddable":true,"href":"https:\/\/neuvee.com\/pl\/wp-json\/wp\/v2\/comments?post=683492"}],"wp:featuredmedia":[{"embeddable":true,"href":"https:\/\/neuvee.com\/pl\/wp-json\/wp\/v2\/media\/687511"}],"wp:attachment":[{"href":"https:\/\/neuvee.com\/pl\/wp-json\/wp\/v2\/media?parent=683492"}],"wp:term":[{"taxonomy":"product_cat","embeddable":true,"href":"https:\/\/neuvee.com\/pl\/wp-json\/wp\/v2\/product_cat?post=683492"},{"taxonomy":"product_tag","embeddable":true,"href":"https:\/\/neuvee.com\/pl\/wp-json\/wp\/v2\/product_tag?post=683492"}],"curies":[{"name":"wp","href":"https:\/\/api.w.org\/{rel}","templated":true}]}}