{"id":683440,"date":"2023-09-27T13:03:02","date_gmt":"2023-09-27T13:03:02","guid":{"rendered":"https:\/\/neuvee.com\/?post_type=product&#038;p=683440"},"modified":"2025-05-19T13:53:03","modified_gmt":"2025-05-19T13:53:03","slug":"overcooked-2-2","status":"publish","type":"product","link":"https:\/\/neuvee.com\/pl\/product\/overcooked-2-2\/","title":{"rendered":"OVERCOOKED! 2"},"content":{"rendered":"<p>Overcooked powraca w nowej ods\u0142onie szale\u0144czego gotowania! Wr\u00f3\u0107 do Kr\u00f3lestwa Cebuli i&nbsp;zbierz dru\u017cyn\u0119 szef\u00f3w kuchni w klasycznym kanapowym trybie wsp\u00f3\u0142pracy lub&nbsp;w grze online dla 4 graczy. Wdziewaj fartuch\u2026 Czas (ponownie) uratowa\u0107 \u015bwiat!<\/p>\n<p>Z patelni prosto na ruszt\u2026<\/p>\n<p>Ju\u017c uda\u0142o ci si\u0119 uratowa\u0107 \u015bwiat przed gro\u017anym bossem o&nbsp;imieniu Ever Peckish. Wraz z&nbsp;pojawieniem si\u0119 nowego zagro\u017cenia czas wr\u00f3ci\u0107 do kuchni i&nbsp;zmierzy\u0107 si\u0119 z&nbsp;g\u0142odem Niepo\u017car\u0142ych!<\/p>\n<p>*SZALONA ROZGRYWKA LOKALNA \/ ONLINE *<br \/>\nWsp\u00f3\u0142praca (albo rywalizacja) zapewni najwy\u017csze noty w szale\u0144czej lokalnej i&nbsp;sieciowej rozgrywce dla wielu graczy.<\/p>\n<p>*KULINARNE DOZNANIA *<br \/>\nPrzemierzaj nowe mapy l\u0105dem, wod\u0105 i&nbsp;powietrzem. Gotuj w nowych miejscach, takich jak restauracja sushi, szko\u0142a magii i&nbsp;kopalnia, a&nbsp;nawet na innych planetach!<\/p>\n<p>*POBUD\u0179 SW\u00d3J APETYT! *<br \/>\nOdkrywaj \u015bwiat, przygotowuj\u0105c nowe, zachwycaj\u0105ce przepisy, w tym sushi, ciasta, burgery i&nbsp;pizz\u0119.<\/p>\n<p>*ZACHOWAJ SPOK\u00d3J I\u2026 KOGEL MOGEL! *<br \/>\nKorzystaj z&nbsp;teleport\u00f3w, przechodz\u0105c przez ruchome platformy, i&nbsp;oszcz\u0119dzaj czas, przerzucaj\u0105c sk\u0142adniki mi\u0119dzy dynamicznie zmieniaj\u0105cymi si\u0119 kuchniami! Niekt\u00f3re kuchnie mog\u0105 nawet wymie\u015b\u0107 kucharzy w zupe\u0142nie nowe miejsca!<\/p>","protected":false},"excerpt":{"rendered":"<p>Overcooked powraca w nowej ods\u0142onie szale\u0144czego gotowania! Wr\u00f3\u0107 do Kr\u00f3lestwa Cebuli i&nbsp;zbierz dru\u017cyn\u0119 szef\u00f3w kuchni w klasycznym kanapowym trybie wsp\u00f3\u0142pracy lub&nbsp;w grze online dla 4 graczy. Wdziewaj fartuch\u2026 Czas (ponownie) uratowa\u0107 \u015bwiat! Z patelni prosto na ruszt\u2026 Ju\u017c uda\u0142o ci si\u0119 uratowa\u0107 \u015bwiat przed gro\u017anym bossem o&nbsp;imieniu Ever Peckish. Wraz z&nbsp;pojawieniem si\u0119 nowego zagro\u017cenia czas [&hellip;]<\/p>\n","protected":false},"featured_media":686606,"comment_status":"closed","ping_status":"closed","template":"","meta":{"ub_ctt_via":""},"product_cat":[88,223,221],"product_tag":[218],"class_list":["post-683440","product","type-product","status-publish","has-post-thumbnail","hentry","product_cat-action","product_cat-casual","product_cat-indie","product_tag-games","platform-steam-works"],"_links":{"self":[{"href":"https:\/\/neuvee.com\/pl\/wp-json\/wp\/v2\/product\/683440","targetHints":{"allow":["GET"]}}],"collection":[{"href":"https:\/\/neuvee.com\/pl\/wp-json\/wp\/v2\/product"}],"about":[{"href":"https:\/\/neuvee.com\/pl\/wp-json\/wp\/v2\/types\/product"}],"replies":[{"embeddable":true,"href":"https:\/\/neuvee.com\/pl\/wp-json\/wp\/v2\/comments?post=683440"}],"wp:featuredmedia":[{"embeddable":true,"href":"https:\/\/neuvee.com\/pl\/wp-json\/wp\/v2\/media\/686606"}],"wp:attachment":[{"href":"https:\/\/neuvee.com\/pl\/wp-json\/wp\/v2\/media?parent=683440"}],"wp:term":[{"taxonomy":"product_cat","embeddable":true,"href":"https:\/\/neuvee.com\/pl\/wp-json\/wp\/v2\/product_cat?post=683440"},{"taxonomy":"product_tag","embeddable":true,"href":"https:\/\/neuvee.com\/pl\/wp-json\/wp\/v2\/product_tag?post=683440"}],"curies":[{"name":"wp","href":"https:\/\/api.w.org\/{rel}","templated":true}]}}