{"id":683439,"date":"2023-09-27T13:02:40","date_gmt":"2023-09-27T13:02:40","guid":{"rendered":"https:\/\/neuvee.com\/?post_type=product&#038;p=683439"},"modified":"2025-05-19T14:27:59","modified_gmt":"2025-05-19T14:27:59","slug":"overcooked-2-campfire-cook-off-4","status":"publish","type":"product","link":"https:\/\/neuvee.com\/pl\/product\/overcooked-2-campfire-cook-off-4\/","title":{"rendered":"OVERCOOKED 2! CAMPFIRE COOK OFF"},"content":{"rendered":"<p>Zbierzcie si\u0119 przy ognisku, \u017ceby poczu\u0107 smak s&#8217;more w Overcooked 2!<br \/>\nCzas na psoty przy ognisku i&nbsp;podr\u00f3\u017c przez lasy Kr\u00f3lestwa Cebuli. Do Kevina i&nbsp;Kr\u00f3la Cebulaka do\u0142\u0105cza 4 nowych kucharzy, kt\u00f3rzy doskonale znaj\u0105 si\u0119 na kuchni polowej \u2013 Kucharz Zwiadowca, Kucharz Nied\u017awied\u017a, Kucharz B\u00f3br i&nbsp;nosz\u0105cy okulary Kucharz Sowa.<br \/>\nB\u0119dzie trzeba r\u0105ba\u0107 drewno, by utrzyma\u0107 p\u0142on\u0105ce ogniska, gdy b\u0119dziesz przygotowywa\u0107 zdrowe \u015bniadanie lub&nbsp;smaczne s&#8217;more, pokonuj\u0105c 15 nowych poziom\u00f3w rozgrywaj\u0105cych si\u0119 w le\u015bnych obozowiskach. Ze wzgl\u0119du na nowe plecaki, kt\u00f3re zawieraj\u0105 sk\u0142adniki potrzebne zespo\u0142owi kucharzy do nakarmienia g\u0142odnych obozowicz\u00f3w, niezb\u0119dna b\u0119dzie kooperacja.<\/p>\n<p><\/p>","protected":false},"excerpt":{"rendered":"<p>Zbierzcie si\u0119 przy ognisku, \u017ceby poczu\u0107 smak s&#8217;more w Overcooked 2! Czas na psoty przy ognisku i&nbsp;podr\u00f3\u017c przez lasy Kr\u00f3lestwa Cebuli. Do Kevina i&nbsp;Kr\u00f3la Cebulaka do\u0142\u0105cza 4 nowych kucharzy, kt\u00f3rzy doskonale znaj\u0105 si\u0119 na kuchni polowej \u2013 Kucharz Zwiadowca, Kucharz Nied\u017awied\u017a, Kucharz B\u00f3br i&nbsp;nosz\u0105cy okulary Kucharz Sowa. B\u0119dzie trzeba r\u0105ba\u0107 drewno, by utrzyma\u0107 p\u0142on\u0105ce ogniska, [&hellip;]<\/p>\n","protected":false},"featured_media":686189,"comment_status":"closed","ping_status":"closed","template":"","meta":{"ub_ctt_via":""},"product_cat":[15],"product_tag":[218],"class_list":["post-683439","product","type-product","status-publish","has-post-thumbnail","hentry","product_cat-uncategorized","product_tag-games","platform-steam-works"],"_links":{"self":[{"href":"https:\/\/neuvee.com\/pl\/wp-json\/wp\/v2\/product\/683439","targetHints":{"allow":["GET"]}}],"collection":[{"href":"https:\/\/neuvee.com\/pl\/wp-json\/wp\/v2\/product"}],"about":[{"href":"https:\/\/neuvee.com\/pl\/wp-json\/wp\/v2\/types\/product"}],"replies":[{"embeddable":true,"href":"https:\/\/neuvee.com\/pl\/wp-json\/wp\/v2\/comments?post=683439"}],"wp:featuredmedia":[{"embeddable":true,"href":"https:\/\/neuvee.com\/pl\/wp-json\/wp\/v2\/media\/686189"}],"wp:attachment":[{"href":"https:\/\/neuvee.com\/pl\/wp-json\/wp\/v2\/media?parent=683439"}],"wp:term":[{"taxonomy":"product_cat","embeddable":true,"href":"https:\/\/neuvee.com\/pl\/wp-json\/wp\/v2\/product_cat?post=683439"},{"taxonomy":"product_tag","embeddable":true,"href":"https:\/\/neuvee.com\/pl\/wp-json\/wp\/v2\/product_tag?post=683439"}],"curies":[{"name":"wp","href":"https:\/\/api.w.org\/{rel}","templated":true}]}}