{"id":683435,"date":"2023-09-27T13:01:22","date_gmt":"2023-09-27T13:01:22","guid":{"rendered":"https:\/\/neuvee.com\/?post_type=product&#038;p=683435"},"modified":"2025-05-19T13:30:26","modified_gmt":"2025-05-19T13:30:26","slug":"overcooked-the-lost-morsel-2","status":"publish","type":"product","link":"https:\/\/neuvee.com\/pl\/product\/overcooked-the-lost-morsel-2\/","title":{"rendered":"OVERCOOKED &#8211; THE LOST MORSEL"},"content":{"rendered":"<p>*Aby uruchomi\u0107 t\u0119 zawarto\u015b\u0107, wymagana jest podstawowa wersja gry Overcooked.*<\/p>\n<p>Pakiet zawarto\u015bci Lost Morsel dla gry Overcooked kontynuuje szalon\u0105 kulinarn\u0105 przygod\u0119 kucharzy przez sze\u015b\u0107 nowych poziom\u00f3w kampanii rozgrywaj\u0105cych si\u0119 w egzotycznej d\u017cungli. Oferuje te\u017c now\u0105 maszyn\u0119 do poruszania si\u0119 po mapie \u015bwiata oraz&nbsp;sze\u015bciu nowych szef\u00f3w kuchni do odblokowania!<\/p>\n<p>&#8211; Sze\u015b\u0107 nowych poziom\u00f3w kampanii!<br \/>\n&#8211; Sze\u015bciu nowych szef\u00f3w kuchni do odblokowania!<br \/>\n&#8211; Nowa mapa \u015bwiata dost\u0119pna poprzez now\u0105 opcj\u0119 DLC<br \/>\n&#8211; Nowa maszyna \u2013 \u015bmig\u0142owiec umo\u017cliwiaj\u0105cy poruszanie si\u0119 po mapie \u015bwiata<br \/>\n&#8211; Nowy motyw wizualny w grze \u2013 \u201eD\u017cungla\u201d<br \/>\n<\/p>","protected":false},"excerpt":{"rendered":"<p>*Aby uruchomi\u0107 t\u0119 zawarto\u015b\u0107, wymagana jest podstawowa wersja gry Overcooked.* Pakiet zawarto\u015bci Lost Morsel dla gry Overcooked kontynuuje szalon\u0105 kulinarn\u0105 przygod\u0119 kucharzy przez sze\u015b\u0107 nowych poziom\u00f3w kampanii rozgrywaj\u0105cych si\u0119 w egzotycznej d\u017cungli. Oferuje te\u017c now\u0105 maszyn\u0119 do poruszania si\u0119 po mapie \u015bwiata oraz&nbsp;sze\u015bciu nowych szef\u00f3w kuchni do odblokowania! &#8211; Sze\u015b\u0107 nowych poziom\u00f3w kampanii! &#8211; Sze\u015bciu [&hellip;]<\/p>\n","protected":false},"featured_media":684350,"comment_status":"closed","ping_status":"closed","template":"","meta":{"ub_ctt_via":""},"product_cat":[250],"product_tag":[218],"class_list":["post-683435","product","type-product","status-publish","has-post-thumbnail","hentry","product_cat-cooking","product_tag-games","platform-steam-works"],"_links":{"self":[{"href":"https:\/\/neuvee.com\/pl\/wp-json\/wp\/v2\/product\/683435","targetHints":{"allow":["GET"]}}],"collection":[{"href":"https:\/\/neuvee.com\/pl\/wp-json\/wp\/v2\/product"}],"about":[{"href":"https:\/\/neuvee.com\/pl\/wp-json\/wp\/v2\/types\/product"}],"replies":[{"embeddable":true,"href":"https:\/\/neuvee.com\/pl\/wp-json\/wp\/v2\/comments?post=683435"}],"wp:featuredmedia":[{"embeddable":true,"href":"https:\/\/neuvee.com\/pl\/wp-json\/wp\/v2\/media\/684350"}],"wp:attachment":[{"href":"https:\/\/neuvee.com\/pl\/wp-json\/wp\/v2\/media?parent=683435"}],"wp:term":[{"taxonomy":"product_cat","embeddable":true,"href":"https:\/\/neuvee.com\/pl\/wp-json\/wp\/v2\/product_cat?post=683435"},{"taxonomy":"product_tag","embeddable":true,"href":"https:\/\/neuvee.com\/pl\/wp-json\/wp\/v2\/product_tag?post=683435"}],"curies":[{"name":"wp","href":"https:\/\/api.w.org\/{rel}","templated":true}]}}