{"id":680747,"date":"2023-09-26T12:43:59","date_gmt":"2023-09-26T12:43:59","guid":{"rendered":"https:\/\/neuvee.com\/?post_type=product&#038;p=680747"},"modified":"2025-05-19T13:47:48","modified_gmt":"2025-05-19T13:47:48","slug":"neon-abyss-lovable-rogues-3","status":"publish","type":"product","link":"https:\/\/neuvee.com\/pl\/product\/neon-abyss-lovable-rogues-3\/","title":{"rendered":"NEON ABYSS &#8211; LOVABLE ROGUES"},"content":{"rendered":"<p>Dodaj do swojej dru\u017cyny dwie nowe, barwne postacie dysponuj\u0105ce wyj\u0105tkowymi zdolno\u015bciami, aby uderzy\u0107 na Abyss i&nbsp;powali\u0107 nowych bog\u00f3w na kolana! <\/p>\n<p>*Saya\u00a0*<br \/>\nSaya jest efektem eksperyment\u00f3w prowadzonych przez Titan Corp. Walczy katan\u0105 i&nbsp;rozprawia si\u0119 z&nbsp;wrogami pot\u0119\u017cnymi ciosami miecza.\u00a0<\/p>\n<p>*Amir\u00a0*<br \/>\nKolejny cz\u0142onek dru\u017cyny, kt\u00f3ry by\u0142 poddawany nieetycznym eksperymentom przez Titan Corp. Amir wspomaga Say\u0119 w walce pot\u0119\u017cnymi mocami swego umys\u0142u, aby podbi\u0107 Abyss.\u00a0<\/p>","protected":false},"excerpt":{"rendered":"<p>Dodaj do swojej dru\u017cyny dwie nowe, barwne postacie dysponuj\u0105ce wyj\u0105tkowymi zdolno\u015bciami, aby uderzy\u0107 na Abyss i&nbsp;powali\u0107 nowych bog\u00f3w na kolana! *Saya\u00a0* Saya jest efektem eksperyment\u00f3w prowadzonych przez Titan Corp. Walczy katan\u0105 i&nbsp;rozprawia si\u0119 z&nbsp;wrogami pot\u0119\u017cnymi ciosami miecza.\u00a0 *Amir\u00a0* Kolejny cz\u0142onek dru\u017cyny, kt\u00f3ry by\u0142 poddawany nieetycznym eksperymentom przez Titan Corp. Amir wspomaga Say\u0119 w walce pot\u0119\u017cnymi [&hellip;]<\/p>\n","protected":false},"featured_media":687512,"comment_status":"closed","ping_status":"closed","template":"","meta":{"ub_ctt_via":""},"product_cat":[15],"product_tag":[218],"class_list":["post-680747","product","type-product","status-publish","has-post-thumbnail","hentry","product_cat-uncategorized","product_tag-games","platform-steam-works"],"_links":{"self":[{"href":"https:\/\/neuvee.com\/pl\/wp-json\/wp\/v2\/product\/680747","targetHints":{"allow":["GET"]}}],"collection":[{"href":"https:\/\/neuvee.com\/pl\/wp-json\/wp\/v2\/product"}],"about":[{"href":"https:\/\/neuvee.com\/pl\/wp-json\/wp\/v2\/types\/product"}],"replies":[{"embeddable":true,"href":"https:\/\/neuvee.com\/pl\/wp-json\/wp\/v2\/comments?post=680747"}],"wp:featuredmedia":[{"embeddable":true,"href":"https:\/\/neuvee.com\/pl\/wp-json\/wp\/v2\/media\/687512"}],"wp:attachment":[{"href":"https:\/\/neuvee.com\/pl\/wp-json\/wp\/v2\/media?parent=680747"}],"wp:term":[{"taxonomy":"product_cat","embeddable":true,"href":"https:\/\/neuvee.com\/pl\/wp-json\/wp\/v2\/product_cat?post=680747"},{"taxonomy":"product_tag","embeddable":true,"href":"https:\/\/neuvee.com\/pl\/wp-json\/wp\/v2\/product_tag?post=680747"}],"curies":[{"name":"wp","href":"https:\/\/api.w.org\/{rel}","templated":true}]}}