{"id":680743,"date":"2023-09-26T12:42:33","date_gmt":"2023-09-26T12:42:33","guid":{"rendered":"https:\/\/neuvee.com\/?post_type=product&#038;p=680743"},"modified":"2025-05-19T14:03:39","modified_gmt":"2025-05-19T14:03:39","slug":"neon-abyss-6","status":"publish","type":"product","link":"https:\/\/neuvee.com\/pl\/product\/neon-abyss-6\/","title":{"rendered":"NEON ABYSS"},"content":{"rendered":"<p>Neon Abyss to szalona platform\u00f3wka roguelike. Ruszasz w niej do \u015bwiata Abyss jako cz\u0142onek Grim Squadu, dru\u017cyny stworzonej przez Hadesa. Gra ma nieograniczone synergie przedmiot\u00f3w i&nbsp;wyj\u0105tkowy system rozwoju loch\u00f3w. Ka\u017cde podej\u015bcie urozmaica doznania, ka\u017cdy wyb\u00f3r zmienia zasady. Przygotuj si\u0119, aby rozp\u0119ta\u0107 piek\u0142o!<\/p>\n<p>*O grze*<br \/>\nPo\u0142\u0105czenie dzikiej strzelanki oraz&nbsp;g\u0142\u0119bokiej mechaniki roguelike. W Neon Abyss wcielasz si\u0119 w cz\u0142onka Grim Squadu \u2013 grupy do zada\u0144 specjalnych stworzonej przez samego Hadesa, kt\u00f3rej zadaniem jest wnikni\u0119cie do \u015bwiata Abyss i&nbsp;pokonanie Nowych Bog\u00f3w. \u015amier\u0107 to nie koniec. Gin\u0105c, ci\u0105gle ro\u015bniesz w si\u0142\u0119.<\/p>\n<p>*Rozwijaj\u0105ce si\u0119 lochy*<br \/>\nZ ka\u017cdym podej\u015bciem b\u0119dziesz odblokowywa\u0107 nowe komnaty, przedmioty, boss\u00f3w, zasady specjalne, a&nbsp;nawet zako\u0144czenia! Oznacza to, \u017ce ka\u017cdy loch jest unikatowy i&nbsp;dopasowuje si\u0119 do twojego stylu gry.<\/p>\n<p>*Nieograniczone synergie przedmiot\u00f3w*<br \/>\nW miar\u0119 dokonywania post\u0119p\u00f3w kluczem do wnikni\u0119cia do \u015bwiata Abyss b\u0119d\u0105 losowe przedmioty, zapewniaj\u0105ce kumuluj\u0105ce si\u0119 efekty. Liczba efekt\u00f3w jest nieograniczona, wi\u0119c&nbsp;istnieje mn\u00f3stwo kombinacji, kt\u00f3re urozmaic\u0105 ka\u017cde podej\u015bcie.<\/p>\n<p>*Rozwijaj wyklute zwierzaki*<br \/>\nJe\u015bli w czasie wyprawy w g\u0142\u0105b Abyssu b\u0119dzie ci potrzebna dodatkowa si\u0142a ra\u017cenia, czy towarzystwo, odszukaj jaja. Wykluwaj\u0105 si\u0119 z&nbsp;nich losowe zwierzaki, kt\u00f3re posiadaj\u0105 zdolno\u015bci i&nbsp;rozwijaj\u0105 si\u0119, gdy pozostajesz przy \u017cyciu. <\/p>\n<p>*Minigry*<br \/>\nZr\u00f3b sobie przerw\u0119 od wybijania wrog\u00f3w i&nbsp;we\u017a udzia\u0142 w losowych minigrach, zdobywaj\u0105c troch\u0119 skarb\u00f3w! Zajmij si\u0119 m.in. gr\u0105 na pianinie, wyzwaniem medytacji lub&nbsp;konkursem ta\u0144ca. Utrzymanie si\u0119 przy \u017cyciu sta\u0142o si\u0119 o&nbsp;wiele ciekawsze.<\/p>","protected":false},"excerpt":{"rendered":"<p>Neon Abyss to szalona platform\u00f3wka roguelike. Ruszasz w niej do \u015bwiata Abyss jako cz\u0142onek Grim Squadu, dru\u017cyny stworzonej przez Hadesa. Gra ma nieograniczone synergie przedmiot\u00f3w i&nbsp;wyj\u0105tkowy system rozwoju loch\u00f3w. Ka\u017cde podej\u015bcie urozmaica doznania, ka\u017cdy wyb\u00f3r zmienia zasady. Przygotuj si\u0119, aby rozp\u0119ta\u0107 piek\u0142o! *O grze* Po\u0142\u0105czenie dzikiej strzelanki oraz&nbsp;g\u0142\u0119bokiej mechaniki roguelike. W Neon Abyss wcielasz si\u0119 [&hellip;]<\/p>\n","protected":false},"featured_media":687513,"comment_status":"closed","ping_status":"closed","template":"","meta":{"ub_ctt_via":""},"product_cat":[225,88,127,221],"product_tag":[218],"class_list":["post-680743","product","type-product","status-publish","has-post-thumbnail","hentry","product_cat-role-playing","product_cat-action","product_cat-adventure","product_cat-indie","product_tag-games","platform-steam-works"],"_links":{"self":[{"href":"https:\/\/neuvee.com\/pl\/wp-json\/wp\/v2\/product\/680743","targetHints":{"allow":["GET"]}}],"collection":[{"href":"https:\/\/neuvee.com\/pl\/wp-json\/wp\/v2\/product"}],"about":[{"href":"https:\/\/neuvee.com\/pl\/wp-json\/wp\/v2\/types\/product"}],"replies":[{"embeddable":true,"href":"https:\/\/neuvee.com\/pl\/wp-json\/wp\/v2\/comments?post=680743"}],"wp:featuredmedia":[{"embeddable":true,"href":"https:\/\/neuvee.com\/pl\/wp-json\/wp\/v2\/media\/687513"}],"wp:attachment":[{"href":"https:\/\/neuvee.com\/pl\/wp-json\/wp\/v2\/media?parent=680743"}],"wp:term":[{"taxonomy":"product_cat","embeddable":true,"href":"https:\/\/neuvee.com\/pl\/wp-json\/wp\/v2\/product_cat?post=680743"},{"taxonomy":"product_tag","embeddable":true,"href":"https:\/\/neuvee.com\/pl\/wp-json\/wp\/v2\/product_tag?post=680743"}],"curies":[{"name":"wp","href":"https:\/\/api.w.org\/{rel}","templated":true}]}}