{"id":680734,"date":"2023-09-26T12:40:13","date_gmt":"2023-09-26T12:40:13","guid":{"rendered":"https:\/\/neuvee.com\/?post_type=product&#038;p=680734"},"modified":"2025-05-19T13:40:31","modified_gmt":"2025-05-19T13:40:31","slug":"narita-boy-7","status":"publish","type":"product","link":"https:\/\/neuvee.com\/pl\/product\/narita-boy-7\/","title":{"rendered":"NARITA BOY"},"content":{"rendered":"<p>*+Fabu\u0142a +*<br \/>\nPowr\u00f3t do lat 80. The Creator \u2014 genialny wynalazca tamtych czas\u00f3w \u2014 tworzy konsol\u0119 do gier o&nbsp;nazwie Narita One oraz&nbsp;flagow\u0105 gr\u0119 zatytu\u0142owan\u0105 Narita Boy. <\/p>\n<p>Narita Boy bije rekordy popularno\u015bci na ca\u0142ym \u015bwiecie! Kartrid\u017ce z&nbsp;gr\u0105 znikaj\u0105 z&nbsp;p\u00f3\u0142ek w ekspresowym tempie. W ci\u0105gu kilku tygodni Narita Boy wspina si\u0119 na szczyty ranking\u00f3w najlepiej sprzedaj\u0105cych si\u0119 gier wszech czas\u00f3w, a&nbsp;krytycy rozp\u0142ywaj\u0105 si\u0119 w zachwytach nad fabu\u0142\u0105 fantasy, bohaterem w\u0142adaj\u0105cym broni\u0105 Techno-sword i&nbsp;rozgrywk\u0105, kt\u00f3ra zabiera graczy w niezapomnian\u0105 podr\u00f3\u017c.<\/p>\n<p>Tymczasem w kodzie binauralnym dochodzi do po\u0142\u0105czenia wymiaru cyfrowego z&nbsp;rzeczywisto\u015bci\u0105. Him powraca i&nbsp;usuwa wspomnienia tw\u00f3rcy gry. Program nadzoruj\u0105cy, Motherboard, oraz&nbsp;jego agenci, aktywuj\u0105 protok\u00f3\u0142 Narita Boy. <\/p>\n<p>Pojawiaj\u0105 si\u0119 zast\u0119py Stallion\u00f3w, a&nbsp;wymiar Digital Kingdom potrzebuje bohatera. <\/p>\n<p>*+Gra +*<br \/>\nPoznaj symfoni\u0119 Narita Boy! W pe\u0142nej dramatyzmu grze przygodowo-zr\u0119czno\u015bciowej wciel si\u0119 w rol\u0119 legendarnego bohatera uwi\u0119zionego jako cyfrowe echo w pikselowym wymiarze Digital Kingdom. Odkryj tajemnic\u0119 broni Techno-sword, podejmij walk\u0119 z&nbsp;zast\u0119pami zdeprawowanych wrog\u00f3w \u2014 Stallion\u00f3w i&nbsp;ocal \u015bwiat! <\/p>\n<p>Pikselowy perfekcjonizm \u2014 dzie\u0142o perfekcjonisty przyci\u0105gaj\u0105ce wzrok niczym l\u015bnienie. Daj si\u0119 porwa\u0107 grafice w stylu retro o\u017cywionej dzi\u0119ki r\u0119cznie rysowanym animacjom. <\/p>\n<p>Poznaj tajemnice wymiaru Digital Kingdom \u2014 w\u0119druj w g\u00f3r\u0119, w d\u00f3\u0142, w lewo i&nbsp;w prawo, odkrywaj\u0105c najmroczniejsze g\u0142\u0119biny uszkodzonego kodu binarnego w tej nieko\u0144cz\u0105cej si\u0119 opowie\u015bci*. <\/p>\n<p>W\u0119druj w\u015br\u00f3d \u015bwiat\u00f3w Trichroma \u2014 chwy\u0107 Techno-sword, jedyn\u0105 bro\u0144 zdoln\u0105 pokona\u0107 Stallion\u00f3w, i&nbsp;przebijaj ni\u0105 cyfrowe serca wrog\u00f3w. Cho\u0107 to imperium kontratakuje, musisz je pokona\u0107 jak prawdziwy \u0142owca android\u00f3w. <\/p>\n<p>\u015awietnie zorganizowani wrogowie \u2014 zmierz si\u0119 z&nbsp;przeciwnikami z&nbsp;najmroczniejszych delirycznych sn\u00f3w. <\/p>\n<p>Starcia z&nbsp;cyfrowymi bossami \u2014 zab\u00f3jcza bro\u0144 pomo\u017ce ci w walce z&nbsp;mn\u00f3stwem totalnie odlotowych boss\u00f3w. Eliminuj ich jak terminator. Do pokonania jest Deadly Crab, DragonBot, Black Rainbow i&nbsp;wielu, wielu innych!<\/p>\n<p>D\u017awi\u0119ki przenosz\u0105ce w czasy retro \u2014 poczuj fale syntezatorowych d\u017awi\u0119k\u00f3w omywaj\u0105ce ci\u0119 podczas w\u0119dr\u00f3wek w wymiarze Digital Kingdom. Porywaj\u0105ce rytmy zapewni\u0105 ci powr\u00f3t do przysz\u0142o\u015bci. <\/p>\n<p>*akurat ta opowie\u015b\u0107 ma zako\u0144czenie. <\/p>","protected":false},"excerpt":{"rendered":"<p>*+Fabu\u0142a +* Powr\u00f3t do lat 80. The Creator \u2014 genialny wynalazca tamtych czas\u00f3w \u2014 tworzy konsol\u0119 do gier o&nbsp;nazwie Narita One oraz&nbsp;flagow\u0105 gr\u0119 zatytu\u0142owan\u0105 Narita Boy. Narita Boy bije rekordy popularno\u015bci na ca\u0142ym \u015bwiecie! Kartrid\u017ce z&nbsp;gr\u0105 znikaj\u0105 z&nbsp;p\u00f3\u0142ek w ekspresowym tempie. W ci\u0105gu kilku tygodni Narita Boy wspina si\u0119 na szczyty ranking\u00f3w najlepiej sprzedaj\u0105cych si\u0119 [&hellip;]<\/p>\n","protected":false},"featured_media":687514,"comment_status":"closed","ping_status":"closed","template":"","meta":{"ub_ctt_via":""},"product_cat":[226,127,221],"product_tag":[218],"class_list":["post-680734","product","type-product","status-publish","has-post-thumbnail","hentry","product_cat-puzzle","product_cat-adventure","product_cat-indie","product_tag-games","platform-steam-works"],"_links":{"self":[{"href":"https:\/\/neuvee.com\/pl\/wp-json\/wp\/v2\/product\/680734","targetHints":{"allow":["GET"]}}],"collection":[{"href":"https:\/\/neuvee.com\/pl\/wp-json\/wp\/v2\/product"}],"about":[{"href":"https:\/\/neuvee.com\/pl\/wp-json\/wp\/v2\/types\/product"}],"replies":[{"embeddable":true,"href":"https:\/\/neuvee.com\/pl\/wp-json\/wp\/v2\/comments?post=680734"}],"wp:featuredmedia":[{"embeddable":true,"href":"https:\/\/neuvee.com\/pl\/wp-json\/wp\/v2\/media\/687514"}],"wp:attachment":[{"href":"https:\/\/neuvee.com\/pl\/wp-json\/wp\/v2\/media?parent=680734"}],"wp:term":[{"taxonomy":"product_cat","embeddable":true,"href":"https:\/\/neuvee.com\/pl\/wp-json\/wp\/v2\/product_cat?post=680734"},{"taxonomy":"product_tag","embeddable":true,"href":"https:\/\/neuvee.com\/pl\/wp-json\/wp\/v2\/product_tag?post=680734"}],"curies":[{"name":"wp","href":"https:\/\/api.w.org\/{rel}","templated":true}]}}