{"id":680587,"date":"2023-09-26T12:28:16","date_gmt":"2023-09-26T12:28:16","guid":{"rendered":"https:\/\/neuvee.com\/?post_type=product&#038;p=680587"},"modified":"2025-05-19T13:36:56","modified_gmt":"2025-05-19T13:36:56","slug":"moving-out-2-deluxe-edition-4","status":"publish","type":"product","link":"https:\/\/neuvee.com\/pl\/product\/moving-out-2-deluxe-edition-4\/","title":{"rendered":"MOVING OUT 2 &#8211; DELUXE EDITION"},"content":{"rendered":"<p>Jest tu ca\u0142a ekipa, w tym kilkoro znakomitych nowych kandydat\u00f3w w pakiecie The F.A.R.Tastic 4! Odn\u00f3w swoj\u0105 licencj\u0119 specjalisty ds. aran\u017cacji i&nbsp;relokacji umeblowania wraz z&nbsp;szeregiem nowych pracownik\u00f3w. Rozkr\u0119\u0107 swoj\u0105 now\u0105 karier\u0119 w wielkim stylu.<br \/>\nPakiet The F.A.R.Tastic 4 dodaje 4 nowych, ochoczych spec\u00f3w od przeprowadzek do kadry Smooth Moves, dzi\u0119ki czemu mo\u017cesz popisa\u0107 si\u0119 swoj\u0105 sprawno\u015bci\u0105 w przenoszeniu mebli jako Chum, Bastian, Hootacris i&nbsp;Cera Topps w ca\u0142ym Packmore i&nbsp;jeszcze dalej.<br \/>\nDigital Deluxe Edition (PC Exclusive)<br \/>\nThere&#8217;s no better way to move than with the Digital Deluxe Edition of Moving Out 2.<br \/>\nIncludes:<\/p>\n<p>&#8211; Moving Out 2 base game<\/p>\n<p>&#8211; The Art &#038; Design of Moving Out 2: A 250+ page digital art book<\/p>\n<p>&#8211; Jumbo Super Silly Activity Book: A digital kids activity book<\/p>\n<p>&#8211; Behind the Scenes Commentary: Over 4 hrs of behind-the-scenes commentary on the making of Moving Out 2 from SMG, Brad Gentle the composer and Sub Zero the sound design team<\/p>\n<p>&#8211; 3D Printable Models: Print your own movers<\/p>\n<p>&#8211; Soundtrack: 24 Original Tracks composed for the game<br \/>\nWISHLIST NOW!<br \/>\nInformacje o\u00a0grze<br \/>\nMoving Out 2 to szalona kontynuacja \u015bwiatowej s\u0142awy symulatora przeprowadzek, opartego na zasadach fizyki. Za\u0142\u00f3\u017c uniform Smooth Moves i, pracuj\u0105c jako specjalista ds. aran\u017cacji i&nbsp;relokacji umeblowania w pojedynk\u0119 lub&nbsp;nawet z&nbsp;tr\u00f3jk\u0105 znajomych, pom\u00f3\u017c przeprowadzi\u0107 si\u0119 mieszka\u0144com Packmore i&nbsp;innych miejsc!<br \/>\nWIELOWYMIAROWY LOKALNY I INTERNETOWY TRYB WIELOOSOBOWY<br \/>\nPakuj z&nbsp;paczk\u0105 znajomych! Nawi\u0105\u017c wsp\u00f3\u0142prac\u0119 z&nbsp;innymi specami od przeprowadzek w lokalnym trybie wieloosobowym lub&nbsp;mi\u0119dzyplatformowym trybie gry wieloosobowej online!<br \/>\nNOWA PRZYGODA<br \/>\nNie jeste\u015bmy ju\u017c w Packmore\u2026 Podr\u00f3\u017cuj\u0105c przez mi\u0119dzywymiarowe portale, b\u0119dziesz odkrywa\u0107 nowe \u015bwiaty pe\u0142ne szalonych wyzwa\u0144 i&nbsp;chaotycznej, przezabawnej akcji.<br \/>\nNOWI BOHATEROWIE I POWR\u00d3T STARYCH WYJADACZY<br \/>\nFirma Smooth Moves zatrudni\u0142a dodatkowych specjalist\u00f3w ds. aran\u017cacji i&nbsp;relokacji umeblowania, wi\u0119c&nbsp;w Moving Out 2 spotkasz ca\u0142\u0105 plejad\u0119 nowych przesympatycznych postaci! Ale bez obaw \u2013 Rye Yu i&nbsp;Sidney wci\u0105\u017c pracuj\u0105 w firmie\u2026<br \/>\nGRA DLA WSZYSTKICH!<br \/>\nTryb wspomagania?! Tak jest! Szeroka gama opcji dost\u0119pno\u015bci?! Oczywi\u015bcie! Mn\u00f3stwo postaci, pi\u0119knych stroj\u00f3w i&nbsp;sk\u00f3rek dla mi\u0142o\u015bnik\u00f3w mody?! NATURALNIE!<\/p>\n<p><\/p>","protected":false},"excerpt":{"rendered":"<p>Jest tu ca\u0142a ekipa, w tym kilkoro znakomitych nowych kandydat\u00f3w w pakiecie The F.A.R.Tastic 4! Odn\u00f3w swoj\u0105 licencj\u0119 specjalisty ds. aran\u017cacji i&nbsp;relokacji umeblowania wraz z&nbsp;szeregiem nowych pracownik\u00f3w. Rozkr\u0119\u0107 swoj\u0105 now\u0105 karier\u0119 w wielkim stylu. Pakiet The F.A.R.Tastic 4 dodaje 4 nowych, ochoczych spec\u00f3w od przeprowadzek do kadry Smooth Moves, dzi\u0119ki czemu mo\u017cesz popisa\u0107 si\u0119 swoj\u0105 [&hellip;]<\/p>\n","protected":false},"featured_media":682451,"comment_status":"closed","ping_status":"closed","template":"","meta":{"ub_ctt_via":""},"product_cat":[88,223,221,78],"product_tag":[218],"class_list":["post-680587","product","type-product","status-publish","has-post-thumbnail","hentry","product_cat-action","product_cat-casual","product_cat-indie","product_cat-simulation","product_tag-games","platform-steam-works"],"_links":{"self":[{"href":"https:\/\/neuvee.com\/pl\/wp-json\/wp\/v2\/product\/680587","targetHints":{"allow":["GET"]}}],"collection":[{"href":"https:\/\/neuvee.com\/pl\/wp-json\/wp\/v2\/product"}],"about":[{"href":"https:\/\/neuvee.com\/pl\/wp-json\/wp\/v2\/types\/product"}],"replies":[{"embeddable":true,"href":"https:\/\/neuvee.com\/pl\/wp-json\/wp\/v2\/comments?post=680587"}],"wp:featuredmedia":[{"embeddable":true,"href":"https:\/\/neuvee.com\/pl\/wp-json\/wp\/v2\/media\/682451"}],"wp:attachment":[{"href":"https:\/\/neuvee.com\/pl\/wp-json\/wp\/v2\/media?parent=680587"}],"wp:term":[{"taxonomy":"product_cat","embeddable":true,"href":"https:\/\/neuvee.com\/pl\/wp-json\/wp\/v2\/product_cat?post=680587"},{"taxonomy":"product_tag","embeddable":true,"href":"https:\/\/neuvee.com\/pl\/wp-json\/wp\/v2\/product_tag?post=680587"}],"curies":[{"name":"wp","href":"https:\/\/api.w.org\/{rel}","templated":true}]}}