{"id":680577,"date":"2023-09-26T12:23:58","date_gmt":"2023-09-26T12:23:58","guid":{"rendered":"https:\/\/neuvee.com\/?post_type=product&#038;p=680577"},"modified":"2025-05-19T13:38:58","modified_gmt":"2025-05-19T13:38:58","slug":"moving-out-movers-in-paradise","status":"publish","type":"product","link":"https:\/\/neuvee.com\/pl\/product\/moving-out-movers-in-paradise\/","title":{"rendered":"MOVING OUT &#8211; MOVERS IN PARADISE"},"content":{"rendered":"<p>Spakuj torby i&nbsp;nie zapomnij zabra\u0107 paszportu przeprowadzkowicza! Ruszamy na integracyjny weekend na wyspie Packmore! <\/p>\n<p>Witaj w Raju przeprowadzek \u2014 najnowszym dodatku do gry Moving Out: Szalone Przeprowadzki.<br \/>\n{STEAM_APP_IMAGE}\/extras\/Levels_Steam.gif<br \/>\nPrzejd\u017a 24 nowe, pe\u0142ne przyg\u00f3d poziomy w tropikach, aby rozwi\u0105za\u0107 zagadk\u0119 legendarnego \u201etransportu wszech czas\u00f3w\u201d!<\/p>\n<p>Odkryj nowe szalone zasady gry, przeszkody i&nbsp;przeciwnik\u00f3w, kt\u00f3rzy przetestuj\u0105 Twoje umiej\u0119tno\u015bci przeprowadzkowe i&nbsp;komunikacyjne.<\/p>\n<p>Pomog\u0105 Ci w tym czterej nowi specjali\u015bci ds. przeprowadzek: Tooki, Gilly, Coco i&nbsp;Clawdius, kt\u00f3rymi mo\u017cna te\u017c gra\u0107 na poziomach podstawowej wersji gry!<\/p>\n<p>Tooki: \u201eCo dwie ta\u015bmy klej\u0105ce to nie jedna!\u201d \u2014 to motto Tooki. Zawsze ch\u0119tnie przyjmuje nowych pracownik\u00f3w pod swoje skrzyd\u0142a i&nbsp;sprawia, \u017ce zesp\u00f3\u0142 wznosi si\u0119 na wy\u017cyny swoich mo\u017cliwo\u015bci. Tylko nie stawiaj jej obiadu \u2014 jej rachunek jest zawsze ogromny!<\/p>\n<p>Coco: Coco to ci\u0119\u017cki orzech do zgryzienia. Dorasta\u0142 razem ze swoimi pi\u0119\u0107dziesi\u0119cioma g\u0142o\u015bnymi bra\u0107mi i&nbsp;dlatego ceni sobie ciche i&nbsp;samotne wieczory na pla\u017cy w towarzystwie wy\u0142\u0105cznie w\u0142asnych my\u015bli i&nbsp;kolekcji znaczk\u00f3w. Ale je\u017celi nawi\u0105\u017cesz z&nbsp;nim rozmow\u0119 o&nbsp;egzotycznych meblach, natychmiast si\u0119 otworzy!<\/p>\n<p>Gilly: Tego kwiatu jest p\u00f3\u0142 \u015bwiatu, ale trudno by\u0142oby znale\u017a\u0107 drug\u0105 Gilly! Pochodzi z&nbsp;rodziny kr\u00f3lewskiej, ale uciek\u0142a ze swojego zamku z&nbsp;piasku, aby realizowa\u0107 marzenia o&nbsp;organizowaniu przeprowadzek. A przynajmniej tak\u0105 historyjk\u0119 sprzedaje wszystkim zainteresowanym przy automacie z&nbsp;napojami. Trudno powiedzie\u0107, ile w tym prawdy&#8230;<\/p>\n<p>Clawdius: Ten wiecznie zaj\u0119ty administrator uwielbia papierologi\u0119 i&nbsp;podpisywanie formularzy, ale gdy w ko\u0144cu s\u0105 do przeniesienia jakie\u015b kartony, Clawdius jest pierwszy do pomocy! W nocy uwielbia wylicza\u0107 wszystkie konstelacje gwiazd na niebie.<\/p>\n<p>Zapnij pasy, nasmaruj si\u0119 kremem do opalania i&nbsp;ruszaj na wysp\u0119 Packmore do Raju przeprowadzek!<\/p>","protected":false},"excerpt":{"rendered":"<p>Spakuj torby i&nbsp;nie zapomnij zabra\u0107 paszportu przeprowadzkowicza! Ruszamy na integracyjny weekend na wyspie Packmore! Witaj w Raju przeprowadzek \u2014 najnowszym dodatku do gry Moving Out: Szalone Przeprowadzki. {STEAM_APP_IMAGE}\/extras\/Levels_Steam.gif Przejd\u017a 24 nowe, pe\u0142ne przyg\u00f3d poziomy w tropikach, aby rozwi\u0105za\u0107 zagadk\u0119 legendarnego \u201etransportu wszech czas\u00f3w\u201d! Odkryj nowe szalone zasady gry, przeszkody i&nbsp;przeciwnik\u00f3w, kt\u00f3rzy przetestuj\u0105 Twoje umiej\u0119tno\u015bci przeprowadzkowe [&hellip;]<\/p>\n","protected":false},"featured_media":687515,"comment_status":"closed","ping_status":"closed","template":"","meta":{"ub_ctt_via":""},"product_cat":[88,223,221,78],"product_tag":[218],"class_list":["post-680577","product","type-product","status-publish","has-post-thumbnail","hentry","product_cat-action","product_cat-casual","product_cat-indie","product_cat-simulation","product_tag-games","platform-steam-works"],"_links":{"self":[{"href":"https:\/\/neuvee.com\/pl\/wp-json\/wp\/v2\/product\/680577","targetHints":{"allow":["GET"]}}],"collection":[{"href":"https:\/\/neuvee.com\/pl\/wp-json\/wp\/v2\/product"}],"about":[{"href":"https:\/\/neuvee.com\/pl\/wp-json\/wp\/v2\/types\/product"}],"replies":[{"embeddable":true,"href":"https:\/\/neuvee.com\/pl\/wp-json\/wp\/v2\/comments?post=680577"}],"wp:featuredmedia":[{"embeddable":true,"href":"https:\/\/neuvee.com\/pl\/wp-json\/wp\/v2\/media\/687515"}],"wp:attachment":[{"href":"https:\/\/neuvee.com\/pl\/wp-json\/wp\/v2\/media?parent=680577"}],"wp:term":[{"taxonomy":"product_cat","embeddable":true,"href":"https:\/\/neuvee.com\/pl\/wp-json\/wp\/v2\/product_cat?post=680577"},{"taxonomy":"product_tag","embeddable":true,"href":"https:\/\/neuvee.com\/pl\/wp-json\/wp\/v2\/product_tag?post=680577"}],"curies":[{"name":"wp","href":"https:\/\/api.w.org\/{rel}","templated":true}]}}