{"id":680576,"date":"2023-09-26T12:23:39","date_gmt":"2023-09-26T12:23:39","guid":{"rendered":"https:\/\/neuvee.com\/?post_type=product&#038;p=680576"},"modified":"2025-05-19T13:26:02","modified_gmt":"2025-05-19T13:26:02","slug":"moving-out-6","status":"publish","type":"product","link":"https:\/\/neuvee.com\/pl\/product\/moving-out-6\/","title":{"rendered":"MOVING OUT"},"content":{"rendered":"<p>Moving Out to zwariowany symulator przeprowadzki oparty na zasadach fizyki, w kt\u00f3rym \u201ekanapowa wsp\u00f3\u0142praca\u201d nabiera nowego znaczenia!<\/p>\n<p>Chcesz spr\u00f3bowa\u0107 si\u0142 w biznesie przeprowadzkowym? Jako \u015bwie\u017co upieczony specjalista do spraw aran\u017cacji i&nbsp;relokacji umeblowania przyjmujesz zlecenia sp\u0142ywaj\u0105ce z&nbsp;ca\u0142ego t\u0119tni\u0105cego \u017cyciem miasta Packmore. Smooth Moves nie jest wprawdzie najwi\u0119ksz\u0105 firm\u0105 przeprowadzkow\u0105, ale jej ambitni pracownicy podejm\u0105 si\u0119 ka\u017cdego, nawet najdziwniejszego zadania. Rozwijaj firm\u0119, zatrudniaj barwne postacie i&nbsp;ratuj mieszka\u0144c\u00f3w miasta z&nbsp;meblowych tarapat\u00f3w!<\/p>\n<p>Wsp\u00f3\u0142praca!<br \/>\nMo\u017cesz gra\u0107 w trybie fabularnym w pojedynk\u0119 jako niezale\u017cny przedsi\u0119biorca lub&nbsp;nawi\u0105za\u0107 wsp\u00f3\u0142prac\u0119 ze znajomymi. Na kanapie mo\u017ce zasi\u0105\u015b\u0107 do czterech graczy, aby spiera\u0107 si\u0119 w kwestii najskuteczniejszych sposob\u00f3w przenoszenia kanap. To b\u0119dzie prawdziwa pr\u00f3ba umiej\u0119tno\u015bci i&nbsp;\u0142\u0105cz\u0105cej Was przyja\u017ani!<\/p>\n<p>Fizyka!<br \/>\nDrzwi i&nbsp;okna utrudniaj\u0105 Ci przenoszenie mebli? Przedzieraj si\u0119 przez nie, korzystaj\u0105c z&nbsp;praw fizyki! Podno\u015b, rzucaj i&nbsp;rozwalaj stoj\u0105ce na drodze przeszkody, aby uzyska\u0107 najlepszy czas!<\/p>\n<p>Akcja!<br \/>\nZdob\u0105d\u017a pierwsze szlify na kolejnych, coraz bardziej niebezpiecznych i&nbsp;zwariowanych zleceniach przeprowadzkowych. Przeniesienie \u0142\u00f3\u017cka z&nbsp;punktu A do punktu B nigdy nie odbywa si\u0119 po linii prostej, wi\u0119c&nbsp;zapomnij o&nbsp;nudnej teorii i&nbsp;postaw na kreatywno\u015b\u0107!<\/p>\n<p>Przygoda!<br \/>\nPocz\u0105tki ka\u017cdej firmy przeprowadzkowej s\u0105 skromne, jednak&nbsp;wraz ze wzrostem reputacji pracujesz dla coraz lepszych klient\u00f3w. Poznawaj senne przedmie\u015bcia, zwariowane gospodarstwa rolne, nawiedzone domy, rzeczywisto\u015b\u0107 wirtualn\u0105 oraz&nbsp;za\u015bwiaty!<\/p>\n<p>Postacie!<br \/>\nZatrudniaj wyj\u0105tkowe, barwne postacie, z&nbsp;kt\u00f3rych ka\u017cda przejawia zami\u0142owanie do pracy fizycznej!<\/p>\n<p>Tryb wspomagania!<br \/>\nDopiero zaczynasz? Nie ma problemu! Poziom trudno\u015bci gry mo\u017cna dostosowa\u0107 do mo\u017cliwo\u015bci graczy! Nie zwlekaj! Skrzyknij znajomych i&nbsp;stw\u00f3rzcie razem szanowan\u0105 firm\u0119 przeprowadzkow\u0105 w grze Moving Out!<\/p>","protected":false},"excerpt":{"rendered":"<p>Moving Out to zwariowany symulator przeprowadzki oparty na zasadach fizyki, w kt\u00f3rym \u201ekanapowa wsp\u00f3\u0142praca\u201d nabiera nowego znaczenia! Chcesz spr\u00f3bowa\u0107 si\u0142 w biznesie przeprowadzkowym? Jako \u015bwie\u017co upieczony specjalista do spraw aran\u017cacji i&nbsp;relokacji umeblowania przyjmujesz zlecenia sp\u0142ywaj\u0105ce z&nbsp;ca\u0142ego t\u0119tni\u0105cego \u017cyciem miasta Packmore. Smooth Moves nie jest wprawdzie najwi\u0119ksz\u0105 firm\u0105 przeprowadzkow\u0105, ale jej ambitni pracownicy podejm\u0105 si\u0119 ka\u017cdego, [&hellip;]<\/p>\n","protected":false},"featured_media":680968,"comment_status":"closed","ping_status":"closed","template":"","meta":{"ub_ctt_via":""},"product_cat":[88,223,221,78],"product_tag":[218],"class_list":["post-680576","product","type-product","status-publish","has-post-thumbnail","hentry","product_cat-action","product_cat-casual","product_cat-indie","product_cat-simulation","product_tag-games","platform-steam-works"],"_links":{"self":[{"href":"https:\/\/neuvee.com\/pl\/wp-json\/wp\/v2\/product\/680576","targetHints":{"allow":["GET"]}}],"collection":[{"href":"https:\/\/neuvee.com\/pl\/wp-json\/wp\/v2\/product"}],"about":[{"href":"https:\/\/neuvee.com\/pl\/wp-json\/wp\/v2\/types\/product"}],"replies":[{"embeddable":true,"href":"https:\/\/neuvee.com\/pl\/wp-json\/wp\/v2\/comments?post=680576"}],"wp:featuredmedia":[{"embeddable":true,"href":"https:\/\/neuvee.com\/pl\/wp-json\/wp\/v2\/media\/680968"}],"wp:attachment":[{"href":"https:\/\/neuvee.com\/pl\/wp-json\/wp\/v2\/media?parent=680576"}],"wp:term":[{"taxonomy":"product_cat","embeddable":true,"href":"https:\/\/neuvee.com\/pl\/wp-json\/wp\/v2\/product_cat?post=680576"},{"taxonomy":"product_tag","embeddable":true,"href":"https:\/\/neuvee.com\/pl\/wp-json\/wp\/v2\/product_tag?post=680576"}],"curies":[{"name":"wp","href":"https:\/\/api.w.org\/{rel}","templated":true}]}}