{"id":680379,"date":"2023-09-26T12:02:47","date_gmt":"2023-09-26T12:02:47","guid":{"rendered":"https:\/\/neuvee.com\/?post_type=product&#038;p=680379"},"modified":"2025-05-19T13:27:20","modified_gmt":"2025-05-19T13:27:20","slug":"monster-sanctuary-deluxe-edition-6","status":"publish","type":"product","link":"https:\/\/neuvee.com\/pl\/product\/monster-sanctuary-deluxe-edition-6\/","title":{"rendered":"MONSTER SANCTUARY DELUXE EDITION"},"content":{"rendered":"<p>Zanurz si\u0119 w pikselowym \u015bwiecie gry Monster Sanctuary w wersji Deluxe! W pakiecie pe\u0142na wersja gry, \u015bcie\u017cka d\u017awi\u0119kowa i&nbsp;bestiariusz! <\/p>\n<p>*Zawarto\u015b\u0107 pakietu Deluxe Edition:*<br \/>\n*Opanuj gr\u0119 Monster Sanctuary!*<br \/>\nPoznaj \u015bwiat gry Monster Sanctuary inspirowany gatunkiem Metroidvania. Odkrywaj ogromne krainy i&nbsp;przyzywaj swoje potwory, aby skorzysta\u0107 z&nbsp;ich pomocy w trakcie potyczek i&nbsp;poza nimi! U\u017cyj ich niepowtarzalnych umiej\u0119tno\u015bci, aby lata\u0107, je\u017adzi\u0107 i&nbsp;rozwi\u0105zywa\u0107 \u0142amig\u0142\u00f3wki, na kt\u00f3re natkniesz si\u0119 w swoim otoczeniu, oraz&nbsp;przebrn\u0105\u0107 przez plansze wymagaj\u0105ce precyzji poruszania si\u0119! Mo\u017cesz podr\u00f3\u017cowa\u0107 po tym \u015bwiecie na sw\u00f3j spos\u00f3b. To co? Masz ochot\u0119 zmierzy\u0107 si\u0119 z&nbsp;gr\u0105 Monster Sanctuary?<\/p>\n<p>*Zbieraj przedmioty, rozwijaj posta\u0107 i&nbsp;walcz!*<br \/>\nTwoja misja rozpoczyna si\u0119 od wyboru staro\u017cytnego upiornego chowa\u0144ca. Ten przygn\u0119biony potw\u00f3r oprowadzi Ci\u0119 po sanktuarium. B\u0119dzie przy Tobie, gdy schwytasz pierwszego spo\u015br\u00f3d 101 potwor\u00f3w. Od tego momentu to od Ciebie zale\u017cy, jak b\u0119dzie przebiega\u0107 hodowla, kolekcjonowanie i&nbsp;szkolenie potwor\u00f3w z&nbsp;ca\u0142ego \u015bwiata! Ka\u017cdy z&nbsp;nich dysponuje wyj\u0105tkowym drzewem umiej\u0119tno\u015bci, kt\u00f3re mo\u017cesz rozwija\u0107 wed\u0142ug swojego uznania, w miar\u0119 jak Twoja dru\u017cyna ro\u015bnie w si\u0142\u0119.<\/p>\n<p>*Zmierz si\u0119 w taktycznych potyczkach*<br \/>\nZaplanuj strategicznie kolejno\u015b\u0107 atak\u00f3w, maksymalizuj\u0105c ich skuteczno\u015b\u0107, i&nbsp;tw\u00f3rz kombinacje zab\u00f3jczych cios\u00f3w! Dopracuj taktyk\u0119 i&nbsp;dobierz najmocniejsz\u0105 dru\u017cyn\u0119, aby zdobywa\u0107 jaja najrzadszych potwor\u00f3w! Zmierz si\u0119 z&nbsp;budz\u0105cymi groz\u0119 przeciwnikami, pokonaj wyzwania i&nbsp;wyszkol niezr\u00f3wnan\u0105 dru\u017cyn\u0119!<\/p>\n<p>*Pojedynki na ca\u0142ym \u015bwiecie!*<br \/>\nSta\u0144 do walki i&nbsp;sprawd\u017a swoje umiej\u0119tno\u015bci, mierz\u0105c si\u0119 z&nbsp;innymi graczami w trybie online! Chwytaj i&nbsp;tresuj potwory oraz&nbsp;rozwijaj ich drzewa umiej\u0119tno\u015bci, aby po widowiskowych starciach to Twoje potwory pozosta\u0142y na placu boju.<\/p>\n<p>*Oryginalna \u015bcie\u017cka d\u017awi\u0119kowa*<br \/>\nZrelaksuj si\u0119, s\u0142uchaj\u0105c 41 \u015bcie\u017cek d\u017awi\u0119kowych z&nbsp;ca\u0142ego \u015bwiata Monster Sanctuary \u2014 gry z&nbsp;gatunku Metroidvania! Prze\u017cywaj przygody w rytmie pi\u0119knej muzyki z&nbsp;gry!<\/p>\n<p>*Bestiariusz*<br \/>\nZanurz si\u0119 jeszcze g\u0142\u0119biej w \u015bwiat gry Monster Sanctuary. Poznaj tajemnice i&nbsp;sekrety, kt\u00f3re kryj\u0105 si\u0119 w ka\u017cdym zak\u0105tku mapy! Dzi\u0119ki ilustracjom i&nbsp;opisom wszystkich 101 potwor\u00f3w wyst\u0119puj\u0105cych w grze, a&nbsp;tak\u017ce opowie\u015bciom ze starego \u015bwiata bestiariusz umo\u017cliwi Ci wyruszenie w fascynuj\u0105c\u0105 podr\u00f3\u017c po \u015bwiecie gry!<\/p>","protected":false},"excerpt":{"rendered":"<p>Zanurz si\u0119 w pikselowym \u015bwiecie gry Monster Sanctuary w wersji Deluxe! W pakiecie pe\u0142na wersja gry, \u015bcie\u017cka d\u017awi\u0119kowa i&nbsp;bestiariusz! *Zawarto\u015b\u0107 pakietu Deluxe Edition:* *Opanuj gr\u0119 Monster Sanctuary!* Poznaj \u015bwiat gry Monster Sanctuary inspirowany gatunkiem Metroidvania. Odkrywaj ogromne krainy i&nbsp;przyzywaj swoje potwory, aby skorzysta\u0107 z&nbsp;ich pomocy w trakcie potyczek i&nbsp;poza nimi! U\u017cyj ich niepowtarzalnych umiej\u0119tno\u015bci, aby [&hellip;]<\/p>\n","protected":false},"featured_media":687516,"comment_status":"closed","ping_status":"closed","template":"","meta":{"ub_ctt_via":""},"product_cat":[225,88,127,221,222],"product_tag":[218],"class_list":["post-680379","product","type-product","status-publish","has-post-thumbnail","hentry","product_cat-role-playing","product_cat-action","product_cat-adventure","product_cat-indie","product_cat-strategy","product_tag-games","platform-steam-works"],"_links":{"self":[{"href":"https:\/\/neuvee.com\/pl\/wp-json\/wp\/v2\/product\/680379","targetHints":{"allow":["GET"]}}],"collection":[{"href":"https:\/\/neuvee.com\/pl\/wp-json\/wp\/v2\/product"}],"about":[{"href":"https:\/\/neuvee.com\/pl\/wp-json\/wp\/v2\/types\/product"}],"replies":[{"embeddable":true,"href":"https:\/\/neuvee.com\/pl\/wp-json\/wp\/v2\/comments?post=680379"}],"wp:featuredmedia":[{"embeddable":true,"href":"https:\/\/neuvee.com\/pl\/wp-json\/wp\/v2\/media\/687516"}],"wp:attachment":[{"href":"https:\/\/neuvee.com\/pl\/wp-json\/wp\/v2\/media?parent=680379"}],"wp:term":[{"taxonomy":"product_cat","embeddable":true,"href":"https:\/\/neuvee.com\/pl\/wp-json\/wp\/v2\/product_cat?post=680379"},{"taxonomy":"product_tag","embeddable":true,"href":"https:\/\/neuvee.com\/pl\/wp-json\/wp\/v2\/product_tag?post=680379"}],"curies":[{"name":"wp","href":"https:\/\/api.w.org\/{rel}","templated":true}]}}