{"id":680369,"date":"2023-09-26T12:00:29","date_gmt":"2023-09-26T12:00:29","guid":{"rendered":"https:\/\/neuvee.com\/?post_type=product&#038;p=680369"},"modified":"2025-05-19T14:27:55","modified_gmt":"2025-05-19T14:27:55","slug":"monster-sanctuary-soundtrack-2","status":"publish","type":"product","link":"https:\/\/neuvee.com\/pl\/product\/monster-sanctuary-soundtrack-2\/","title":{"rendered":"MONSTER SANCTUARY &#8211; SOUNDTRACK"},"content":{"rendered":"<p>Zrelaksuj si\u0119, s\u0142uchaj\u0105c 41 \u015bcie\u017cek d\u017awi\u0119kowych z&nbsp;ca\u0142ego \u015bwiata Monster Sanctuary \u2014 gry z&nbsp;gatunku Metroidvania! Prze\u017cywaj przygody w rytmie pi\u0119knej muzyki z&nbsp;gry!<br \/>\n<\/p>","protected":false},"excerpt":{"rendered":"<p>Zrelaksuj si\u0119, s\u0142uchaj\u0105c 41 \u015bcie\u017cek d\u017awi\u0119kowych z&nbsp;ca\u0142ego \u015bwiata Monster Sanctuary \u2014 gry z&nbsp;gatunku Metroidvania! Prze\u017cywaj przygody w rytmie pi\u0119knej muzyki z&nbsp;gry!<\/p>\n","protected":false},"featured_media":687517,"comment_status":"closed","ping_status":"closed","template":"","meta":{"ub_ctt_via":""},"product_cat":[15],"product_tag":[218],"class_list":["post-680369","product","type-product","status-publish","has-post-thumbnail","hentry","product_cat-uncategorized","product_tag-games","platform-steam-works"],"_links":{"self":[{"href":"https:\/\/neuvee.com\/pl\/wp-json\/wp\/v2\/product\/680369","targetHints":{"allow":["GET"]}}],"collection":[{"href":"https:\/\/neuvee.com\/pl\/wp-json\/wp\/v2\/product"}],"about":[{"href":"https:\/\/neuvee.com\/pl\/wp-json\/wp\/v2\/types\/product"}],"replies":[{"embeddable":true,"href":"https:\/\/neuvee.com\/pl\/wp-json\/wp\/v2\/comments?post=680369"}],"wp:featuredmedia":[{"embeddable":true,"href":"https:\/\/neuvee.com\/pl\/wp-json\/wp\/v2\/media\/687517"}],"wp:attachment":[{"href":"https:\/\/neuvee.com\/pl\/wp-json\/wp\/v2\/media?parent=680369"}],"wp:term":[{"taxonomy":"product_cat","embeddable":true,"href":"https:\/\/neuvee.com\/pl\/wp-json\/wp\/v2\/product_cat?post=680369"},{"taxonomy":"product_tag","embeddable":true,"href":"https:\/\/neuvee.com\/pl\/wp-json\/wp\/v2\/product_tag?post=680369"}],"curies":[{"name":"wp","href":"https:\/\/api.w.org\/{rel}","templated":true}]}}