{"id":680365,"date":"2023-09-26T11:59:42","date_gmt":"2023-09-26T11:59:42","guid":{"rendered":"https:\/\/neuvee.com\/?post_type=product&#038;p=680365"},"modified":"2025-05-19T14:33:00","modified_gmt":"2025-05-19T14:33:00","slug":"monster-sanctuary-monster-journal-2","status":"publish","type":"product","link":"https:\/\/neuvee.com\/pl\/product\/monster-sanctuary-monster-journal-2\/","title":{"rendered":"MONSTER SANCTUARY &#8211; MONSTER JOURNAL"},"content":{"rendered":"<p>Zanurz si\u0119 jeszcze g\u0142\u0119biej w \u015bwiat gry Monster Sanctuary. Poznaj tajemnice i&nbsp;sekrety, kt\u00f3re kryj\u0105 si\u0119 w ka\u017cdym zak\u0105tku mapy! Dzi\u0119ki ilustracjom i&nbsp;opisom wszystkich 101 potwor\u00f3w wyst\u0119puj\u0105cych w grze, a&nbsp;tak\u017ce opowie\u015bciom ze starego \u015bwiata bestiariusz umo\u017cliwi Ci wyruszenie w fascynuj\u0105c\u0105 podr\u00f3\u017c po \u015bwiecie gry!<br \/>\n<\/p>","protected":false},"excerpt":{"rendered":"<p>Zanurz si\u0119 jeszcze g\u0142\u0119biej w \u015bwiat gry Monster Sanctuary. Poznaj tajemnice i&nbsp;sekrety, kt\u00f3re kryj\u0105 si\u0119 w ka\u017cdym zak\u0105tku mapy! Dzi\u0119ki ilustracjom i&nbsp;opisom wszystkich 101 potwor\u00f3w wyst\u0119puj\u0105cych w grze, a&nbsp;tak\u017ce opowie\u015bciom ze starego \u015bwiata bestiariusz umo\u017cliwi Ci wyruszenie w fascynuj\u0105c\u0105 podr\u00f3\u017c po \u015bwiecie gry!<\/p>\n","protected":false},"featured_media":687518,"comment_status":"closed","ping_status":"closed","template":"","meta":{"ub_ctt_via":""},"product_cat":[15],"product_tag":[218],"class_list":["post-680365","product","type-product","status-publish","has-post-thumbnail","hentry","product_cat-uncategorized","product_tag-games","platform-steam-works"],"_links":{"self":[{"href":"https:\/\/neuvee.com\/pl\/wp-json\/wp\/v2\/product\/680365","targetHints":{"allow":["GET"]}}],"collection":[{"href":"https:\/\/neuvee.com\/pl\/wp-json\/wp\/v2\/product"}],"about":[{"href":"https:\/\/neuvee.com\/pl\/wp-json\/wp\/v2\/types\/product"}],"replies":[{"embeddable":true,"href":"https:\/\/neuvee.com\/pl\/wp-json\/wp\/v2\/comments?post=680365"}],"wp:featuredmedia":[{"embeddable":true,"href":"https:\/\/neuvee.com\/pl\/wp-json\/wp\/v2\/media\/687518"}],"wp:attachment":[{"href":"https:\/\/neuvee.com\/pl\/wp-json\/wp\/v2\/media?parent=680365"}],"wp:term":[{"taxonomy":"product_cat","embeddable":true,"href":"https:\/\/neuvee.com\/pl\/wp-json\/wp\/v2\/product_cat?post=680365"},{"taxonomy":"product_tag","embeddable":true,"href":"https:\/\/neuvee.com\/pl\/wp-json\/wp\/v2\/product_tag?post=680365"}],"curies":[{"name":"wp","href":"https:\/\/api.w.org\/{rel}","templated":true}]}}