{"id":680361,"date":"2023-09-26T11:58:55","date_gmt":"2023-09-26T11:58:55","guid":{"rendered":"https:\/\/neuvee.com\/?post_type=product&#038;p=680361"},"modified":"2025-05-19T13:54:46","modified_gmt":"2025-05-19T13:54:46","slug":"monster-sanctuary-6","status":"publish","type":"product","link":"https:\/\/neuvee.com\/pl\/product\/monster-sanctuary-6\/","title":{"rendered":"MONSTER SANCTUARY"},"content":{"rendered":"<p>Oswajanie potwor\u00f3w w grze typu metroidvania. Chwytaj potwory, tresuj je i&nbsp;wystawiaj do walk w uroczym, pikselowym \u015bwiecie ogl\u0105danym z&nbsp;boku.<\/p>\n<p>*Wybierz spektralnego chowa\u0144ca i&nbsp;p\u00f3jd\u017a w \u015blady przodk\u00f3w, zostaj\u0105c treserem potwor\u00f3w i&nbsp;ocal ich rezerwat w grze Monster Sanctuary.*<br \/>\nRzu\u0107 si\u0119 w wir ekscytuj\u0105cej przygody i&nbsp;wykorzystuj moce potwor\u00f3w chwytanych do dru\u017cyny, aby poznawa\u0107 stale rozrastaj\u0105cy si\u0119 \u015bwiat. Pr\u00f3buj\u0105c zosta\u0107 najlepszym treserem, odkryjesz \u017ar\u00f3d\u0142o tajemnicy, kt\u00f3ra mo\u017ce zburzy\u0107 pok\u00f3j pomi\u0119dzy lud\u017ami i&nbsp;potworami.<\/p>\n<p>*Odkrywaj \u015bwiat inspirowany stylistyk\u0105 metroidvanii.*<br \/>\nMoce Twoich potwor\u00f3w umo\u017cliwi\u0105 Ci odkrywanie i&nbsp;powi\u0119kszanie \u015bwiata. \u015acinaj pn\u0105cza, rozwalaj mury i&nbsp;szybuj nad rozpadlinami, korzystaj\u0105c z&nbsp;pomocy potwor\u00f3w.<\/p>\n<p>*Zbierz dru\u017cyn\u0119.*<br \/>\nStw\u00f3rz w\u0142asn\u0105 dru\u017cyn\u0119, hoduj\u0105c, chwytaj\u0105c i&nbsp;tresuj\u0105c potwory z&nbsp;ca\u0142ego \u015bwiata. Ka\u017cdy z&nbsp;potwor\u00f3w ma w\u0142asne drzewo umiej\u0119tno\u015bci, dzi\u0119ki czemu mo\u017cesz dopasowywa\u0107 dru\u017cyn\u0119 do sytuacji.<\/p>\n<p>*Spr\u00f3buj si\u0142 w taktycznych walkach 3 na 3.*<br \/>\nZaplanuj strategicznie kolejno\u015b\u0107 atak\u00f3w, maksymalizuj\u0105c ich skuteczno\u015b\u0107 i&nbsp;tw\u00f3rz kombinacje cios\u00f3w. Dopracuj najlepsz\u0105 kombinacj\u0119, aby zdobywa\u0107 jaja najrzadszych potwor\u00f3w!<\/p>\n<p>*Walcz z&nbsp;treserami potwor\u00f3w z&nbsp;ca\u0142ego \u015bwiata!*<br \/>\nSta\u0144 do walki i&nbsp;sprawd\u017a swoje umiej\u0119tno\u015bci, mierz\u0105c si\u0119 z&nbsp;innymi graczami w trybie online! Chwytaj i&nbsp;tresuj potwory oraz&nbsp;rozwijaj ich drzewa umiej\u0119tno\u015bci, aby po widowiskowych starciach to Twoja dru\u017cyna pozosta\u0142a niepokonana na placu boju.<\/p>","protected":false},"excerpt":{"rendered":"<p>Oswajanie potwor\u00f3w w grze typu metroidvania. Chwytaj potwory, tresuj je i&nbsp;wystawiaj do walk w uroczym, pikselowym \u015bwiecie ogl\u0105danym z&nbsp;boku. *Wybierz spektralnego chowa\u0144ca i&nbsp;p\u00f3jd\u017a w \u015blady przodk\u00f3w, zostaj\u0105c treserem potwor\u00f3w i&nbsp;ocal ich rezerwat w grze Monster Sanctuary.* Rzu\u0107 si\u0119 w wir ekscytuj\u0105cej przygody i&nbsp;wykorzystuj moce potwor\u00f3w chwytanych do dru\u017cyny, aby poznawa\u0107 stale rozrastaj\u0105cy si\u0119 \u015bwiat. Pr\u00f3buj\u0105c [&hellip;]<\/p>\n","protected":false},"featured_media":681593,"comment_status":"closed","ping_status":"closed","template":"","meta":{"ub_ctt_via":""},"product_cat":[225,127,221,222],"product_tag":[218],"class_list":["post-680361","product","type-product","status-publish","has-post-thumbnail","hentry","product_cat-role-playing","product_cat-adventure","product_cat-indie","product_cat-strategy","product_tag-games","platform-steam-works"],"_links":{"self":[{"href":"https:\/\/neuvee.com\/pl\/wp-json\/wp\/v2\/product\/680361","targetHints":{"allow":["GET"]}}],"collection":[{"href":"https:\/\/neuvee.com\/pl\/wp-json\/wp\/v2\/product"}],"about":[{"href":"https:\/\/neuvee.com\/pl\/wp-json\/wp\/v2\/types\/product"}],"replies":[{"embeddable":true,"href":"https:\/\/neuvee.com\/pl\/wp-json\/wp\/v2\/comments?post=680361"}],"wp:featuredmedia":[{"embeddable":true,"href":"https:\/\/neuvee.com\/pl\/wp-json\/wp\/v2\/media\/681593"}],"wp:attachment":[{"href":"https:\/\/neuvee.com\/pl\/wp-json\/wp\/v2\/media?parent=680361"}],"wp:term":[{"taxonomy":"product_cat","embeddable":true,"href":"https:\/\/neuvee.com\/pl\/wp-json\/wp\/v2\/product_cat?post=680361"},{"taxonomy":"product_tag","embeddable":true,"href":"https:\/\/neuvee.com\/pl\/wp-json\/wp\/v2\/product_tag?post=680361"}],"curies":[{"name":"wp","href":"https:\/\/api.w.org\/{rel}","templated":true}]}}