{"id":680351,"date":"2023-09-26T12:32:14","date_gmt":"2023-09-26T12:32:14","guid":{"rendered":"https:\/\/neuvee.com\/?post_type=product&#038;p=680351"},"modified":"2025-05-19T13:56:40","modified_gmt":"2025-05-19T13:56:40","slug":"mugsters-6","status":"publish","type":"product","link":"https:\/\/neuvee.com\/pl\/product\/mugsters-6\/","title":{"rendered":"MUGSTERS"},"content":{"rendered":"<p>Obcy podbili Ziemi\u0119 i&nbsp;zniewolili ludzko\u015b\u0107. Tylko ty posiadasz wiedz\u0119 niezb\u0119dn\u0105, aby za\u017cegna\u0107 temu wielkiemu zagro\u017ceniu, wyzwoli\u0107 ras\u0119 ludzk\u0105 i&nbsp;URATOWA\u0106 \u015aWIAT.<\/p>\n<p>Mugsters to oparta na zasadach fizyki, szybka i&nbsp;pe\u0142na akcji gra logiczna, w kt\u00f3rej to ty decydujesz, jak przej\u015b\u0107 ka\u017cdy poziom. Uciekaj, unikaj i&nbsp;przechytrzaj wrog\u00f3w, eksperymentuj\u0105c z&nbsp;r\u00f3\u017cnymi pojazdami, pu\u0142apkami wykorzystuj\u0105cymi elementy otoczenia i&nbsp;\u0142adunkami wybuchowymi.<br \/>\nMugsters zach\u0119ca graczy do tw\u00f3rczego my\u015blenia. Uwalniaj wi\u0119\u017ani\u00f3w, zbieraj kryszta\u0142y i&nbsp;uciekaj w dowolny spos\u00f3b!<\/p>\n<p>\u2022 Szybka akcja! &#8211; Staw czo\u0142a r\u00f3\u017cnym zagro\u017ceniom na z\u0142o\u017conych poziomach.  Uwa\u017caj na porywaj\u0105ce promienie obcych, wyrzutnie rakiet i&nbsp;niezliczone pu\u0142apki, uciekaj\u0105c przed uci\u0105\u017cliwymi naje\u017ad\u017acami, kt\u00f3ry zawsze depcz\u0105 ci po pi\u0119tach.<\/p>\n<p>\u2022 Fizyka! \u2013 Eksperymentuj w rz\u0105dz\u0105cym si\u0119 zasadami fizyki, otwartym \u015bwiecie. Wype\u0142niaj cele wed\u0142ug w\u0142asnego uznania i&nbsp;dorzu\u0107 kilka wybuchaj\u0105cych beczek, tak na dok\u0142adk\u0119.<\/p>\n<p>\u2022 Pojazdy! \u2013 Do dyspozycji masz ponad 30 typ\u00f3w pojazd\u00f3w: mo\u017cesz taranowa\u0107, przebija\u0107, szatkowa\u0107 i&nbsp;ostrzeliwa\u0107 obcych oprawc\u00f3w.<\/p>\n<p>\u2022 Zagadki! \u2013 Przetrwanie na wrogich wyspach wymaga sprytu. U\u017cywaj \u0142adunk\u00f3w wybuchowych, pu\u0142apek i&nbsp;pojazd\u00f3w, aby uratowa\u0107 ludzi, zebra\u0107 kryszta\u0142y i&nbsp;uciec. Tylko nie staranuj samego siebie!<\/p>\n<p>\u2022 Gra wieloosobowa! \u2013 Po\u0142\u0105cz si\u0142y i&nbsp;staw czo\u0142a \u017c\u0105dnym w\u0142adzy obcym wraz ze znajomym. Wszystkie misje kampanii dla pojedynczego gracza s\u0105 w pe\u0142ni przystosowane do gry w trybie wsp\u00f3\u0142pracy dla dw\u00f3ch graczy!<\/p>","protected":false},"excerpt":{"rendered":"<p>Obcy podbili Ziemi\u0119 i&nbsp;zniewolili ludzko\u015b\u0107. Tylko ty posiadasz wiedz\u0119 niezb\u0119dn\u0105, aby za\u017cegna\u0107 temu wielkiemu zagro\u017ceniu, wyzwoli\u0107 ras\u0119 ludzk\u0105 i&nbsp;URATOWA\u0106 \u015aWIAT. Mugsters to oparta na zasadach fizyki, szybka i&nbsp;pe\u0142na akcji gra logiczna, w kt\u00f3rej to ty decydujesz, jak przej\u015b\u0107 ka\u017cdy poziom. Uciekaj, unikaj i&nbsp;przechytrzaj wrog\u00f3w, eksperymentuj\u0105c z&nbsp;r\u00f3\u017cnymi pojazdami, pu\u0142apkami wykorzystuj\u0105cymi elementy otoczenia i&nbsp;\u0142adunkami wybuchowymi. Mugsters zach\u0119ca [&hellip;]<\/p>\n","protected":false},"featured_media":681767,"comment_status":"closed","ping_status":"closed","template":"","meta":{"ub_ctt_via":""},"product_cat":[88,221],"product_tag":[218],"class_list":["post-680351","product","type-product","status-publish","has-post-thumbnail","hentry","product_cat-action","product_cat-indie","product_tag-games","platform-steam-works"],"_links":{"self":[{"href":"https:\/\/neuvee.com\/pl\/wp-json\/wp\/v2\/product\/680351","targetHints":{"allow":["GET"]}}],"collection":[{"href":"https:\/\/neuvee.com\/pl\/wp-json\/wp\/v2\/product"}],"about":[{"href":"https:\/\/neuvee.com\/pl\/wp-json\/wp\/v2\/types\/product"}],"replies":[{"embeddable":true,"href":"https:\/\/neuvee.com\/pl\/wp-json\/wp\/v2\/comments?post=680351"}],"wp:featuredmedia":[{"embeddable":true,"href":"https:\/\/neuvee.com\/pl\/wp-json\/wp\/v2\/media\/681767"}],"wp:attachment":[{"href":"https:\/\/neuvee.com\/pl\/wp-json\/wp\/v2\/media?parent=680351"}],"wp:term":[{"taxonomy":"product_cat","embeddable":true,"href":"https:\/\/neuvee.com\/pl\/wp-json\/wp\/v2\/product_cat?post=680351"},{"taxonomy":"product_tag","embeddable":true,"href":"https:\/\/neuvee.com\/pl\/wp-json\/wp\/v2\/product_tag?post=680351"}],"curies":[{"name":"wp","href":"https:\/\/api.w.org\/{rel}","templated":true}]}}