{"id":680348,"date":"2023-09-26T11:42:49","date_gmt":"2023-09-26T11:42:49","guid":{"rendered":"https:\/\/neuvee.com\/?post_type=product&#038;p=680348"},"modified":"2025-05-19T13:48:50","modified_gmt":"2025-05-19T13:48:50","slug":"marauders-early-access-6","status":"publish","type":"product","link":"https:\/\/neuvee.com\/pl\/product\/marauders-early-access-6\/","title":{"rendered":"MARAUDERS &#8211; EARLY ACCESS"},"content":{"rendered":"<p>Marauders to taktyczna strzelanka FPP dla wielu graczy, kt\u00f3rej akcja toczy si\u0119 w alternatywnych latach 90. XX wieku. I wojna \u015bwiatowa nigdy si\u0119 nie sko\u0144czy\u0142a, zindustrializowana do granic wytrzyma\u0142o\u015bci Ziemia chyli si\u0119 ku upadkowi, a&nbsp;wielu mieszka\u0144c\u00f3w wybra\u0142o ucieczk\u0119 do gwiazd. Wcielaj\u0105cy si\u0119 w postacie kosmicznych najemnik\u00f3w gracze b\u0119d\u0105 wyposa\u017ca\u0107 i&nbsp;pilotowa\u0107 swoje statki, przemierzaj\u0105c najodleglejsze rejony galaktyki w poszukiwaniu surowc\u00f3w, kt\u00f3re pozwol\u0105 im przetrwa\u0107. W trakcie ka\u017cdego z&nbsp;mecz\u00f3w gracze b\u0119d\u0105 mogli na bie\u017c\u0105co udoskonala\u0107 swoje wyposa\u017cenie, korzystaj\u0105c z&nbsp;\u0142up\u00f3w zdobytych podczas \u015bmia\u0142ych atak\u00f3w na powolne statki handlowe i&nbsp;pe\u0142nych napi\u0119cia l\u0105dowa\u0144 na przemierzaj\u0105cych kosmos asteroidach. Warto tak\u017ce wystrzega\u0107 si\u0119 konkurencji i&nbsp;udaremnia\u0107 wrogie ekspedycje, nie \u017ca\u0142uj\u0105c kul.<\/p>\n<p>G\u0142\u00f3wne cechy<\/p>\n<p>Brutalnie realistyczny, diesel-punkowy \u015bwiat: Odkryj brutaln\u0105, dystopijn\u0105 rzeczywisto\u015b\u0107, w kt\u00f3rej I wojna \u015bwiatowa nigdy si\u0119 nie sko\u0144czy\u0142a, a&nbsp;przetrwanie zale\u017cy od \u0142up\u00f3w zdobytych podczas eksplorowania mi\u0119dzygwiezdnych przestrzeni.<\/p>\n<p>Organizuj wyprawy, zdobywaj \u0142upy i&nbsp;uciekaj: Szukaj \u0142up\u00f3w na kosmicznych polach bitew i&nbsp;organizuj \u015bmia\u0142e wyprawy w poszukiwaniu cennych zasob\u00f3w, nie zapominaj\u0105c jednak&nbsp;o&nbsp;tym, \u017ce aby cieszy\u0107 si\u0119 zyskiem, nale\u017cy jeszcze uj\u015b\u0107 z&nbsp;\u017cyciem.<\/p>\n<p>Taktyczna, pierwszoosobowa walka: Graj solo lub&nbsp;w towarzystwie do trzech innych graczy, staraj\u0105c si\u0119 przetrwa\u0107 intensywne, oparte na realistycznej symulacji balistycznej potyczki z&nbsp;wrogimi dru\u017cynami lub&nbsp;przeciwnikami sterowanymi przez sztuczn\u0105 inteligencj\u0119.<\/p>\n<p>Wytrzyma\u0142e wyposa\u017cenie i&nbsp;punkty do\u015bwiadczenia: Podczas ka\u017cdego meczu warto korzysta\u0107 z&nbsp;najlepszego dost\u0119pnego wyposa\u017cenia i&nbsp;udoskonala\u0107 ulubione bronie przy u\u017cyciu modyfikacji, a&nbsp;tak\u017ce wykorzystywa\u0107 zdobyte punkty do\u015bwiadczenia do odblokowywania nowych przedmiot\u00f3w, zwi\u0119kszaj\u0105c szanse na przetrwanie.<\/p>\n<p><\/p>","protected":false},"excerpt":{"rendered":"<p>Marauders to taktyczna strzelanka FPP dla wielu graczy, kt\u00f3rej akcja toczy si\u0119 w alternatywnych latach 90. XX wieku. I wojna \u015bwiatowa nigdy si\u0119 nie sko\u0144czy\u0142a, zindustrializowana do granic wytrzyma\u0142o\u015bci Ziemia chyli si\u0119 ku upadkowi, a&nbsp;wielu mieszka\u0144c\u00f3w wybra\u0142o ucieczk\u0119 do gwiazd. Wcielaj\u0105cy si\u0119 w postacie kosmicznych najemnik\u00f3w gracze b\u0119d\u0105 wyposa\u017ca\u0107 i&nbsp;pilotowa\u0107 swoje statki, przemierzaj\u0105c najodleglejsze rejony [&hellip;]<\/p>\n","protected":false},"featured_media":687519,"comment_status":"closed","ping_status":"closed","template":"","meta":{"ub_ctt_via":""},"product_cat":[88],"product_tag":[218],"class_list":["post-680348","product","type-product","status-publish","has-post-thumbnail","hentry","product_cat-action","product_tag-games","platform-steam-works"],"_links":{"self":[{"href":"https:\/\/neuvee.com\/pl\/wp-json\/wp\/v2\/product\/680348","targetHints":{"allow":["GET"]}}],"collection":[{"href":"https:\/\/neuvee.com\/pl\/wp-json\/wp\/v2\/product"}],"about":[{"href":"https:\/\/neuvee.com\/pl\/wp-json\/wp\/v2\/types\/product"}],"replies":[{"embeddable":true,"href":"https:\/\/neuvee.com\/pl\/wp-json\/wp\/v2\/comments?post=680348"}],"wp:featuredmedia":[{"embeddable":true,"href":"https:\/\/neuvee.com\/pl\/wp-json\/wp\/v2\/media\/687519"}],"wp:attachment":[{"href":"https:\/\/neuvee.com\/pl\/wp-json\/wp\/v2\/media?parent=680348"}],"wp:term":[{"taxonomy":"product_cat","embeddable":true,"href":"https:\/\/neuvee.com\/pl\/wp-json\/wp\/v2\/product_cat?post=680348"},{"taxonomy":"product_tag","embeddable":true,"href":"https:\/\/neuvee.com\/pl\/wp-json\/wp\/v2\/product_tag?post=680348"}],"curies":[{"name":"wp","href":"https:\/\/api.w.org\/{rel}","templated":true}]}}