{"id":680343,"date":"2023-09-26T11:40:38","date_gmt":"2023-09-26T11:40:38","guid":{"rendered":"https:\/\/neuvee.com\/?post_type=product&#038;p=680343"},"modified":"2025-05-19T13:29:28","modified_gmt":"2025-05-19T13:29:28","slug":"main-assembly-6","status":"publish","type":"product","link":"https:\/\/neuvee.com\/pl\/product\/main-assembly-6\/","title":{"rendered":"MAIN ASSEMBLY"},"content":{"rendered":"<p>Jeste\u015b projektantem, in\u017cynierem i&nbsp;architektem w jednym \u2014 mo\u017cesz stworzy\u0107 wszystko, co tylko zechcesz! Buduj roboty wszelkiego kszta\u0142tu i&nbsp;rozmiaru, od o\u015bmiono\u017cnych robot\u00f3w-paj\u0105k\u00f3w po budz\u0105ce postrach UFO. Zaprojektuj ka\u017cd\u0105 ko\u0144czyn\u0119 i&nbsp;o\u017cyw j\u0105 przy pomocy wydajnego systemu wizualnego programowania, kt\u00f3ry pozwala panowa\u0107 nad ka\u017cdym ruchem robot\u00f3w. Gdy uko\u0144czysz swoje dzie\u0142o, otw\u00f3rz kreatora \u015bwiat\u00f3w i&nbsp;stw\u00f3rz wspania\u0142y tor przeszk\u00f3d, kt\u00f3ry wystawi na pr\u00f3b\u0119 zdolno\u015bci Twojego robota.<\/p>\n<p>POPU\u015a\u0106 WODZE WYOBRA\u0179NI<\/p>\n<p>&#8222;Wyobra\u017ania jest wa\u017cniejsza od wiedzy.<br \/>\n&#8221;<\/p>\n<p>Pracuj\u0105c w pojedynk\u0119 lub&nbsp;z&nbsp;innymi wynalazcami, stw\u00f3rz projekt, a&nbsp;nast\u0119pnie wciel go w \u017cycie.<\/p>\n<p>BUDUJ \u015aWIATY <\/p>\n<p>Mo\u017cesz zrobi\u0107 wszystko, co dusza zapragnie. To Tw\u00f3j \u015bwiat.<\/p>\n<p>Tw\u00f3rz \u015bwiaty wystawiaj\u0105ce na pr\u00f3b\u0119 zdolno\u015bci Twoich robot\u00f3w. Projektuj tory wy\u015bcigowe i&nbsp;tory przeszk\u00f3d, kt\u00f3re ujawni\u0105 ukryte wady konstrukcyjne.<\/p>\n<p>PO\u0141\u0104CZ SI\u0141Y<\/p>\n<p>W grupie si\u0142a, w pojedynk\u0119 zginiesz.<\/p>\n<p>Popisuj si\u0119 umiej\u0119tno\u015bciami projektowania z&nbsp;maksymalnie trzema znajomymi. Razem budujcie \u015bwiaty, aby nast\u0119pnie konkurowa\u0107 robotami na r\u00f3\u017cnych torach wy\u015bcigowych i&nbsp;torach przeszk\u00f3d, b\u0105d\u017a&nbsp;sta\u0144cie do walki, zamieniaj\u0105c swoje kreacje w metalow\u0105 miazg\u0119 (wkr\u00f3tce wi\u0119cej funkcji).<\/p>\n<p>RZUCAJ WYZWANIA <\/p>\n<p>Do odwa\u017cnych \u015bwiat nale\u017cy.<\/p>\n<p>Nie masz znajomych w grze? To \u017caden problem \u2014 stworzyli\u015bmy tryb dla pojedynczego gracza z&nbsp;ponad 100 wyzwaniami, kt\u00f3re wystawi\u0105 na pr\u00f3b\u0119 Twoje wynalazki.<\/p>\n<p>PROGRAMUJ <\/p>\n<p>Zwizualizuj kod.<\/p>\n<p>Bez paniki, nie musisz programowa\u0107 w j\u0119zyku C# (to nasza dzia\u0142ka). Programowanie jest ca\u0142kowicie opcjonalne, ale je\u015bli lubisz wyzwania, stworzyli\u015bmy niezwykle wydajne narz\u0119dzie do wizualnego programowania, dzi\u0119ki kt\u00f3remu mo\u017cesz wznie\u015b\u0107 swoje kreacje na nowe wy\u017cyny.<\/p>\n<p>WARSZTAT <\/p>\n<p>Udost\u0119pniaj, udost\u0119pniaj i&nbsp;jeszcze raz udost\u0119pniaj.<\/p>\n<p>Do\u0142\u0105cz swoje dzie\u0142a do tysi\u0119cy istniej\u0105cych robot\u00f3w i&nbsp;\u015bwiat\u00f3w r\u0119cznie tworzonych przez naszych oddanych fan\u00f3w na ca\u0142ym \u015bwiecie i&nbsp;czerp inspiracj\u0119 z&nbsp;ich kreacji.<\/p>\n<p>NISZCZ <\/p>\n<p>Nie ma tworzenia bez niszczenia. <\/p>\n<p>Je\u015bli chcesz wystawi\u0107 swoj\u0105 konstrukcj\u0119 na pr\u00f3b\u0119, zepchnij j\u0105 z&nbsp;urwiska.<\/p>\n<p>Albo przerabiaj kreacje innych na metalow\u0105 miazg\u0119 w bezlitosnym trybie Bot Brawls.<br \/>\n<\/p>","protected":false},"excerpt":{"rendered":"<p>Jeste\u015b projektantem, in\u017cynierem i&nbsp;architektem w jednym \u2014 mo\u017cesz stworzy\u0107 wszystko, co tylko zechcesz! Buduj roboty wszelkiego kszta\u0142tu i&nbsp;rozmiaru, od o\u015bmiono\u017cnych robot\u00f3w-paj\u0105k\u00f3w po budz\u0105ce postrach UFO. Zaprojektuj ka\u017cd\u0105 ko\u0144czyn\u0119 i&nbsp;o\u017cyw j\u0105 przy pomocy wydajnego systemu wizualnego programowania, kt\u00f3ry pozwala panowa\u0107 nad ka\u017cdym ruchem robot\u00f3w. Gdy uko\u0144czysz swoje dzie\u0142o, otw\u00f3rz kreatora \u015bwiat\u00f3w i&nbsp;stw\u00f3rz wspania\u0142y tor przeszk\u00f3d, kt\u00f3ry [&hellip;]<\/p>\n","protected":false},"featured_media":682136,"comment_status":"closed","ping_status":"closed","template":"","meta":{"ub_ctt_via":""},"product_cat":[127,78],"product_tag":[218],"class_list":["post-680343","product","type-product","status-publish","has-post-thumbnail","hentry","product_cat-adventure","product_cat-simulation","product_tag-games","platform-steam-works"],"_links":{"self":[{"href":"https:\/\/neuvee.com\/pl\/wp-json\/wp\/v2\/product\/680343","targetHints":{"allow":["GET"]}}],"collection":[{"href":"https:\/\/neuvee.com\/pl\/wp-json\/wp\/v2\/product"}],"about":[{"href":"https:\/\/neuvee.com\/pl\/wp-json\/wp\/v2\/types\/product"}],"replies":[{"embeddable":true,"href":"https:\/\/neuvee.com\/pl\/wp-json\/wp\/v2\/comments?post=680343"}],"wp:featuredmedia":[{"embeddable":true,"href":"https:\/\/neuvee.com\/pl\/wp-json\/wp\/v2\/media\/682136"}],"wp:attachment":[{"href":"https:\/\/neuvee.com\/pl\/wp-json\/wp\/v2\/media?parent=680343"}],"wp:term":[{"taxonomy":"product_cat","embeddable":true,"href":"https:\/\/neuvee.com\/pl\/wp-json\/wp\/v2\/product_cat?post=680343"},{"taxonomy":"product_tag","embeddable":true,"href":"https:\/\/neuvee.com\/pl\/wp-json\/wp\/v2\/product_tag?post=680343"}],"curies":[{"name":"wp","href":"https:\/\/api.w.org\/{rel}","templated":true}]}}