{"id":680330,"date":"2023-09-26T11:29:50","date_gmt":"2023-09-26T11:29:50","guid":{"rendered":"https:\/\/neuvee.com\/?post_type=product&#038;p=680330"},"modified":"2025-05-19T13:32:36","modified_gmt":"2025-05-19T13:32:36","slug":"king-of-the-castle-5","status":"publish","type":"product","link":"https:\/\/neuvee.com\/pl\/product\/king-of-the-castle-5\/","title":{"rendered":"KING OF THE CASTLE"},"content":{"rendered":"<p>Informacje o&nbsp;grze:<br \/>\nZajmij nale\u017cne ci miejsce na tronie i&nbsp;wprowad\u017a swoje fantastyczne kr\u00f3lestwo w Z\u0142oty Wiek lub&nbsp;doprowad\u017a je do ruiny! Mo\u017ce gra\u0107 z&nbsp;tob\u0105 od 3 do 3000 innych graczy, kt\u00f3rzy b\u0119d\u0105 stanowi\u0107 rad\u0119 swarliwych wielmo\u017c\u00f3w g\u0142osuj\u0105cych nad ka\u017cdym twoim postanowieniem. Mierz si\u0119 z&nbsp;trudnymi problemami, kt\u00f3rych ka\u017cde rozwi\u0105zanie niesie dla kr\u00f3lestwa daleko id\u0105ce konsekwencje. Poruszaj si\u0119 w\u015br\u00f3d polityki, regionalnych zatarg\u00f3w, a&nbsp;by\u0107 mo\u017ce nawet otwartych rebelii, poniewa\u017c&nbsp;twoi dwulicowi wasale wci\u0105\u017c spiskuj\u0105, by ci\u0119 obali\u0107. <\/p>\n<p>King of the Castle to wieloosobowa gra w konwencji fantasy z&nbsp;dynamik\u0105 niestabilnej w\u0142adzy i&nbsp;intrygami, w kt\u00f3rej narracja jest tworzona przez samych graczy. S\u0105 w niej dost\u0119pne dwa tryby kooperacji:<\/p>\n<p>Graj ze znajomymi:<br \/>\nw trybie sieciowym znajomi mog\u0105 do\u0142\u0105cza\u0107 do gry jako wielmo\u017cowie i&nbsp;g\u0142osowa\u0107 nad twoimi postanowieniami za pomoc\u0105 przegl\u0105darki internetowej na telefonie lub&nbsp;komputerze \u2013 oznacza to, \u017ce tylko jeden z&nbsp;graczy musi posiada\u0107 gr\u0119.<\/p>\n<p>Graj na Twitchu:<br \/>\nw trybie streamera gra King of the Castle jest w pe\u0142ni zintegrowana z&nbsp;interfejsem Twitcha. Jako streamer wcielasz si\u0119 w rol\u0119 monarchy, a&nbsp;dzi\u0119ki prostej komendzie \u201e!join\u201d w twojej radzie mo\u017ce zasi\u0105\u015b\u0107 nawet 3000 obserwuj\u0105cych, g\u0142osuj\u0105cych jako wielmo\u017cowie nad twoimi postanowieniami za pomoc\u0105 komend czatu, wywieraj\u0105c tym samym wp\u0142yw na kierunek rozwoju kr\u00f3lestwa!<\/p>\n<p>Rz\u0105d\u017a m\u0105drze<br \/>\n&#8211; Jako monarcha starannie rozwa\u017caj podejmowane decyzje. O twoich postanowieniach przes\u0105dz\u0105 g\u0142osy podst\u0119pnych wielmo\u017c\u00f3w.<br \/>\n&#8211; R\u00f3wnowa\u017c przeciwstawne potrzeby r\u00f3\u017cnych region\u00f3w kr\u00f3lestwa \u2013 z&nbsp;ka\u017cdym z&nbsp;nich wi\u0105\u017c\u0105 si\u0119 inne d\u0105\u017cenia, bol\u0105czki i&nbsp;aktywne spiski.<br \/>\n&#8211; Stosuj si\u0142\u0119 argument\u00f3w, gro\u017aby lub&nbsp;\u0142ap\u00f3wki, by przebrn\u0105\u0107 przez trudne g\u0142osowania, kt\u00f3re mog\u0105 p\u00f3j\u015b\u0107 nie po twojej my\u015bli. Mo\u017cesz te\u017c pr\u00f3bowa\u0107 nada\u0107 sobie przywilej dodatkowego weta poprzez legislacj\u0119.<\/p>\n<p>Tw\u00f3rz histori\u0119<br \/>\n&#8211; Kszta\u0142tuj niepowtarzaln\u0105 histori\u0119 kr\u00f3lestwa. W miar\u0119 up\u0142ywu lat, pod wp\u0142ywem twoich decyzji kr\u00f3lestwo b\u0119dzie si\u0119 zmienia\u0107, jego poszczeg\u00f3lne regiony b\u0119d\u0105 rosn\u0105\u0107 w si\u0142\u0119 b\u0105d\u017a&nbsp;s\u0142abn\u0105\u0107.<br \/>\n&#8211; Personalizuj kr\u00f3lestwo. Monarcha i&nbsp;wielmo\u017cowie mog\u0105 nadawa\u0107 sobie imiona oraz&nbsp;modyfikowa\u0107 wygl\u0105d, formy zwrotu i&nbsp;herby.<br \/>\n&#8211; Skracaj o&nbsp;g\u0142ow\u0119 tych, kt\u00f3rzy za bardzo si\u0119 wychyl\u0105 \u2013 uwa\u017caj jednak&nbsp;na ich sojusznik\u00f3w, kt\u00f3rzy mog\u0105 zapa\u0142a\u0107 \u017c\u0105dz\u0105 zemsty&#8230; <\/p>\n<p>Strze\u017c si\u0119 zdrady<br \/>\n&#8211; Udaremniaj spiski dwulicowych wielmo\u017c\u00f3w, kt\u00f3rzy tylko czekaj\u0105, by zast\u0105pi\u0107 ci\u0119 na tronie swoj\u0105 marionetk\u0105.<br \/>\n&#8211; Gdy kt\u00f3ry\u015b z&nbsp;region\u00f3w daje ci popali\u0107, podnie\u015b mu podatki i&nbsp;patrz, jak z\u0142oto (i s\u00f3l) nap\u0142ywaj\u0105 do skarbca.<br \/>\n&#8211; Miej oczy dooko\u0142a g\u0142owy \u2013 je\u015bli niepos\u0142usze\u0144stwo wielmo\u017c\u00f3w za bardzo wzro\u015bnie, grozi ci powszechny, krwawy bunt, kt\u00f3ry zniszczy ca\u0142y kraj!<\/p>\n<p>Zachowaj r\u00f3wnowag\u0119<br \/>\n&#8211; Po do\u0142\u0105czeniu do gry wielmo\u017cowie zostaj\u0105 przyporz\u0105dkowani do poszczeg\u00f3lnych region\u00f3w kr\u00f3lestwa. Regiony te mog\u0105 w jednym momencie walczy\u0107 mi\u0119dzy sob\u0105, aby po chwili \u2013 zale\u017cnie od koniunktury \u2013 zawi\u0105zywa\u0107 niestabilne sojusze.<br \/>\n&#8211; Ka\u017cdemu z&nbsp;wielmo\u017c\u00f3w przypadnie lenno w jednej z&nbsp;nast\u0119puj\u0105cych krain:<br \/>\n&#8211; Mro\u017ana P\u00f3\u0142noc: tam, gdzie w klanowych siedzibach na bia\u0142ych szczytach g\u00f3r biesiaduj\u0105 czcigodni wodzowie..<br \/>\n&#8211; Dostatnie Wybrze\u017ce: tam, gdzie sprytni patrycjusze zarz\u0105dzaj\u0105 swoimi gildiami kupieckimi, p\u0142awi\u0105c si\u0119 w luksusie w swoich willach.<br \/>\n&#8211; Rozleg\u0142y Wsch\u00f3d: tam, gdzie bezwzgl\u0119dni hrabiowie kryj\u0105 si\u0119 w pos\u0119pnych zamczyskach w\u015br\u00f3d upiornych kniei.<br \/>\n&#8211; Dzikie B\u0142ota: tam, gdzie niez\u0142omni baronowie strzeg\u0105 twoich granic i&nbsp;szkol\u0105 armi\u0119.<br \/>\n&#8211; Skwarne Po\u0142udnie: tam, gdzie bogobojni arystokraci zamieszkuj\u0105 spalone s\u0142o\u0144cem maj\u0105tki, modl\u0105c si\u0119 do Dziewi\u0105tego Boga o&nbsp;zbawienie.<br \/>\n&#8211; Zale\u017cnie od twoich postanowie\u0144 i&nbsp;g\u0142os\u00f3w rady, w trakcie twojego panowania jedne z&nbsp;tych region\u00f3w stan\u0105 si\u0119 dostatnie i&nbsp;prosperuj\u0105ce, podczas gdy inne pogr\u0105\u017c\u0105 si\u0119 w anarchii lub&nbsp;zbuntuj\u0105 przeciw twoim rz\u0105dom.<br \/>\n&#8211; Jako monarcha musisz stale trzyma\u0107 je w ryzach!<\/p>\n<p><\/p>","protected":false},"excerpt":{"rendered":"<p>Informacje o&nbsp;grze: Zajmij nale\u017cne ci miejsce na tronie i&nbsp;wprowad\u017a swoje fantastyczne kr\u00f3lestwo w Z\u0142oty Wiek lub&nbsp;doprowad\u017a je do ruiny! Mo\u017ce gra\u0107 z&nbsp;tob\u0105 od 3 do 3000 innych graczy, kt\u00f3rzy b\u0119d\u0105 stanowi\u0107 rad\u0119 swarliwych wielmo\u017c\u00f3w g\u0142osuj\u0105cych nad ka\u017cdym twoim postanowieniem. Mierz si\u0119 z&nbsp;trudnymi problemami, kt\u00f3rych ka\u017cde rozwi\u0105zanie niesie dla kr\u00f3lestwa daleko id\u0105ce konsekwencje. Poruszaj si\u0119 w\u015br\u00f3d [&hellip;]<\/p>\n","protected":false},"featured_media":682678,"comment_status":"closed","ping_status":"closed","template":"","meta":{"ub_ctt_via":""},"product_cat":[223,221,222],"product_tag":[218],"class_list":["post-680330","product","type-product","status-publish","has-post-thumbnail","hentry","product_cat-casual","product_cat-indie","product_cat-strategy","product_tag-games","platform-steam-works"],"_links":{"self":[{"href":"https:\/\/neuvee.com\/pl\/wp-json\/wp\/v2\/product\/680330","targetHints":{"allow":["GET"]}}],"collection":[{"href":"https:\/\/neuvee.com\/pl\/wp-json\/wp\/v2\/product"}],"about":[{"href":"https:\/\/neuvee.com\/pl\/wp-json\/wp\/v2\/types\/product"}],"replies":[{"embeddable":true,"href":"https:\/\/neuvee.com\/pl\/wp-json\/wp\/v2\/comments?post=680330"}],"wp:featuredmedia":[{"embeddable":true,"href":"https:\/\/neuvee.com\/pl\/wp-json\/wp\/v2\/media\/682678"}],"wp:attachment":[{"href":"https:\/\/neuvee.com\/pl\/wp-json\/wp\/v2\/media?parent=680330"}],"wp:term":[{"taxonomy":"product_cat","embeddable":true,"href":"https:\/\/neuvee.com\/pl\/wp-json\/wp\/v2\/product_cat?post=680330"},{"taxonomy":"product_tag","embeddable":true,"href":"https:\/\/neuvee.com\/pl\/wp-json\/wp\/v2\/product_tag?post=680330"}],"curies":[{"name":"wp","href":"https:\/\/api.w.org\/{rel}","templated":true}]}}