{"id":677179,"date":"2023-09-21T13:23:19","date_gmt":"2023-09-21T13:23:19","guid":{"rendered":"https:\/\/neuvee.com\/?post_type=product&#038;p=677179"},"modified":"2025-05-19T14:28:13","modified_gmt":"2025-05-19T14:28:13","slug":"interplanetary-enhanced-edition-2","status":"publish","type":"product","link":"https:\/\/neuvee.com\/pl\/product\/interplanetary-enhanced-edition-2\/","title":{"rendered":"INTERPLANETARY: ENHANCED EDITION"},"content":{"rendered":"<p>Interplanetary to turowa strategia artyleryjska rozgrywana na kosmiczn\u0105 skal\u0119. Rozwijaj ojczyst\u0105 planet\u0119 i&nbsp;stosuj pot\u0119\u017cne salwy, tura po turze tocz\u0105c wojn\u0119 na galaktycznym polu bitwy.<\/p>\n<p>To wy\u015bcig zbroje\u0144 pomi\u0119dzy planetami rozwijaj\u0105cymi coraz pot\u0119\u017cniejsze uzbrojenie. Ogromne baterie dzia\u0142 elektromagnetycznych to podstawa mi\u0119dzyplanetarnego arsena\u0142u, ale kluczem do wygranej mo\u017ce by\u0107 chytre u\u017cycie rakiet i&nbsp;precyzyjnych laser\u00f3w. Strategiczne planowanie, ulepszenia i&nbsp;fortyfikacje mog\u0105 ochroni\u0107 twoje kluczowe budynki, daj\u0105c ci przewag\u0119 \u2013 ale pora\u017cka jednej ze stron jest tylko kwesti\u0105 czasu.<\/p>\n<p>Czasem twoim najwi\u0119kszym wrogiem b\u0119dzie sam uk\u0142ad planetarny! Nie daj pokona\u0107 si\u0119 kapry\u015bnym zmianom grawitacji \u2013 obserwuj otoczenie, wykorzystaj je na swoj\u0105 korzy\u015b\u0107 i&nbsp;ode\u015blij przeciwnika do epoki kamienia \u0142upanego!<\/p>\n<p>Interplanetary: Enhanced Edition to poprawiona wersja pierwotnej gry Interplanetary.<br \/>\nNiewspierany ju\u017c orygina\u0142 sta\u0142 si\u0119 darmowym dodatkiem do Enhanced Edition dla upami\u0119tnienia i&nbsp;(mamy nadziej\u0119) korzystnego por\u00f3wnania.<\/p>\n<p>Wersja Enhanced Edition zawiera te\u017c: Sieciowe boty, orbity eliptyczne, tryb szybkiego celowania, nowe budynki, lepszy balans rozgrywki oraz&nbsp;og\u00f3lne poprawki i&nbsp;ulepszenia.<\/p>\n<p>&#8211; Rzu\u0107 wyzwanie znajomym w grze sieciowej lub&nbsp;w trybie hot seat, albo&nbsp;pojedynkuj si\u0119 z&nbsp;SI.<\/p>\n<p>&#8211; Buduj i&nbsp;zarz\u0105dzaj infrastruktur\u0105 planety.<\/p>\n<p>&#8211; Zbieraj surowce i&nbsp;decyduj o&nbsp;sposobach ich u\u017cycia.<\/p>\n<p>&#8211; Badaj i&nbsp;rozwijaj coraz bardziej futurystyczne technologie.<\/p>\n<p>&#8211; Szpieguj wrog\u00f3w, odkrywaj\u0105c s\u0142abe punkty ich infrastruktury.<\/p>\n<p>&#8211; U\u017cywaj broni balistycznej i&nbsp;celuj przez uk\u0142ad planetarny, omijaj\u0105c cia\u0142a niebieskie oraz&nbsp;ich pola grawitacyjne.<\/p>\n<p>&#8211; Wykorzystaj dzia\u0142a elektromagnetyczne, rakiety i&nbsp;bro\u0144 laserow\u0105, by zniszczy\u0107 przeciwnika i&nbsp;zaw\u0142adn\u0105\u0107 uk\u0142adem planetarnym!<\/p>","protected":false},"excerpt":{"rendered":"<p>Interplanetary to turowa strategia artyleryjska rozgrywana na kosmiczn\u0105 skal\u0119. Rozwijaj ojczyst\u0105 planet\u0119 i&nbsp;stosuj pot\u0119\u017cne salwy, tura po turze tocz\u0105c wojn\u0119 na galaktycznym polu bitwy. To wy\u015bcig zbroje\u0144 pomi\u0119dzy planetami rozwijaj\u0105cymi coraz pot\u0119\u017cniejsze uzbrojenie. Ogromne baterie dzia\u0142 elektromagnetycznych to podstawa mi\u0119dzyplanetarnego arsena\u0142u, ale kluczem do wygranej mo\u017ce by\u0107 chytre u\u017cycie rakiet i&nbsp;precyzyjnych laser\u00f3w. Strategiczne planowanie, ulepszenia [&hellip;]<\/p>\n","protected":false},"featured_media":679001,"comment_status":"closed","ping_status":"closed","template":"","meta":{"ub_ctt_via":""},"product_cat":[221,78,222],"product_tag":[218],"class_list":["post-677179","product","type-product","status-publish","has-post-thumbnail","hentry","product_cat-indie","product_cat-simulation","product_cat-strategy","product_tag-games","platform-steam-works"],"_links":{"self":[{"href":"https:\/\/neuvee.com\/pl\/wp-json\/wp\/v2\/product\/677179","targetHints":{"allow":["GET"]}}],"collection":[{"href":"https:\/\/neuvee.com\/pl\/wp-json\/wp\/v2\/product"}],"about":[{"href":"https:\/\/neuvee.com\/pl\/wp-json\/wp\/v2\/types\/product"}],"replies":[{"embeddable":true,"href":"https:\/\/neuvee.com\/pl\/wp-json\/wp\/v2\/comments?post=677179"}],"wp:featuredmedia":[{"embeddable":true,"href":"https:\/\/neuvee.com\/pl\/wp-json\/wp\/v2\/media\/679001"}],"wp:attachment":[{"href":"https:\/\/neuvee.com\/pl\/wp-json\/wp\/v2\/media?parent=677179"}],"wp:term":[{"taxonomy":"product_cat","embeddable":true,"href":"https:\/\/neuvee.com\/pl\/wp-json\/wp\/v2\/product_cat?post=677179"},{"taxonomy":"product_tag","embeddable":true,"href":"https:\/\/neuvee.com\/pl\/wp-json\/wp\/v2\/product_tag?post=677179"}],"curies":[{"name":"wp","href":"https:\/\/api.w.org\/{rel}","templated":true}]}}