{"id":677105,"date":"2023-09-21T13:20:40","date_gmt":"2023-09-21T13:20:40","guid":{"rendered":"https:\/\/neuvee.com\/?post_type=product&#038;p=677105"},"modified":"2025-05-19T13:41:33","modified_gmt":"2025-05-19T13:41:33","slug":"honey-i-joined-a-cult-6","status":"publish","type":"product","link":"https:\/\/neuvee.com\/pl\/product\/honey-i-joined-a-cult-6\/","title":{"rendered":"HONEY, I JOINED A CULT"},"content":{"rendered":"<p>Nadszed\u0142 czas, aby popracowa\u0107 nad realizacj\u0105 cel\u00f3w, takich jak o\u015bwiecenie, wiara i&nbsp;pieni\u0105dze\u2026 mn\u00f3stwo pieni\u0119dzy.<\/p>\n<p>W grze Honey, I Joined a&nbsp;Cult do Twoich zada\u0144 nale\u017cy zbudowanie bazy i&nbsp;powi\u0119kszanie jej, zarz\u0105dzanie wyznawcami i&nbsp;zasobami oraz&nbsp;podnoszenie wska\u017anik\u00f3w wiary, funduszy i&nbsp;poparcia.<br \/>\nBudowa bazy<br \/>\nDobry kult dba o&nbsp;wn\u0119trze \u2014 nie tylko duchowe. Rozmieszczaj, projektuj i&nbsp;urz\u0105dzaj pomieszczenia, aby uszcz\u0119\u015bliwi\u0107 cz\u0142onk\u00f3w kultu. Masz do dyspozycji szereg dziwnych i&nbsp;niesamowitych pomieszcze\u0144, ka\u017cde odgrywaj\u0105ce kluczow\u0105 rol\u0119 w kulcie \u2014 od pokoju wykrywania k\u0142amstw po komnaty duch\u00f3w, spa energetyczne i&nbsp;budz\u0105ce groz\u0119 ministerstwo przemiany.<br \/>\nSpersonalizuj kult<br \/>\nChwytliwa nazwa to podstawa \u2014 wybierz nazw\u0119 kultu, jego przyw\u00f3dc\u0119, bosk\u0105 istot\u0119, kt\u00f3r\u0105 czci, \u015bwi\u0119te pomieszczenie, w kt\u00f3rym dowodzi swojego oddania, oraz&nbsp;przysz\u0142ych cz\u0142onk\u00f3w kultu! Spersonalizuj sw\u00f3j kult, wybieraj\u0105c: &#8211; stylowy symbol<br \/>\n&#8211; nieziemski uniform, kt\u00f3ry zaimponuje potencjalnym wyznawcom<br \/>\n&#8211; ogromne nakrycie g\u0142owy, kt\u00f3re sprawi, \u017ce inne kulty zzieleniej\u0105 z&nbsp;zazdro\u015bci<br \/>\n&#8211; dziwn\u0105 relikwi\u0119 do czczenia i&nbsp;wielbienia<br \/>\nTroszcz si\u0119 o&nbsp;kult<br \/>\nCz\u0142onkowie kultu te\u017c maj\u0105 potrzeby \u2014 musisz zapewni\u0107 im jedzenie, wod\u0119 i&nbsp;mn\u00f3stwo zabawy! Dbaj o&nbsp;zdrowie fizyczne i&nbsp;psychiczne wyznawc\u00f3w, aby w szeregach kultu mogli w pe\u0142ni zrealizowa\u0107 sw\u00f3j potencja\u0142!<br \/>\nZarz\u0105dzaj kultem<br \/>\nWspania\u0142e wyczucie stylu to nie wszystko \u2014 kult musi dzia\u0142a\u0107 jak dobrze naoliwione ko\u0142o hipnotyzuj\u0105ce. Tw\u00f3rz harmonogramy dla cz\u0142onk\u00f3w kultu, awansuj ich na kolejne poziomy, zarz\u0105dzaj \u017cywno\u015bci\u0105 i&nbsp;systemami nadzoru. Przypisuj wyznawcom zadania, u\u017cywaj\u0105c systemu priorytet\u00f3w \u2014 kto powiedzia\u0142, \u017ce mikrozarz\u0105dzanie to z\u0142y pomys\u0142?<br \/>\nRozwijaj kult<br \/>\nU\u017cyj swojego uroku osobistego, aby rekrutowa\u0107 wyznawc\u00f3w, kt\u00f3rzy przynios\u0105 ze sob\u0105 nowe zasoby i&nbsp;z czasem urosn\u0105 do rangi pe\u0142noprawnych cz\u0142onk\u00f3w kultu. Je\u015bli nie b\u0119d\u0105 zadowoleni, odejd\u0105, a&nbsp;zatem postaraj si\u0119 ich uszcz\u0119\u015bliwi\u0107!<br \/>\nPoprowad\u017a sw\u00f3j kult<br \/>\nPrzyw\u00f3dca kultu mo\u017ce by\u0107 bardzo wymagaj\u0105cy. Od rekrutowania okre\u015blonych wyznawc\u00f3w po budow\u0119 konkretnych typ\u00f3w pomieszcze\u0144 \u2014 musisz spe\u0142nia\u0107 wszystkie jego zachcianki. Niespe\u0142nione wymagania pogarszaj\u0105 humor przyw\u00f3dcy, a&nbsp;co za tym idzie \u2014 skuteczno\u015b\u0107 jego kaza\u0144.<br \/>\nMisje kultu<br \/>\nWyznawc\u00f3w mo\u017cna wysy\u0142a\u0107 z&nbsp;misj\u0105 do pobliskiego miasta. Chcesz zebra\u0107 wi\u0119cej zasob\u00f3w, odblokowa\u0107 now\u0105 technologi\u0119, a&nbsp;mo\u017ce spe\u0142ni\u0107 \u017c\u0105danie przyw\u00f3dcy? Wszystkie operacje zaplanujesz z&nbsp;poziomu centrum dowodzenia!<\/p>","protected":false},"excerpt":{"rendered":"<p>Nadszed\u0142 czas, aby popracowa\u0107 nad realizacj\u0105 cel\u00f3w, takich jak o\u015bwiecenie, wiara i&nbsp;pieni\u0105dze\u2026 mn\u00f3stwo pieni\u0119dzy. W grze Honey, I Joined a&nbsp;Cult do Twoich zada\u0144 nale\u017cy zbudowanie bazy i&nbsp;powi\u0119kszanie jej, zarz\u0105dzanie wyznawcami i&nbsp;zasobami oraz&nbsp;podnoszenie wska\u017anik\u00f3w wiary, funduszy i&nbsp;poparcia. Budowa bazy Dobry kult dba o&nbsp;wn\u0119trze \u2014 nie tylko duchowe. Rozmieszczaj, projektuj i&nbsp;urz\u0105dzaj pomieszczenia, aby uszcz\u0119\u015bliwi\u0107 cz\u0142onk\u00f3w kultu. Masz [&hellip;]<\/p>\n","protected":false},"featured_media":679033,"comment_status":"closed","ping_status":"closed","template":"","meta":{"ub_ctt_via":""},"product_cat":[223,221,78,222],"product_tag":[218],"class_list":["post-677105","product","type-product","status-publish","has-post-thumbnail","hentry","product_cat-casual","product_cat-indie","product_cat-simulation","product_cat-strategy","product_tag-games","platform-steam-works"],"_links":{"self":[{"href":"https:\/\/neuvee.com\/pl\/wp-json\/wp\/v2\/product\/677105","targetHints":{"allow":["GET"]}}],"collection":[{"href":"https:\/\/neuvee.com\/pl\/wp-json\/wp\/v2\/product"}],"about":[{"href":"https:\/\/neuvee.com\/pl\/wp-json\/wp\/v2\/types\/product"}],"replies":[{"embeddable":true,"href":"https:\/\/neuvee.com\/pl\/wp-json\/wp\/v2\/comments?post=677105"}],"wp:featuredmedia":[{"embeddable":true,"href":"https:\/\/neuvee.com\/pl\/wp-json\/wp\/v2\/media\/679033"}],"wp:attachment":[{"href":"https:\/\/neuvee.com\/pl\/wp-json\/wp\/v2\/media?parent=677105"}],"wp:term":[{"taxonomy":"product_cat","embeddable":true,"href":"https:\/\/neuvee.com\/pl\/wp-json\/wp\/v2\/product_cat?post=677105"},{"taxonomy":"product_tag","embeddable":true,"href":"https:\/\/neuvee.com\/pl\/wp-json\/wp\/v2\/product_tag?post=677105"}],"curies":[{"name":"wp","href":"https:\/\/api.w.org\/{rel}","templated":true}]}}