{"id":677024,"date":"2023-09-21T13:16:25","date_gmt":"2023-09-21T13:16:25","guid":{"rendered":"https:\/\/neuvee.com\/?post_type=product&#038;p=677024"},"modified":"2025-05-19T14:26:37","modified_gmt":"2025-05-19T14:26:37","slug":"hokko-life-6","status":"publish","type":"product","link":"https:\/\/neuvee.com\/pl\/product\/hokko-life-6\/","title":{"rendered":"HOKKO LIFE"},"content":{"rendered":"<p>Hokko Life to urocza, pobudzaj\u0105ca kreatywno\u015b\u0107 spo\u0142eczno\u015bciowa gra symulacyjna.<br \/>\nWysi\u0105d\u017a z&nbsp;poci\u0105gu w miasteczku Hokko i&nbsp;zacznij urz\u0105dza\u0107 sw\u00f3j nowy dom!<br \/>\nPom\u00f3\u017c zmieni\u0107 t\u0119 spokojn\u0105 mie\u015bcin\u0119 w urocze sielskie miasteczko, w kt\u00f3rym ka\u017cdy si\u0119 zakocha. Z m\u0142otkiem i&nbsp;farbami w r\u0119ku mo\u017cesz w\u0142asnor\u0119cznie zaprojektowa\u0107, zbudowa\u0107 i&nbsp;urz\u0105dzi\u0107 domy wszystkich Twoich nowych znajomych!<br \/>\nObud\u017a w sobie kreatywno\u015b\u0107!<br \/>\nZajmij si\u0119 prac\u0105 w starym, zakurzonym warsztacie i&nbsp;uwolnij kreatywno\u015b\u0107!<br \/>\nTw\u00f3rz materia\u0142y, \u0142\u0105cz je na dowolnie wybrane sposoby i&nbsp;wyrabiaj nowe, wspania\u0142e meble oraz&nbsp;inne przedmioty dla mieszka\u0144c\u00f3w miasteczka. Zbieraj kwiaty, mieszaj farby i&nbsp;u\u017cywaj ich do projektowania tapet, pod\u0142\u00f3g, a&nbsp;nawet ubra\u0144!<br \/>\nZaprojektujesz miejsko-industrialn\u0105 kolekcj\u0119 mebli czy mo\u017ce zestaw jaskrawych kwiecistych tapet? Maj\u0105c do dyspozycji warsztat, mo\u017cesz z&nbsp;pe\u0142n\u0105 swobod\u0105 zaprojektowa\u0107 miasteczko, w kt\u00f3rym mieszka\u0144cy zakochaj\u0105 si\u0119 bez pami\u0119ci.<br \/>\nCechy gry<br \/>\nTWORZENIE: udaj si\u0119 do lasu lub&nbsp;do opuszczonej kopalni, aby nar\u0105ba\u0107 drewna i&nbsp;wydoby\u0107 lub&nbsp;wykopa\u0107 surowce. Przynie\u015b je do miasteczka, aby wytworzy\u0107 z&nbsp;nich materia\u0142y, kt\u00f3re mo\u017cesz nast\u0119pnie wykorzysta\u0107 w swoich projektach.<br \/>\nPROJEKTOWANIE: zbierz uzyskane materia\u0142y i&nbsp;udaj si\u0119 do warsztatu, aby wykona\u0107 wed\u0142ug w\u0142asnego pomys\u0142u wszystkie przedmioty w grze. Projektuj meble przy stole kre\u015blarskim, \u0142\u0105cz\u0105c r\u00f3\u017cne kszta\u0142ty i&nbsp;materia\u0142y w prostym, ale skutecznym edytorze.<br \/>\nMALOWANIE: w\u0142\u00f3\u017c kombinezon, we\u017a p\u0119dzle w d\u0142o\u0144 i&nbsp;pokoloruj \u015bwiat. Mo\u017cesz projektowa\u0107 tapety, pod\u0142ogi, a&nbsp;nawet T-shirty dla siebie i&nbsp;innych mieszka\u0144c\u00f3w. Wszyscy w miasteczku b\u0119d\u0105 nosi\u0107 Twoje niepowtarzalne kreacje!<br \/>\n\u00a0BUDOWANIE: skorzystaj z&nbsp;pomocy budowniczego miejskiego i&nbsp;zacznij rozbudowywa\u0107 miasteczko. Dowolnie rozmieszczaj budynki i&nbsp;przygotuj je na przyj\u0119cie nowych mieszka\u0144c\u00f3w.<br \/>\nURZ\u0104DZANIE: projektuj wn\u0119trza i&nbsp;otoczenie dom\u00f3w, wybieraj wzory i&nbsp;rozmieszczaj meble, aby stworzy\u0107 domy, kt\u00f3re przypadn\u0105 do gustu Twoim nowym znajomym.<br \/>\n\u00a0UPRAWIANIE: zmie\u0144 dowolnie wybrany skrawek ziemi w poletko, na kt\u00f3rym b\u0119dziesz uprawia\u0107 warzywa i&nbsp;inne ro\u015bliny. Wykorzystaj ogrodnicze umiej\u0119tno\u015bci, aby wyhodowa\u0107 i&nbsp;sprzeda\u0107 najlepsze plony.<br \/>\nW\u0118DKOWANIE: sp\u0119d\u017a spokojny poranek na jednym ze stanowisk w\u0119dkarskich w \u015bwiecie Hokko i&nbsp;stw\u00f3rz w\u0142asn\u0105 kolekcj\u0119 trofe\u00f3w. R\u00f3\u017cne ryby maj\u0105 r\u00f3\u017cne zwyczaje, wi\u0119c&nbsp;musisz odpowiednio dobiera\u0107 strategie, a&nbsp;ka\u017cdy po\u0142\u00f3w jest odr\u0119bnym wyzwaniem.<br \/>\nPOLOWANIE NA OWADY: w \u015bwiecie Hokko napotkasz mn\u00f3stwo fruwaj\u0105cych i&nbsp;drepcz\u0105cych owad\u00f3w, kt\u00f3re mo\u017cesz schwyta\u0107, aby stworzy\u0107 w\u0142asn\u0105 kolekcj\u0119. Rozgl\u0105daj si\u0119 pilnie \u2014 nigdy nie wiadomo, co mo\u017ce kry\u0107 si\u0119 w\u015br\u00f3d zaro\u015bli!<\/p>\n<p><\/p>","protected":false},"excerpt":{"rendered":"<p>Hokko Life to urocza, pobudzaj\u0105ca kreatywno\u015b\u0107 spo\u0142eczno\u015bciowa gra symulacyjna. Wysi\u0105d\u017a z&nbsp;poci\u0105gu w miasteczku Hokko i&nbsp;zacznij urz\u0105dza\u0107 sw\u00f3j nowy dom! Pom\u00f3\u017c zmieni\u0107 t\u0119 spokojn\u0105 mie\u015bcin\u0119 w urocze sielskie miasteczko, w kt\u00f3rym ka\u017cdy si\u0119 zakocha. Z m\u0142otkiem i&nbsp;farbami w r\u0119ku mo\u017cesz w\u0142asnor\u0119cznie zaprojektowa\u0107, zbudowa\u0107 i&nbsp;urz\u0105dzi\u0107 domy wszystkich Twoich nowych znajomych! Obud\u017a w sobie kreatywno\u015b\u0107! Zajmij si\u0119 prac\u0105 [&hellip;]<\/p>\n","protected":false},"featured_media":680214,"comment_status":"closed","ping_status":"closed","template":"","meta":{"ub_ctt_via":""},"product_cat":[15],"product_tag":[218],"class_list":["post-677024","product","type-product","status-publish","has-post-thumbnail","hentry","product_cat-uncategorized","product_tag-games","platform-steam-works"],"_links":{"self":[{"href":"https:\/\/neuvee.com\/pl\/wp-json\/wp\/v2\/product\/677024","targetHints":{"allow":["GET"]}}],"collection":[{"href":"https:\/\/neuvee.com\/pl\/wp-json\/wp\/v2\/product"}],"about":[{"href":"https:\/\/neuvee.com\/pl\/wp-json\/wp\/v2\/types\/product"}],"replies":[{"embeddable":true,"href":"https:\/\/neuvee.com\/pl\/wp-json\/wp\/v2\/comments?post=677024"}],"wp:featuredmedia":[{"embeddable":true,"href":"https:\/\/neuvee.com\/pl\/wp-json\/wp\/v2\/media\/680214"}],"wp:attachment":[{"href":"https:\/\/neuvee.com\/pl\/wp-json\/wp\/v2\/media?parent=677024"}],"wp:term":[{"taxonomy":"product_cat","embeddable":true,"href":"https:\/\/neuvee.com\/pl\/wp-json\/wp\/v2\/product_cat?post=677024"},{"taxonomy":"product_tag","embeddable":true,"href":"https:\/\/neuvee.com\/pl\/wp-json\/wp\/v2\/product_tag?post=677024"}],"curies":[{"name":"wp","href":"https:\/\/api.w.org\/{rel}","templated":true}]}}