{"id":677018,"date":"2023-09-21T13:14:06","date_gmt":"2023-09-21T13:14:06","guid":{"rendered":"https:\/\/neuvee.com\/?post_type=product&#038;p=677018"},"modified":"2025-05-19T14:34:18","modified_gmt":"2025-05-19T14:34:18","slug":"hell-let-loose-7","status":"publish","type":"product","link":"https:\/\/neuvee.com\/pl\/product\/hell-let-loose-7\/","title":{"rendered":"HELL LET LOOSE"},"content":{"rendered":"<p>Hell Let Loose to realistyczna, osadzona w czasach II wojny \u015bwiatowej strzelanka FPP, w kt\u00f3rej nawet 100 \u017co\u0142nierzy piechoty, oddzia\u0142\u00f3w pancernych i&nbsp;artyleryjskich wojuje na rozleg\u0142ych polach bitew, wp\u0142ywaj\u0105c na dynamiczn\u0105 lini\u0119 frontu. Ta wyj\u0105tkowa gra z&nbsp;elementami zarz\u0105dzania zasobami i&nbsp;strategii cechuje si\u0119 \u0142atwymi w zrozumieniu zasadami, ale jest trudniejsza do opanowania. To II wojna \u015bwiatowa w niespotykanej dot\u0105d skali.<\/p>\n<p>Takiej symulacji II wojny \u015bwiatowej jeszcze nie by\u0142o: ogromne czo\u0142gi dominuj\u0105 na polu bitwy, ci\u0119\u017car\u00f3wki dostawcze zaopatruj\u0105 \u017co\u0142nierzy na froncie, a&nbsp;ka\u017cdy gracz jest ko\u0142em z\u0119batym w ogromnej machinie wojny zbrojeniowej. Z\u0142o\u017cony system sterowania pojazdami, dynamiczna linia frontu i&nbsp;skupiona na oddziale rozgrywka, w kt\u00f3rej ka\u017cda decyzja wp\u0142ywa na losy bitwy \u2013 Hell Let Loose sprawi, \u017ce poczujesz si\u0119 jak prawdziwy \u017co\u0142nierz.<\/p>\n<p>Ogromne mapy s\u0105 oparte na prawdziwych zdj\u0119ciach zwiadowczych i&nbsp;danych satelitarnych. Ca\u0142e pole bitwy jest podzielona na du\u017ce sektory, kt\u00f3re w miar\u0119 rozgrywki s\u0105 podbijane i&nbsp;odbijane. Gra cechuje si\u0119 wyj\u0105tkow\u0105 rozgrywk\u0105, w kt\u00f3rej dwa oddzia\u0142y 50 graczy walcz\u0105 do ostatniej kropli krwi na polach, mostach, w lasach i&nbsp;miastach, kszta\u0142tuj\u0105c nieustannie zmieniaj\u0105c\u0105 si\u0119 lini\u0119 frontu. Po przej\u0119ciu sektor zapewnia dru\u017cynie jeden z&nbsp;trzech zasob\u00f3w, a&nbsp;umiej\u0119tne (lub nie) zarz\u0105dzanie nimi zadecyduje o&nbsp;zwyci\u0119stwie lub&nbsp;pora\u017cce.<\/p>\n<p>*+Cechy:+*<br \/>\n*Epicki symulator wojny*<br \/>\nTocz walki na ogromnych mapach w formacie 50 kontra 50. Graj jednym z&nbsp;12 typ\u00f3w \u017co\u0142nierzy piechoty, oddzia\u0142\u00f3w zwiadowczych lub&nbsp;pancernych \u2013 takich jak oficer, zwiadowca, strzelec, sanitariusz, in\u017cynier czy dow\u00f3dca czo\u0142gu \u2013 ka\u017cdy maj\u0105cy dost\u0119p do innych broni, pojazd\u00f3w i&nbsp;rodzaj\u00f3w wyposa\u017cenia. Do\u015bwiadcz ka\u017cdego aspektu walki w II wojnie \u015bwiatowej.<\/p>\n<p>*Niezwyk\u0142y realizm*<br \/>\nHell Let Loose umieszcza gracza na pe\u0142nowymiarowych polach bitwy II wojny \u015bwiatowej. Pojazdy, bronie i&nbsp;uniformy zosta\u0142y skrupulatnie odwzorowane, a&nbsp;walka jest r\u00f3wnie krwawa i&nbsp;brutalna co w prawdziwym konflikcie. Gracze walcz\u0105 na ogromnych, zainspirowanych prawdziwymi polami bitew mapach odtworzonych na podstawie archiwalnych zdj\u0119\u0107 lotniczych i&nbsp;satelitarnych, a&nbsp;dzi\u0119ki silnikowi graficznemu Unreal Engine 4 zmagania wojenne wygl\u0105daj\u0105 nies\u0142ychanie realistycznie. <\/p>\n<p>*Walcz i&nbsp;wygrywaj razem*<br \/>\nHell Let Loose nie polega na rywalizacji o&nbsp;jak najwi\u0119cej zabi\u0107. Praca zespo\u0142owa i&nbsp;komunikacja to podstawa. Gracze walcz\u0105 wsp\u00f3lnie pod dow\u00f3dztwem oficer\u00f3w i&nbsp;dow\u00f3dc\u00f3w, aby podbija\u0107 strategiczne cele na polu bitwy i&nbsp;dziesi\u0105tkowa\u0107 oddzia\u0142y wroga. Hell Let Loose to gra, w kt\u00f3rej praca zespo\u0142owa i&nbsp;komunikacja jest kluczem do przetrwania i&nbsp;zwyci\u0119stwa.   <\/p>\n<p>*Unikalne elementy strategii*<br \/>\nWalcz o&nbsp;zwyci\u0119stwo, przedzieraj\u0105c si\u0119 przez oddzia\u0142y wroga na du\u017cym, nieustannie zmieniaj\u0105cym si\u0119 polu bitwy. W ramach unikalnego systemu sektor\u00f3w dru\u017cyny musz\u0105 stale podejmowa\u0107 wa\u017cne decyzje taktyczne dotycz\u0105ce ataku lub&nbsp;obrony. Zarz\u0105dzaj zasobami i&nbsp;dostawami, wzywaj posi\u0142ki, wzmacniaj najwa\u017cniejsze punkty i&nbsp;otaczaj oddzia\u0142y wroga. Strategia jest kluczem do sukcesu.<\/p>\n<p>&#8211; Tocz epickie bitwy 50 kontra 50 w trybie wieloosobowym<br \/>\n&#8211; Wybieraj spo\u015br\u00f3d 14 unikalnych r\u00f3l<br \/>\n&#8211; Usi\u0105d\u017a za sterami rozmaitych pojazd\u00f3w: od siej\u0105cego spustoszenie czo\u0142gu Panther po skromnego Jeepa<br \/>\n&#8211; Bombarduj i&nbsp;dziesi\u0105tkuj wrog\u00f3w za pomoc\u0105 broni ci\u0119\u017ckiej takiej jak dzia\u0142a przeciwpancerne i&nbsp;artyleria.<br \/>\n&#8211; Buduj obrony na polu bitwy, aby ufortyfikowa\u0107 swoj\u0105 pozycj\u0119<br \/>\n&#8211; Koordynuj dzia\u0142ania z&nbsp;cz\u0142onkami dru\u017cyny, aby przebi\u0107 si\u0119 przez lini\u0119 frontu i&nbsp;zwyci\u0119\u017cy\u0107<br \/>\n&#8211; Graj jako dow\u00f3dca i&nbsp;poprowad\u017a dru\u017cyn\u0119 do zwyci\u0119stwa, u\u017cywaj\u0105c r\u00f3\u017cnych umiej\u0119tno\u015bci i&nbsp;kontroluj\u0105c swoje oddzia\u0142y za po\u015brednictwem mapy taktycznej<\/p>","protected":false},"excerpt":{"rendered":"<p>Hell Let Loose to realistyczna, osadzona w czasach II wojny \u015bwiatowej strzelanka FPP, w kt\u00f3rej nawet 100 \u017co\u0142nierzy piechoty, oddzia\u0142\u00f3w pancernych i&nbsp;artyleryjskich wojuje na rozleg\u0142ych polach bitew, wp\u0142ywaj\u0105c na dynamiczn\u0105 lini\u0119 frontu. Ta wyj\u0105tkowa gra z&nbsp;elementami zarz\u0105dzania zasobami i&nbsp;strategii cechuje si\u0119 \u0142atwymi w zrozumieniu zasadami, ale jest trudniejsza do opanowania. To II wojna \u015bwiatowa w [&hellip;]<\/p>\n","protected":false},"featured_media":677514,"comment_status":"closed","ping_status":"closed","template":"","meta":{"ub_ctt_via":""},"product_cat":[88,221,78,222],"product_tag":[218],"class_list":["post-677018","product","type-product","status-publish","has-post-thumbnail","hentry","product_cat-action","product_cat-indie","product_cat-simulation","product_cat-strategy","product_tag-games","platform-steam-works"],"_links":{"self":[{"href":"https:\/\/neuvee.com\/pl\/wp-json\/wp\/v2\/product\/677018","targetHints":{"allow":["GET"]}}],"collection":[{"href":"https:\/\/neuvee.com\/pl\/wp-json\/wp\/v2\/product"}],"about":[{"href":"https:\/\/neuvee.com\/pl\/wp-json\/wp\/v2\/types\/product"}],"replies":[{"embeddable":true,"href":"https:\/\/neuvee.com\/pl\/wp-json\/wp\/v2\/comments?post=677018"}],"wp:featuredmedia":[{"embeddable":true,"href":"https:\/\/neuvee.com\/pl\/wp-json\/wp\/v2\/media\/677514"}],"wp:attachment":[{"href":"https:\/\/neuvee.com\/pl\/wp-json\/wp\/v2\/media?parent=677018"}],"wp:term":[{"taxonomy":"product_cat","embeddable":true,"href":"https:\/\/neuvee.com\/pl\/wp-json\/wp\/v2\/product_cat?post=677018"},{"taxonomy":"product_tag","embeddable":true,"href":"https:\/\/neuvee.com\/pl\/wp-json\/wp\/v2\/product_tag?post=677018"}],"curies":[{"name":"wp","href":"https:\/\/api.w.org\/{rel}","templated":true}]}}