{"id":677012,"date":"2023-09-21T13:11:51","date_gmt":"2023-09-21T13:11:51","guid":{"rendered":"https:\/\/neuvee.com\/?post_type=product&#038;p=677012"},"modified":"2025-05-19T13:45:57","modified_gmt":"2025-05-19T13:45:57","slug":"hammerting-early-access","status":"publish","type":"product","link":"https:\/\/neuvee.com\/pl\/product\/hammerting-early-access\/","title":{"rendered":"HAMMERTING &#8211; EARLY ACCESS"},"content":{"rendered":"<p>Mamy ambitne plany dotycz\u0105ce \u015bwiata Hammerting.  Wczesny dost\u0119p to dla nas okazja, aby wsp\u00f3lnie z&nbsp;graczami dopracowa\u0107 gr\u0119, testowa\u0107 j\u0105 i&nbsp;wprowadzi\u0107 nowe funkcje do produktu ko\u0144cowego. W okresie tym samodzielno\u015b\u0107 finansowa studia jest niezwykle wa\u017cna. Przychody z&nbsp;wczesnego dost\u0119pu s\u0105 zatem&nbsp;kluczowe do osi\u0105gni\u0119cia wyznaczonych cel\u00f3w.<\/p>\n<p>Uko\u0144czenie wszystkich planowanych przez nas funkcji i&nbsp;zrealizowanie naszej wizji Hammerting potrwa od 6 miesi\u0119cy do roku.<\/p>\n<p>Pe\u0142na wersja b\u0119dzie mie\u0107 wi\u0119cej funkcji, mechanizm\u00f3w i&nbsp;u\u0142atwiaj\u0105cych gr\u0119 funkcji. Planujemy wykorzysta\u0107 okres wczesnego dost\u0119pu, aby usprawni\u0107 dzia\u0142anie gry.<\/p>\n<p>Uko\u0144czenie wszystkich planowanych przez nas funkcji i&nbsp;zrealizowanie naszej wizji Hammerting potrwa od 6 miesi\u0119cy do roku.<\/p>\n<p>Pe\u0142na wersja b\u0119dzie mie\u0107 wi\u0119cej funkcji, mechanizm\u00f3w i&nbsp;u\u0142atwiaj\u0105cych gr\u0119 funkcji. Planujemy wykorzysta\u0107 okres wczesnego dost\u0119pu, aby usprawni\u0107 dzia\u0142anie gry.<br \/>\nPodczas gdy rosn\u0105cy rozmiar i&nbsp;zakres Hammerting mo\u017ce wp\u0142yn\u0105\u0107 na cen\u0119 gry, gracze, kt\u00f3rzy wykupili wczesny dost\u0119p, otrzymaj\u0105 pe\u0142n\u0105 wersj\u0119 gry bez wzgl\u0119du na ilo\u015b\u0107 nowej zawarto\u015bci.<\/p>\n<p>Jeste\u015bmy ju\u017c bardzo aktywni w Discord. B\u0119dziemy regularnie rozmawia\u0107 ze spo\u0142eczno\u015bci\u0105 na \u0142amach tego serwisu oraz&nbsp;przez kana\u0142y spo\u0142eczno\u015bciowe po premierze ka\u017cdej wersji. Analizujemy otrzymane opinie i&nbsp;priorytetowo zajmujemy si\u0119 wa\u017cnymi funkcjami, b\u0142\u0119dami i&nbsp;problemami, aby gracze mogli obserwowa\u0107 prawdziwe post\u0119py<br \/>\nWkr\u00f3tce opublikujemy szczeg\u00f3\u0142owe informacje na temat wczesnego dost\u0119pu!<\/p>\n<p><\/p>","protected":false},"excerpt":{"rendered":"<p>Mamy ambitne plany dotycz\u0105ce \u015bwiata Hammerting. Wczesny dost\u0119p to dla nas okazja, aby wsp\u00f3lnie z&nbsp;graczami dopracowa\u0107 gr\u0119, testowa\u0107 j\u0105 i&nbsp;wprowadzi\u0107 nowe funkcje do produktu ko\u0144cowego. W okresie tym samodzielno\u015b\u0107 finansowa studia jest niezwykle wa\u017cna. Przychody z&nbsp;wczesnego dost\u0119pu s\u0105 zatem&nbsp;kluczowe do osi\u0105gni\u0119cia wyznaczonych cel\u00f3w. Uko\u0144czenie wszystkich planowanych przez nas funkcji i&nbsp;zrealizowanie naszej wizji Hammerting potrwa od [&hellip;]<\/p>\n","protected":false},"featured_media":680215,"comment_status":"closed","ping_status":"closed","template":"","meta":{"ub_ctt_via":""},"product_cat":[240,222],"product_tag":[218],"class_list":["post-677012","product","type-product","status-publish","has-post-thumbnail","hentry","product_cat-fantasy","product_cat-strategy","product_tag-games","platform-steam-works"],"_links":{"self":[{"href":"https:\/\/neuvee.com\/pl\/wp-json\/wp\/v2\/product\/677012","targetHints":{"allow":["GET"]}}],"collection":[{"href":"https:\/\/neuvee.com\/pl\/wp-json\/wp\/v2\/product"}],"about":[{"href":"https:\/\/neuvee.com\/pl\/wp-json\/wp\/v2\/types\/product"}],"replies":[{"embeddable":true,"href":"https:\/\/neuvee.com\/pl\/wp-json\/wp\/v2\/comments?post=677012"}],"wp:featuredmedia":[{"embeddable":true,"href":"https:\/\/neuvee.com\/pl\/wp-json\/wp\/v2\/media\/680215"}],"wp:attachment":[{"href":"https:\/\/neuvee.com\/pl\/wp-json\/wp\/v2\/media?parent=677012"}],"wp:term":[{"taxonomy":"product_cat","embeddable":true,"href":"https:\/\/neuvee.com\/pl\/wp-json\/wp\/v2\/product_cat?post=677012"},{"taxonomy":"product_tag","embeddable":true,"href":"https:\/\/neuvee.com\/pl\/wp-json\/wp\/v2\/product_tag?post=677012"}],"curies":[{"name":"wp","href":"https:\/\/api.w.org\/{rel}","templated":true}]}}