{"id":676858,"date":"2023-09-21T13:00:15","date_gmt":"2023-09-21T13:00:15","guid":{"rendered":"https:\/\/neuvee.com\/?post_type=product&#038;p=676858"},"modified":"2025-05-19T14:03:23","modified_gmt":"2025-05-19T14:03:23","slug":"greak-memories-of-azur-6","status":"publish","type":"product","link":"https:\/\/neuvee.com\/pl\/product\/greak-memories-of-azur-6\/","title":{"rendered":"GREAK: MEMORIES OF AZUR"},"content":{"rendered":"<p>Greak: Memories of Azur to jednoosobowa gra side-scrollowa z&nbsp;rysowanymi r\u0119cznie animacjami. Bohaterowie to tr\u00f3jka rodze\u0144stwa: Greak, Adara i&nbsp;Raydel. Twoim zadaniem jest przeprowadzenie ich przez krain\u0119 Azur. Mo\u017cesz prze\u0142\u0105cza\u0107 si\u0119 mi\u0119dzy postaciami i&nbsp;wykorzystywa\u0107 ich zdolno\u015bci specjalne, aby uciec przed najazdem Urlag\u00f3w.<\/p>\n<p>Greak to imi\u0119 g\u0142\u00f3wnego bohatera \u2014 najm\u0142odszego z&nbsp;tr\u00f3jki rodze\u0144stwa. Nale\u017cy do rasy mag\u00f3w o&nbsp;nazwie Courine, zmagaj\u0105cych si\u0119 w\u0142a\u015bnie z&nbsp;najazdem wrogiego stronnictwa \u2014 Urlag\u00f3w. <\/p>\n<p>Walki trwaj\u0105 ju\u017c od d\u0142u\u017cszego czasu i&nbsp;ludno\u015b\u0107 rasy Courine zaczyna opuszcza\u0107 w\u0142asne ziemie. Celem Greaka jest odnalezienie brata (Raydela) oraz&nbsp;siostry (Adary) i&nbsp;wsp\u00f3lna ucieczka z&nbsp;krainy Azur zbudowanym od podstaw statkiem powietrznym.<\/p>\n<p>Wraz z&nbsp;rozwojem gry w r\u00f3\u017cnych scenariuszach odnajdziesz brata i&nbsp;siostr\u0119, a&nbsp;gdy ju\u017c do Ciebie do\u0142\u0105cz\u0105, pomog\u0105 Ci w dalszej grze.<br \/>\nG\u0142\u00f3wne funkcje:<br \/>\nRysowane r\u0119cznie grafiki i&nbsp;animacje: baw si\u0119 dobrze, ogl\u0105daj\u0105c urzekaj\u0105c\u0105 opowie\u015b\u0107 o&nbsp;rodzinie, domu i&nbsp;poczuciu wsp\u00f3lnoty w trudnych czasach, odkrywaj\u0105c przy tym barwne i&nbsp;ekspresyjne scenariusze.<\/p>\n<p>Pieczo\u0142owicie opracowane zagadki: rozwi\u0105zuj pieczo\u0142owicie opracowane zagadki, aby znajdowa\u0107 i&nbsp;zbiera\u0107 kolejne elementy statku powietrznego w po\u0142\u0105czonym \u015bwiecie.<\/p>\n<p>Wyj\u0105tkowa rozgrywka: prze\u0142\u0105czaj si\u0119 pomi\u0119dzy trzema postaciami i&nbsp;korzystaj z&nbsp;ich zdolno\u015bci, aby odkrywa\u0107 magiczn\u0105 krain\u0119 Azur.<\/p>\n<p>Dynamiczne walki: odkrywaj nowe obszary i&nbsp;walcz z&nbsp;przer\u00f3\u017cnymi wrogami, aby uratowa\u0107 ras\u0119 Courine przed najazdem Urlag\u00f3w.<\/p>\n<p>Orkiestralna \u015bcie\u017cka d\u017awi\u0119kowa: rozkoszuj si\u0119 pe\u0142nymi ekspresji, nastrojowymi utworami muzycznymi, stworzonymi z&nbsp;my\u015bl\u0105 o&nbsp;dope\u0142nieniu wra\u017ce\u0144 ze wspania\u0142ej przygody.<\/p>","protected":false},"excerpt":{"rendered":"<p>Greak: Memories of Azur to jednoosobowa gra side-scrollowa z&nbsp;rysowanymi r\u0119cznie animacjami. Bohaterowie to tr\u00f3jka rodze\u0144stwa: Greak, Adara i&nbsp;Raydel. Twoim zadaniem jest przeprowadzenie ich przez krain\u0119 Azur. Mo\u017cesz prze\u0142\u0105cza\u0107 si\u0119 mi\u0119dzy postaciami i&nbsp;wykorzystywa\u0107 ich zdolno\u015bci specjalne, aby uciec przed najazdem Urlag\u00f3w. Greak to imi\u0119 g\u0142\u00f3wnego bohatera \u2014 najm\u0142odszego z&nbsp;tr\u00f3jki rodze\u0144stwa. Nale\u017cy do rasy mag\u00f3w o&nbsp;nazwie Courine, [&hellip;]<\/p>\n","protected":false},"featured_media":679183,"comment_status":"closed","ping_status":"closed","template":"","meta":{"ub_ctt_via":""},"product_cat":[225,88,127,221],"product_tag":[218],"class_list":["post-676858","product","type-product","status-publish","has-post-thumbnail","hentry","product_cat-role-playing","product_cat-action","product_cat-adventure","product_cat-indie","product_tag-games","platform-steam-works"],"_links":{"self":[{"href":"https:\/\/neuvee.com\/pl\/wp-json\/wp\/v2\/product\/676858","targetHints":{"allow":["GET"]}}],"collection":[{"href":"https:\/\/neuvee.com\/pl\/wp-json\/wp\/v2\/product"}],"about":[{"href":"https:\/\/neuvee.com\/pl\/wp-json\/wp\/v2\/types\/product"}],"replies":[{"embeddable":true,"href":"https:\/\/neuvee.com\/pl\/wp-json\/wp\/v2\/comments?post=676858"}],"wp:featuredmedia":[{"embeddable":true,"href":"https:\/\/neuvee.com\/pl\/wp-json\/wp\/v2\/media\/679183"}],"wp:attachment":[{"href":"https:\/\/neuvee.com\/pl\/wp-json\/wp\/v2\/media?parent=676858"}],"wp:term":[{"taxonomy":"product_cat","embeddable":true,"href":"https:\/\/neuvee.com\/pl\/wp-json\/wp\/v2\/product_cat?post=676858"},{"taxonomy":"product_tag","embeddable":true,"href":"https:\/\/neuvee.com\/pl\/wp-json\/wp\/v2\/product_tag?post=676858"}],"curies":[{"name":"wp","href":"https:\/\/api.w.org\/{rel}","templated":true}]}}