{"id":676582,"date":"2023-09-21T12:34:55","date_gmt":"2023-09-21T12:34:55","guid":{"rendered":"https:\/\/neuvee.com\/?post_type=product&#038;p=676582"},"modified":"2025-05-19T14:33:09","modified_gmt":"2025-05-19T14:33:09","slug":"genesis-alpha-one-deluxe-edition-6","status":"publish","type":"product","link":"https:\/\/neuvee.com\/pl\/product\/genesis-alpha-one-deluxe-edition-6\/","title":{"rendered":"GENESIS ALPHA ONE DELUXE EDITION"},"content":{"rendered":"<p>W Deluxe Edition:<br \/>\n&#8211; Album z&nbsp;grafikami<br \/>\n&#8211; \u015acie\u017cka d\u017awi\u0119kowa<br \/>\n&#8211; Zawarto\u015b\u0107 do pobrania Rocket Star Corporation<\/p>\n<p>Niedaleka przysz\u0142o\u015b\u0107: \u015bwiat jest opanowany przez wojny i&nbsp;skorumpowane rz\u0105dy, a&nbsp;Ziemia umiera pod wp\u0142ywem zanieczyszczenia. Jest jednak&nbsp;ostatnia nadzieja: utworzony przez wp\u0142ywowe korporacje program Genesis.<br \/>\nJako kapitan okr\u0119tu gwiezdnego Genesis lecisz do niezbadanych zak\u0105tk\u00f3w kosmosu w poszukiwaniu zbawienia dla ludzko\u015bci. Buduj i&nbsp;zarz\u0105dzaj okr\u0119tem kosmicznym, zbieraj surowce, staw czo\u0142a kosmitom, klonuj stwory i&nbsp;przemierzaj ogromny, losowo generowany wszech\u015bwiat. <\/p>\n<p>Dzi\u0119ki ogromnym, randomizowanym galaktykom ka\u017cda rozgrywka w Genesis Alpha One jest niepowtarzalna. Wybierz jeden z&nbsp;trzech poziom\u00f3w trudno\u015bci lub&nbsp;dostosuj gr\u0119 do w\u0142asnego stylu grania, korzystaj\u0105c z&nbsp;trybu niestandardowego. Odkrywaj nowe planety, omijaj pola asteroid\u00f3w i&nbsp;wychod\u017a zwyci\u0119sko ze star\u0107 z&nbsp;rasami Mechanics i&nbsp;Framen, kosmicznymi piratami, kt\u00f3rzy chc\u0105 zaj\u0105\u0107 Tw\u00f3j statek i&nbsp;unicestwi\u0107 go wraz ze wszystkimi pasa\u017cerami. \u015amier\u0107 oznacza koniec, a&nbsp;zatem \u015bmier\u0107 wszystkich Twoich klon\u00f3w to koniec misji. W nast\u0119pnej rozgrywce zachowasz jednak&nbsp;odkryte artefakty i&nbsp;odblokujesz nowe korporacje, dzi\u0119ki czemu z&nbsp;ka\u017cd\u0105 kolejn\u0105 pr\u00f3b\u0105 mo\u017cesz rosn\u0105\u0107 w si\u0142\u0119.<\/p>\n<p>*Buduj, ulepszaj, eksploruj*<\/p>\n<p>Zaczynaj\u0105c od ma\u0142ego okr\u0119tu, budujesz i&nbsp;utrzymujesz mi\u0119dzygalaktyczn\u0105 ark\u0119, \u0142\u0105cz\u0105c liczne, mo\u017cliwe do ulepszenia modu\u0142y kosmiczne, takie jak kwatery za\u0142ogi, warsztaty, hangary, laboratoria klonowania i&nbsp;szklarnie.<br \/>\nDzi\u0119ki intuicyjnemu menu budowania mo\u017cesz \u0142atwo \u0142\u0105czy\u0107 cz\u0119\u015bci okr\u0119tu, aby dostosowa\u0107 go do w\u0142asnego stylu gry. Rozwi\u0144 w\u0142asny okr\u0119t i&nbsp;zwied\u017a jego wn\u0119trze z&nbsp;perspektywy pierwszej osoby.<\/p>\n<p>*Zwalczaj inwazje obcych*<\/p>\n<p>Inwazje obcych mog\u0105 rozprzestrzenia\u0107 si\u0119 szybko, ska\u017caj\u0105c statek i&nbsp;jego za\u0142og\u0119. Musisz wypleni\u0107 obcych, zanim b\u0119dzie ich zbyt wielu i&nbsp;statek zostanie zniszczony. Mo\u017cesz prowadzi\u0107 badania nad arsena\u0142em broni i&nbsp;mechanizm\u00f3w obronnych, kt\u00f3re pomog\u0105 w walce z&nbsp;zagro\u017ceniem. U\u017cywaj w walce z&nbsp;obcymi pot\u0119\u017cnej broni, prowad\u017a badania nad chorobami obcych, aby leczy\u0107 w\u0142asn\u0105 za\u0142og\u0119, korzystaj z&nbsp;nowych zdolno\u015bci i&nbsp;rozstawiaj boty bojowe, kt\u00f3re przerzedz\u0105 hordy obcych.<\/p>\n<p>*Klonuj i&nbsp;tw\u00f3rz nowe formy \u017cycia*<\/p>\n<p>W miar\u0119 rozwoju okr\u0119tu ro\u015bnie zapotrzebowanie na za\u0142og\u0119. Dzi\u0119ki rewolucyjnej technologii klonowania Twoja za\u0142oga b\u0119dzie rozwija\u0107 si\u0119, aby sprosta\u0107 potrzebom okr\u0119tu.<br \/>\nPobieraj pr\u00f3bki DNA od kosmit\u00f3w napotkanych podczas kosmicznych woja\u017cy i&nbsp;\u0142\u0105cz je z&nbsp;genami cz\u0142onk\u00f3w za\u0142ogi, aby zapewni\u0107 ludzko\u015bci nowe zdolno\u015bci.<\/p>\n<p>*Przeczesuj bezkresn\u0105 przestrze\u0144 kosmiczn\u0105 w poszukiwaniu cennych zasob\u00f3w*<\/p>\n<p>Aby rozbudowywa\u0107 statek i&nbsp;zapewni\u0107 za\u0142odze przetrwanie, musisz eksplorowa\u0107 pe\u0142ne niebezpiecze\u0144stw planety. Zdobywaj pierwiastki, takie jak mied\u017a czy uran, i&nbsp;zbieraj ro\u015bliny, kt\u00f3re zapewni\u0105 po\u017cywienie pasa\u017cerom Twojego statku. Mo\u017cesz r\u00f3wnie\u017c natrafia\u0107 na artefakty obcych i&nbsp;materia\u0142y wywiadowcze badaczy, kt\u00f3rzy dawno ju\u017c odeszli i&nbsp;nie zd\u0105\u017cyli opowiedzie\u0107 swojej historii.<\/p>","protected":false},"excerpt":{"rendered":"<p>W Deluxe Edition: &#8211; Album z&nbsp;grafikami &#8211; \u015acie\u017cka d\u017awi\u0119kowa &#8211; Zawarto\u015b\u0107 do pobrania Rocket Star Corporation Niedaleka przysz\u0142o\u015b\u0107: \u015bwiat jest opanowany przez wojny i&nbsp;skorumpowane rz\u0105dy, a&nbsp;Ziemia umiera pod wp\u0142ywem zanieczyszczenia. Jest jednak&nbsp;ostatnia nadzieja: utworzony przez wp\u0142ywowe korporacje program Genesis. Jako kapitan okr\u0119tu gwiezdnego Genesis lecisz do niezbadanych zak\u0105tk\u00f3w kosmosu w poszukiwaniu zbawienia dla ludzko\u015bci. Buduj [&hellip;]<\/p>\n","protected":false},"featured_media":680221,"comment_status":"closed","ping_status":"closed","template":"","meta":{"ub_ctt_via":""},"product_cat":[88,116],"product_tag":[218],"class_list":["post-676582","product","type-product","status-publish","has-post-thumbnail","hentry","product_cat-action","product_cat-shooter","product_tag-games","platform-steam-works"],"_links":{"self":[{"href":"https:\/\/neuvee.com\/pl\/wp-json\/wp\/v2\/product\/676582","targetHints":{"allow":["GET"]}}],"collection":[{"href":"https:\/\/neuvee.com\/pl\/wp-json\/wp\/v2\/product"}],"about":[{"href":"https:\/\/neuvee.com\/pl\/wp-json\/wp\/v2\/types\/product"}],"replies":[{"embeddable":true,"href":"https:\/\/neuvee.com\/pl\/wp-json\/wp\/v2\/comments?post=676582"}],"wp:featuredmedia":[{"embeddable":true,"href":"https:\/\/neuvee.com\/pl\/wp-json\/wp\/v2\/media\/680221"}],"wp:attachment":[{"href":"https:\/\/neuvee.com\/pl\/wp-json\/wp\/v2\/media?parent=676582"}],"wp:term":[{"taxonomy":"product_cat","embeddable":true,"href":"https:\/\/neuvee.com\/pl\/wp-json\/wp\/v2\/product_cat?post=676582"},{"taxonomy":"product_tag","embeddable":true,"href":"https:\/\/neuvee.com\/pl\/wp-json\/wp\/v2\/product_tag?post=676582"}],"curies":[{"name":"wp","href":"https:\/\/api.w.org\/{rel}","templated":true}]}}