{"id":676562,"date":"2023-09-21T12:31:45","date_gmt":"2023-09-21T12:31:45","guid":{"rendered":"https:\/\/neuvee.com\/?post_type=product&#038;p=676562"},"modified":"2025-05-19T14:22:28","modified_gmt":"2025-05-19T14:22:28","slug":"epic-chef-6","status":"publish","type":"product","link":"https:\/\/neuvee.com\/pl\/product\/epic-chef-6\/","title":{"rendered":"EPIC CHEF"},"content":{"rendered":"<p>Epic Chef to fabularna gra przygodowa okraszona elementami symulacji \u017cycia rolnika oraz&nbsp;motywami zwi\u0105zanymi z&nbsp;rzemios\u0142em. Wsp\u00f3lnie sk\u0142adniki te tworz\u0105 wy\u015bmienite danie \u2013 interaktywne miejsce pracy szefa kuchni. Serwowane tu potrawy doprawiono szczypt\u0105 humoru, a&nbsp;inspiracj\u0105 dla tw\u00f3rc\u00f3w wyst\u0119puj\u0105cych w grze postaci byli klasyczni bohaterowie, tacy jak Mister Ajikko, oraz&nbsp;dzie\u0142a Sir Terry&#8217;ego Pratchetta. Si\u0119gnij po szpatu\u0142k\u0119 i&nbsp;wyrusz w podr\u00f3\u017c, u kresu kt\u00f3rej czeka stanowisko&#8230; szefa kuchni Epic Chef! <\/p>\n<p>MISTRZ PATELNI<br \/>\nW grze Epic Chef b\u0119dziesz \u0142\u0105czy\u0107 sk\u0142adniki, mieszaj\u0105c i&nbsp;podrzucaj\u0105c je z&nbsp;precyzj\u0105 szefa kuchni, by w efekcie wzbogaci\u0107 swoje dania o&nbsp;aromaty wigoru, finezji i&nbsp;zapa\u0142u. Elementy te stanowi\u0105 istot\u0119 pracy dobrego kucharza, wi\u0119c&nbsp;musisz opanowa\u0107 je w stopniu mistrzowskim, by my\u015ble\u0107 o&nbsp;pozycji najlepszego szefa kuchni w Ambrozji. <\/p>\n<p>PYSZNE DANIA<br \/>\nPasuj\u0105ce do siebie dania i&nbsp;wyj\u0105tkowe w\u0142a\u015bciwo\u015bci poszczeg\u00f3lnych sk\u0142adnik\u00f3w w po\u0142\u0105czeniu z&nbsp;dynamicznym systemem tworzenia przepis\u00f3w dadz\u0105 Ci mo\u017cliwo\u015b\u0107 eksperymentowania z&nbsp;tysi\u0105cami r\u00f3\u017cnorodnych kombinacji i&nbsp;tworzenia unikatowych menu pe\u0142nych wyszukanych potraw. Szczury w pomidorach z&nbsp;ziemniakami? Pewnie masz na my\u015bli pomidorowy suflet i&nbsp;bitki ze szkodnik\u00f3w w sosie skrobiowym? <\/p>\n<p>ZA\u017bARTE BITWY KUCHARSKIE<br \/>\nZmierz si\u0119 z&nbsp;rywalami w zaciek\u0142ych kuchennych potyczkach, by przekona\u0107 si\u0119, kto zas\u0142uguje na miano prawdziwego kulinarnego kr\u00f3la Ambrozji! Ocena dania zale\u017cy od wielu czynnik\u00f3w, takich jak sk\u0142adniki, aromaty i&nbsp;wyrazisto\u015b\u0107 smaku, a&nbsp;ka\u017cdy juror ma przecie\u017c odmienny gust. Osi\u0105gnij mistrzostwo, opanowuj\u0105c sztuk\u0119 wzbogacania da\u0144 o&nbsp;sosy, i&nbsp;zdob\u0105d\u017a uznanie jury. <\/p>\n<p>SK\u0141ADNIKI Z W\u0141ASNYCH UPRAW I DANIA DOMOWEJ ROBOTY<br \/>\nZadbaj o&nbsp;samowystarczalno\u015b\u0107, uprawiaj\u0105c owoce i&nbsp;warzywa, gromadz\u0105c zasoby i&nbsp;buduj\u0105c specjalistyczne maszyny, kt\u00f3re umo\u017cliwi\u0105 przetwarzanie podstawowych produkt\u00f3w. Hodowla eklektycznej zbieraniny zwierz\u0105t rozmaitych gatunk\u00f3w \u2013 od kr\u00f3w po jednoro\u017cce \u2013 pozwoli na tworzenie nowych sk\u0142adnik\u00f3w przepis\u00f3w! Nie nale\u017cy tak\u017ce zapomina\u0107 o&nbsp;naprawach i&nbsp;ulepszeniach nieco podupad\u0142ej (i nieco nawiedzonej) posiad\u0142o\u015bci. <\/p>\n<p>ZWIEDZAJ AMBROZJ\u0118<br \/>\nWitaj w Ambrozji, znanej na ca\u0142ym \u015bwiecie krainie gastronomicznych uniesie\u0144 i&nbsp;rolniczych cud\u00f3w. Swobodnie eksploruj wszystkie atrakcje, kt\u00f3re ma do zaoferowania Ambrozja \u2013 jej kr\u0119te uliczki, \u017cyzne zielone pola, niecodzienne restauracje i&nbsp;gwarne tawerny. Wsz\u0119dzie spotkasz przyjaznych mieszka\u0144c\u00f3w okolic, kt\u00f3rzy z&nbsp;pewno\u015bci\u0105 ch\u0119tnie si\u0119 z&nbsp;Tob\u0105 zaprzyja\u017ani\u0105.<\/p>\n<p><\/p>","protected":false},"excerpt":{"rendered":"<p>Epic Chef to fabularna gra przygodowa okraszona elementami symulacji \u017cycia rolnika oraz&nbsp;motywami zwi\u0105zanymi z&nbsp;rzemios\u0142em. Wsp\u00f3lnie sk\u0142adniki te tworz\u0105 wy\u015bmienite danie \u2013 interaktywne miejsce pracy szefa kuchni. Serwowane tu potrawy doprawiono szczypt\u0105 humoru, a&nbsp;inspiracj\u0105 dla tw\u00f3rc\u00f3w wyst\u0119puj\u0105cych w grze postaci byli klasyczni bohaterowie, tacy jak Mister Ajikko, oraz&nbsp;dzie\u0142a Sir Terry&#8217;ego Pratchetta. Si\u0119gnij po szpatu\u0142k\u0119 i&nbsp;wyrusz w [&hellip;]<\/p>\n","protected":false},"featured_media":680089,"comment_status":"closed","ping_status":"closed","template":"","meta":{"ub_ctt_via":""},"product_cat":[225,127,221,78],"product_tag":[218],"class_list":["post-676562","product","type-product","status-publish","has-post-thumbnail","hentry","product_cat-role-playing","product_cat-adventure","product_cat-indie","product_cat-simulation","product_tag-games","platform-steam-works"],"_links":{"self":[{"href":"https:\/\/neuvee.com\/pl\/wp-json\/wp\/v2\/product\/676562","targetHints":{"allow":["GET"]}}],"collection":[{"href":"https:\/\/neuvee.com\/pl\/wp-json\/wp\/v2\/product"}],"about":[{"href":"https:\/\/neuvee.com\/pl\/wp-json\/wp\/v2\/types\/product"}],"replies":[{"embeddable":true,"href":"https:\/\/neuvee.com\/pl\/wp-json\/wp\/v2\/comments?post=676562"}],"wp:featuredmedia":[{"embeddable":true,"href":"https:\/\/neuvee.com\/pl\/wp-json\/wp\/v2\/media\/680089"}],"wp:attachment":[{"href":"https:\/\/neuvee.com\/pl\/wp-json\/wp\/v2\/media?parent=676562"}],"wp:term":[{"taxonomy":"product_cat","embeddable":true,"href":"https:\/\/neuvee.com\/pl\/wp-json\/wp\/v2\/product_cat?post=676562"},{"taxonomy":"product_tag","embeddable":true,"href":"https:\/\/neuvee.com\/pl\/wp-json\/wp\/v2\/product_tag?post=676562"}],"curies":[{"name":"wp","href":"https:\/\/api.w.org\/{rel}","templated":true}]}}