{"id":676363,"date":"2023-09-21T12:19:10","date_gmt":"2023-09-21T12:19:10","guid":{"rendered":"https:\/\/neuvee.com\/?post_type=product&#038;p=676363"},"modified":"2025-05-19T14:23:21","modified_gmt":"2025-05-19T14:23:21","slug":"dredge-5","status":"publish","type":"product","link":"https:\/\/neuvee.com\/pl\/product\/dredge-5\/","title":{"rendered":"DREDGE"},"content":{"rendered":"<p>Obejmij dowodzenie nad statkiem rybackim i&nbsp;eksploruj odleg\u0142e wyspy oraz&nbsp;otaczaj\u0105cej je wody. Sprzedawaj zdobycze miejscowym i&nbsp;wykonuj zadania, aby dowiedzie\u0107 si\u0119 wi\u0119cej o&nbsp;burzliwej przesz\u0142o\u015bci ka\u017cdego obszaru. Ulepsz wyposa\u017cenie statku, aby przeczesywa\u0107 g\u0142\u0119bokie rowy morskie i&nbsp;przemierza\u0107 odleg\u0142e miejsca. Pami\u0119taj, aby pilnowa\u0107 czasu: nie spodoba Ci si\u0119 to, co czyha w mroku&#8230;<br \/>\n<b>Eksploruj wyspy i&nbsp;odkryj ich tajemnice<\/b><br \/>\nZaczynaj\u0105c w nowym domu na odleg\u0142ym archipelagu \u201eThe Marrows\u201d, wyp\u0142y\u0144 i&nbsp;przeczesuj g\u0142\u0119biny morskie w poszukiwaniu ciekawych przedmiot\u00f3w do zebrania i&nbsp;ponad 125 morskich stworze\u0144. Eksploruj ka\u017cdy obszar, wykonuj\u0105c zadania i&nbsp;odwiedzaj\u0105c s\u0105siednie wyspy \u2013 ka\u017cda z&nbsp;niepowtarzalnymi mo\u017cliwo\u015bciami, mieszka\u0144cami i&nbsp;tajemnicami.<br \/>\n<b>Przeczesuj g\u0142\u0119biny morskie<\/b><br \/>\nKto\u015b powierzy\u0142 Ci zbadanie przesz\u0142o\u015bci, ale czy ufasz temu komu\u015b i&nbsp;czy podo\u0142asz wyzwaniu?<br \/>\n<b>Uwa\u017caj na mg\u0142\u0119<\/b><br \/>\nNiebezpiecze\u0144stwo czyha na ka\u017cdym kroku \u2013 musisz uwa\u017ca\u0107 na ostre ska\u0142y i&nbsp;rafy koralowe, cho\u0107 najwi\u0119ksze zagro\u017cenie czai si\u0119 we mgle, kt\u00f3ra spowija morze noc\u0105\u2026<br \/>\n<b>Cechy gry<\/b><br \/>\n&#8211; Odkryj tajemnic\u0119: obejmij dowodzenie nad statkiem rybackim i&nbsp;eksploruj odleg\u0142e wyspy \u2013 ka\u017cda z&nbsp;w\u0142asnymi mieszka\u0144cami, faun\u0105 i&nbsp;historiami do poznania.<br \/>\n&#8211; Przeczesuj g\u0142\u0119biny morskie: przeczesuj morze w poszukiwaniu ukrytych skarb\u00f3w i&nbsp;wykonuj zadania, aby zyska\u0107 nowe dziwne zdolno\u015bci.<br \/>\n&#8211; Ulepszaj sw\u00f3j statek: opracowuj specjalne wyposa\u017cenie i&nbsp;ulepszaj statek, aby dotrze\u0107 do rzadkich ryb i&nbsp;cennych przedmiot\u00f3w ukrytych w g\u0142\u0119binach morskich.<br \/>\n&#8211; \u0141\u00f3w ryby, aby przetrwa\u0107: sprzedawaj swoje odkrycia miejscowym, dowiaduj\u0105c si\u0119 przy okazji wi\u0119cej o&nbsp;ka\u017cdym obszarze, i&nbsp;ulepszaj statek, aby dotrze\u0107 do kolejnych odleg\u0142ych lokalizacji.<br \/>\n&#8211; Walcz z&nbsp;niezg\u0142\u0119bionym: wzmocnij sw\u00f3j umys\u0142 i&nbsp;u\u017cyj zdolno\u015bci, aby przetrwa\u0107 na morzu po zmroku.<\/p>\n<p><\/p>","protected":false},"excerpt":{"rendered":"<p>Obejmij dowodzenie nad statkiem rybackim i&nbsp;eksploruj odleg\u0142e wyspy oraz&nbsp;otaczaj\u0105cej je wody. Sprzedawaj zdobycze miejscowym i&nbsp;wykonuj zadania, aby dowiedzie\u0107 si\u0119 wi\u0119cej o&nbsp;burzliwej przesz\u0142o\u015bci ka\u017cdego obszaru. Ulepsz wyposa\u017cenie statku, aby przeczesywa\u0107 g\u0142\u0119bokie rowy morskie i&nbsp;przemierza\u0107 odleg\u0142e miejsca. Pami\u0119taj, aby pilnowa\u0107 czasu: nie spodoba Ci si\u0119 to, co czyha w mroku&#8230; Eksploruj wyspy i&nbsp;odkryj ich tajemnice Zaczynaj\u0105c w [&hellip;]<\/p>\n","protected":false},"featured_media":679118,"comment_status":"closed","ping_status":"closed","template":"","meta":{"ub_ctt_via":""},"product_cat":[127,89],"product_tag":[218],"class_list":["post-676363","product","type-product","status-publish","has-post-thumbnail","hentry","product_cat-adventure","product_cat-rpg","product_tag-games","platform-steam-works"],"_links":{"self":[{"href":"https:\/\/neuvee.com\/pl\/wp-json\/wp\/v2\/product\/676363","targetHints":{"allow":["GET"]}}],"collection":[{"href":"https:\/\/neuvee.com\/pl\/wp-json\/wp\/v2\/product"}],"about":[{"href":"https:\/\/neuvee.com\/pl\/wp-json\/wp\/v2\/types\/product"}],"replies":[{"embeddable":true,"href":"https:\/\/neuvee.com\/pl\/wp-json\/wp\/v2\/comments?post=676363"}],"wp:featuredmedia":[{"embeddable":true,"href":"https:\/\/neuvee.com\/pl\/wp-json\/wp\/v2\/media\/679118"}],"wp:attachment":[{"href":"https:\/\/neuvee.com\/pl\/wp-json\/wp\/v2\/media?parent=676363"}],"wp:term":[{"taxonomy":"product_cat","embeddable":true,"href":"https:\/\/neuvee.com\/pl\/wp-json\/wp\/v2\/product_cat?post=676363"},{"taxonomy":"product_tag","embeddable":true,"href":"https:\/\/neuvee.com\/pl\/wp-json\/wp\/v2\/product_tag?post=676363"}],"curies":[{"name":"wp","href":"https:\/\/api.w.org\/{rel}","templated":true}]}}