{"id":676337,"date":"2023-09-21T11:54:31","date_gmt":"2023-09-21T11:54:31","guid":{"rendered":"https:\/\/neuvee.com\/?post_type=product&#038;p=676337"},"modified":"2025-05-19T14:31:44","modified_gmt":"2025-05-19T14:31:44","slug":"bravery-and-greed-6","status":"publish","type":"product","link":"https:\/\/neuvee.com\/pl\/product\/bravery-and-greed-6\/","title":{"rendered":"BRAVERY AND GREED"},"content":{"rendered":"<p>Z\u0142o\u017cony system walki<br \/>\nNiezale\u017cnie od tego, czy grasz pot\u0119\u017cn\u0105 Amazonk\u0105, m\u0119\u017cnym wojownikiem, zwinnym \u0142otrem, czy ekscentrycznym czarodziejem (oraz jego wiernymi \u017cywio\u0142akami czekaj\u0105cymi na wezwanie), mo\u017cesz korzysta\u0107 z&nbsp;wielu r\u00f3\u017cnych kombinacji ruch\u00f3w charakterystycznych dla danej klasy. Odpieraj ataki, r\u00f3b uniki, wyrzu\u0107 przeciwnika w powietrze, a&nbsp;nast\u0119pnie u\u017cyj siej\u0105cych zniszczenie ruch\u00f3w specjalnych, aby zyska\u0107 przewag\u0119 nad coraz pot\u0119\u017cniejszymi wrogami, bossami, a&nbsp;nawet Twoimi znajomymi.<\/p>\n<p>Personalizacja bohater\u00f3w<br \/>\nOpr\u00f3cz wyboru klasy b\u0119dziesz te\u017c na bie\u017c\u0105co podejmowa\u0107 decyzje, kt\u00f3re wp\u0142yn\u0105 na zestaw umiej\u0119tno\u015bci Twojej postaci. Drzewka umiej\u0119tno\u015bci chaosu, porz\u0105dku, mroku i&nbsp;\u017cycia umo\u017cliwi\u0105 Ci rozwijanie umiej\u0119tno\u015bci i&nbsp;zdobycie zdolno\u015bci specjalnych, a&nbsp;pojawiaj\u0105cy si\u0119 w du\u017cych ilo\u015bciach ekwipunek sprawi, \u017ce ka\u017cda rozgrywka b\u0119dzie wydawa\u0107 si\u0119 niepowtarzalna dzi\u0119ki mnogo\u015bci dost\u0119pnych opcji.<\/p>\n<p>Zr\u00f3\u017cnicowane rozgrywki PvE i&nbsp;PvP<br \/>\nOdkryj wiele r\u00f3\u017cnych ekscytuj\u0105cych lokacji w trybie przygody i&nbsp;pokonuj biomy i&nbsp;boss\u00f3w w poszukiwaniu run do podniebnej fortecy. Sprzymierz si\u0119 ze znajomymi i&nbsp;sta\u0144 do walki z&nbsp;kolejnymi falami wrog\u00f3w w pe\u0142nym wyzwa\u0144 trybie hordy lub&nbsp;rozstrzygnij sp\u00f3r w starciu na arenie PvP dla dru\u017cyn lub&nbsp;w formule ka\u017cdy z&nbsp;ka\u017cdym.<\/p>\n<p>Chciwo\u015b\u0107 jest wieczna<br \/>\nW grze Bravery and Greed mo\u017cesz na sta\u0142e odblokowa\u0107 znakomit\u0105 zawarto\u015b\u0107 i&nbsp;zmieniaj\u0105ce gr\u0119 rozszerzenia dzi\u0119ki zdobywaniu kolejnych poziom\u00f3w w zamian za z\u0142oto. Bezwzgl\u0119dnie gromad\u017a monety i&nbsp;pl\u0105druj skrzynie, kradnij sakiewki ze z\u0142otem, cuc\u0105c sojusznik\u00f3w, lub&nbsp;b\u0105d\u017a pierwsz\u0105 osob\u0105, kt\u00f3ra zgarnie \u0142up po epickiej potyczce. Wzboga\u0107 si\u0119 lub&nbsp;zgi\u0144, pr\u00f3buj\u0105c!<\/p>\n<p><\/p>","protected":false},"excerpt":{"rendered":"<p>Z\u0142o\u017cony system walki Niezale\u017cnie od tego, czy grasz pot\u0119\u017cn\u0105 Amazonk\u0105, m\u0119\u017cnym wojownikiem, zwinnym \u0142otrem, czy ekscentrycznym czarodziejem (oraz jego wiernymi \u017cywio\u0142akami czekaj\u0105cymi na wezwanie), mo\u017cesz korzysta\u0107 z&nbsp;wielu r\u00f3\u017cnych kombinacji ruch\u00f3w charakterystycznych dla danej klasy. Odpieraj ataki, r\u00f3b uniki, wyrzu\u0107 przeciwnika w powietrze, a&nbsp;nast\u0119pnie u\u017cyj siej\u0105cych zniszczenie ruch\u00f3w specjalnych, aby zyska\u0107 przewag\u0119 nad coraz pot\u0119\u017cniejszymi wrogami, [&hellip;]<\/p>\n","protected":false},"featured_media":676551,"comment_status":"closed","ping_status":"closed","template":"","meta":{"ub_ctt_via":""},"product_cat":[88,127,221],"product_tag":[218],"class_list":["post-676337","product","type-product","status-publish","has-post-thumbnail","hentry","product_cat-action","product_cat-adventure","product_cat-indie","product_tag-games","platform-steam-works"],"_links":{"self":[{"href":"https:\/\/neuvee.com\/pl\/wp-json\/wp\/v2\/product\/676337","targetHints":{"allow":["GET"]}}],"collection":[{"href":"https:\/\/neuvee.com\/pl\/wp-json\/wp\/v2\/product"}],"about":[{"href":"https:\/\/neuvee.com\/pl\/wp-json\/wp\/v2\/types\/product"}],"replies":[{"embeddable":true,"href":"https:\/\/neuvee.com\/pl\/wp-json\/wp\/v2\/comments?post=676337"}],"wp:featuredmedia":[{"embeddable":true,"href":"https:\/\/neuvee.com\/pl\/wp-json\/wp\/v2\/media\/676551"}],"wp:attachment":[{"href":"https:\/\/neuvee.com\/pl\/wp-json\/wp\/v2\/media?parent=676337"}],"wp:term":[{"taxonomy":"product_cat","embeddable":true,"href":"https:\/\/neuvee.com\/pl\/wp-json\/wp\/v2\/product_cat?post=676337"},{"taxonomy":"product_tag","embeddable":true,"href":"https:\/\/neuvee.com\/pl\/wp-json\/wp\/v2\/product_tag?post=676337"}],"curies":[{"name":"wp","href":"https:\/\/api.w.org\/{rel}","templated":true}]}}