{"id":676317,"date":"2023-09-21T11:49:40","date_gmt":"2023-09-21T11:49:40","guid":{"rendered":"https:\/\/neuvee.com\/?post_type=product&#038;p=676317"},"modified":"2025-05-19T14:01:36","modified_gmt":"2025-05-19T14:01:36","slug":"blasphemous-2-6","status":"publish","type":"product","link":"https:\/\/neuvee.com\/pl\/product\/blasphemous-2-6\/","title":{"rendered":"BLASPHEMOUS 2"},"content":{"rendered":"<p>W drugiej ksi\u0119dze z&nbsp;serii gier Blasphemous powraca ten, kt\u00f3rego zw\u0105 The Penitent One. To kontynuacja historii opowiedzianej w darmowym rozszerzeniu Wounds of Eventide do oryginalnej gry, w kt\u00f3rym to Serce na niebie zwiastowa\u0142o powr\u00f3t Cudu i&nbsp;przepowiedzia\u0142o narodziny nowego cudownego dziecka. <\/p>\n<p>Obudziwszy si\u0119 w dziwnej, nieznanej krainie z&nbsp;dala od miejsca swojego ostatniego spoczynku, The Penitent One zostaje ponownie wp\u0119dzony w nieko\u0144cz\u0105cy si\u0119 cykl \u017cycia, \u015bmierci i&nbsp;zmartwychwstania. Nie ma innego wyj\u015bcia \u2013 musi zbada\u0107 ka\u017cdy zakamarek tego nowego, pe\u0142nego niebezpiecze\u0144stw \u015bwiata i&nbsp;odkry\u0107 wszystkie jego dawno zapomniane tajemnice.  <\/p>\n<p>Na twojej drodze stoj\u0105 hordy groteskowych wrog\u00f3w, kt\u00f3rych brutalny The Penitent One musi ostatecznie os\u0105dzi\u0107. W\u015br\u00f3d mroku czyhaj\u0105 za\u015b&nbsp;pot\u0119\u017cni, wynaturzeni bossowie chc\u0105cy odes\u0142a\u0107 ci\u0119 z&nbsp;powrotem do twojego grobu.   <\/p>\n<p>Pokonanie ich nie b\u0119dzie \u0142atwe, lecz&nbsp;w Blasphemous 2 masz do dyspozycji wi\u0119cej mo\u017cliwo\u015bci personalizowania i&nbsp;ulepszania swojego zestawu umiej\u0119tno\u015bci. Jest te\u017c kilka nowych rodzaj\u00f3w unikatowej broni do dzier\u017cenia z&nbsp;pe\u0142n\u0105 gorliwo\u015bci\u0105 i&nbsp;nies\u0142abn\u0105c\u0105 furi\u0105. Zwyci\u0119stwo mo\u017ce wi\u0119c&nbsp;by\u0107 w zasi\u0119gu r\u0119ki.    <\/p>\n<p> Pewne jest tylko jedno: pokuta nie ma ko\u0144ca<\/p>\n<p>Eksploruj bogaty nieliniowy \u015bwiat <\/p>\n<p>Budzisz si\u0119 w dziwnej, nieznanej krainie, a&nbsp;twoja podr\u00f3\u017c rozpoczyna si\u0119 od nowa w\u015br\u00f3d czaruj\u0105co groteskowych krajobraz\u00f3w pe\u0142nych gotyckiego uroku i&nbsp;\u015bmiertelnych pu\u0142apek. To, w jaki spos\u00f3b b\u0119dziesz si\u0119 porusza\u0107 po tym labiryntowym \u015bwiecie, zale\u017cy od ciebie. Tutaj nie ma \u015blepych uliczek \u2013 s\u0105 tylko rachunki do wyr\u00f3wnania. <\/p>\n<p>Brutalna walka <\/p>\n<p>The Penitent One nie okazuje lito\u015bci, a&nbsp;dzi\u0119ki nowym rodzajom broni oferuj\u0105cym nowe ruchy, brutalne egzekucje i&nbsp;rozbudowane kombinacje cios\u00f3w deszcz zniszczenia spadnie na ka\u017cdego, kto stanie ci na drodze. <\/p>\n<p>Dostosuj rozgrywk\u0119 do swoich potrzeb  <\/p>\n<p>Blasphemous 2 oferuje nowe sposoby gry, w tym mo\u017cliwo\u015b\u0107 personalizowania i&nbsp;ulepszania podstawowego zestawu umiej\u0119tno\u015bci, a&nbsp;tak\u017ce kilka nowych broni, dzi\u0119ki kt\u00f3rym sprowadzisz zag\u0142ad\u0119 na wrog\u00f3w. <\/p>\n<p>Zdumiewaj\u0105ce, pe\u0142ne wra\u017ce\u0144 walki z&nbsp;bossami <\/p>\n<p>Na drodze do twojego celu stoj\u0105 ca\u0142e hordy potwornych wrog\u00f3w. Wypaczeni bossowie o&nbsp;niepowtarzalnych atakach i&nbsp;pot\u0119\u017cnych zdolno\u015bciach pozwol\u0105 ci si\u0119 sprawdzi\u0107 podczas walki o&nbsp;zwyci\u0119stwo, gdy ju\u017c opadnie kurz.  <\/p>\n<p>Eksploruj bogaty, nowy \u015bwiat <\/p>\n<p>Czeka na ciebie ca\u0142kiem nowy \u015bwiat pe\u0142en tajemniczych postaci niezale\u017cnych, z&nbsp;kt\u00f3rymi mo\u017cesz wej\u015b\u0107 w interakcj\u0119. Niekt\u00f3rzy z&nbsp;nich oferuj\u0105 pomoc, inni sami jej potrzebuj\u0105, a&nbsp;jeszcze inni wy\u015bl\u0105 ci\u0119 na \u015bmiertelnie niebezpieczne misje, chc\u0105c odzyska\u0107 dawno zapomniane przedmioty. Masz wiele zada\u0144 do wykonania i&nbsp;wiele miejsc do odwiedzenia, a&nbsp;poznane historie i&nbsp;mity pomog\u0105 ci rozwik\u0142a\u0107 liczne tajemnice, dzi\u0119ki kt\u00f3rym lepiej zrozumiesz ten nowy, dziwny \u015bwiat.<\/p>\n<p><\/p>","protected":false},"excerpt":{"rendered":"<p>W drugiej ksi\u0119dze z&nbsp;serii gier Blasphemous powraca ten, kt\u00f3rego zw\u0105 The Penitent One. To kontynuacja historii opowiedzianej w darmowym rozszerzeniu Wounds of Eventide do oryginalnej gry, w kt\u00f3rym to Serce na niebie zwiastowa\u0142o powr\u00f3t Cudu i&nbsp;przepowiedzia\u0142o narodziny nowego cudownego dziecka. Obudziwszy si\u0119 w dziwnej, nieznanej krainie z&nbsp;dala od miejsca swojego ostatniego spoczynku, The Penitent One [&hellip;]<\/p>\n","protected":false},"featured_media":679287,"comment_status":"closed","ping_status":"closed","template":"","meta":{"ub_ctt_via":""},"product_cat":[88,127,221],"product_tag":[218],"class_list":["post-676317","product","type-product","status-publish","has-post-thumbnail","hentry","product_cat-action","product_cat-adventure","product_cat-indie","product_tag-games","platform-steam-works"],"_links":{"self":[{"href":"https:\/\/neuvee.com\/pl\/wp-json\/wp\/v2\/product\/676317","targetHints":{"allow":["GET"]}}],"collection":[{"href":"https:\/\/neuvee.com\/pl\/wp-json\/wp\/v2\/product"}],"about":[{"href":"https:\/\/neuvee.com\/pl\/wp-json\/wp\/v2\/types\/product"}],"replies":[{"embeddable":true,"href":"https:\/\/neuvee.com\/pl\/wp-json\/wp\/v2\/comments?post=676317"}],"wp:featuredmedia":[{"embeddable":true,"href":"https:\/\/neuvee.com\/pl\/wp-json\/wp\/v2\/media\/679287"}],"wp:attachment":[{"href":"https:\/\/neuvee.com\/pl\/wp-json\/wp\/v2\/media?parent=676317"}],"wp:term":[{"taxonomy":"product_cat","embeddable":true,"href":"https:\/\/neuvee.com\/pl\/wp-json\/wp\/v2\/product_cat?post=676317"},{"taxonomy":"product_tag","embeddable":true,"href":"https:\/\/neuvee.com\/pl\/wp-json\/wp\/v2\/product_tag?post=676317"}],"curies":[{"name":"wp","href":"https:\/\/api.w.org\/{rel}","templated":true}]}}