{"id":676237,"date":"2023-09-21T11:45:00","date_gmt":"2023-09-21T11:45:00","guid":{"rendered":"https:\/\/neuvee.com\/?post_type=product&#038;p=676237"},"modified":"2025-05-19T13:58:49","modified_gmt":"2025-05-19T13:58:49","slug":"blasphemous-ost-3","status":"publish","type":"product","link":"https:\/\/neuvee.com\/pl\/product\/blasphemous-ost-3\/","title":{"rendered":"BLASPHEMOUS &#8211; OST"},"content":{"rendered":"<p>Przenie\u015b si\u0119 do \u015bwiata Cvstodii i&nbsp;jej wielu r\u00f3\u017cnych krain dzi\u0119ki \u015bcie\u017cce d\u017awi\u0119kowej Blasphemous skomponowanej przez Carlosa Viol\u0119. Album zawiera 27 nowych utwor\u00f3w, kt\u00f3re znajduj\u0105 si\u0119 w grze Blasphemous.<\/p>\n<p>01 &#8211; Dame Tu Tormento<br \/>\n02 &#8211; La Muerte de los Relinchos<br \/>\n03 &#8211; Tierras de Azafr\u00e1n<br \/>\n04 &#8211; Que las Campanas Me Doblen<br \/>\n05 &#8211; Una Senda de Pasos Blancos<br \/>\n06 &#8211; G\u00e9lida Expiraci\u00f3n<br \/>\n07 &#8211; Entregar\u00e1s Tu Rostro a&nbsp;La Se\u00f1ora<br \/>\n08 &#8211; Vuestra Faz Denegrida<br \/>\n09 &#8211; Cantes de Confesi\u00f3n<br \/>\n10 &#8211; Ten Piedad<br \/>\n11 &#8211; Arpegios en Ocre<br \/>\n12 &#8211; El Quej\u00edo<br \/>\n13 &#8211; Taranto a&nbsp;la Hermana M\u00eda<br \/>\n14 &#8211; El Temple de los Abanicos<br \/>\n15 &#8211; Coplas de Incienso<br \/>\n16 &#8211; Entre Bordados<br \/>\n17 &#8211; Prohibidos y Cubiertos de Polvo<br \/>\n18 &#8211; L\u00e1grimas de Grana y Oro<br \/>\n19 &#8211; Al Comp\u00e1s de Tus Contornos<br \/>\n20 &#8211; Y Yo Fuego Te Dar\u00e9<br \/>\n21 &#8211; Para un M\u00e1rtir del Comp\u00e1s<br \/>\n22 &#8211; Saetas De Altos Balcones<br \/>\n23 &#8211; Su Beso de Plata<br \/>\n24 &#8211; Pelda\u00f1os Hacia la Santidad<br \/>\n25 &#8211; Mirada de culpa<br \/>\n26 &#8211; Que en Procesi\u00f3n Marchen<br \/>\n27 &#8211; Por la V\u00eda de las Procesiones Antiguas<\/p>","protected":false},"excerpt":{"rendered":"<p>Przenie\u015b si\u0119 do \u015bwiata Cvstodii i&nbsp;jej wielu r\u00f3\u017cnych krain dzi\u0119ki \u015bcie\u017cce d\u017awi\u0119kowej Blasphemous skomponowanej przez Carlosa Viol\u0119. Album zawiera 27 nowych utwor\u00f3w, kt\u00f3re znajduj\u0105 si\u0119 w grze Blasphemous. 01 &#8211; Dame Tu Tormento 02 &#8211; La Muerte de los Relinchos 03 &#8211; Tierras de Azafr\u00e1n 04 &#8211; Que las Campanas Me Doblen 05 &#8211; Una [&hellip;]<\/p>\n","protected":false},"featured_media":680223,"comment_status":"closed","ping_status":"closed","template":"","meta":{"ub_ctt_via":""},"product_cat":[88],"product_tag":[218],"class_list":["post-676237","product","type-product","status-publish","has-post-thumbnail","hentry","product_cat-action","product_tag-games","platform-steam-works"],"_links":{"self":[{"href":"https:\/\/neuvee.com\/pl\/wp-json\/wp\/v2\/product\/676237","targetHints":{"allow":["GET"]}}],"collection":[{"href":"https:\/\/neuvee.com\/pl\/wp-json\/wp\/v2\/product"}],"about":[{"href":"https:\/\/neuvee.com\/pl\/wp-json\/wp\/v2\/types\/product"}],"replies":[{"embeddable":true,"href":"https:\/\/neuvee.com\/pl\/wp-json\/wp\/v2\/comments?post=676237"}],"wp:featuredmedia":[{"embeddable":true,"href":"https:\/\/neuvee.com\/pl\/wp-json\/wp\/v2\/media\/680223"}],"wp:attachment":[{"href":"https:\/\/neuvee.com\/pl\/wp-json\/wp\/v2\/media?parent=676237"}],"wp:term":[{"taxonomy":"product_cat","embeddable":true,"href":"https:\/\/neuvee.com\/pl\/wp-json\/wp\/v2\/product_cat?post=676237"},{"taxonomy":"product_tag","embeddable":true,"href":"https:\/\/neuvee.com\/pl\/wp-json\/wp\/v2\/product_tag?post=676237"}],"curies":[{"name":"wp","href":"https:\/\/api.w.org\/{rel}","templated":true}]}}