{"id":676234,"date":"2023-09-21T11:43:45","date_gmt":"2023-09-21T11:43:45","guid":{"rendered":"https:\/\/neuvee.com\/?post_type=product&#038;p=676234"},"modified":"2025-05-19T14:36:57","modified_gmt":"2025-05-19T14:36:57","slug":"blasphemous-digital-comic-3","status":"publish","type":"product","link":"https:\/\/neuvee.com\/pl\/product\/blasphemous-digital-comic-3\/","title":{"rendered":"BLASPHEMOUS &#8211; DIGITAL COMIC"},"content":{"rendered":"<p>Wybierz si\u0119 z&nbsp;nami w podr\u00f3\u017c do czas\u00f3w przed powstaniem Blasphemous. Odkryj w grze sekrety i&nbsp;zapomnian\u0105 wiedz\u0119 tego \u015bwiata. Odpowiedz na pytania, kt\u00f3re pojawia\u0142y si\u0119 w czasie poznawania tej historii.<\/p>\n<p><\/p>","protected":false},"excerpt":{"rendered":"<p>Wybierz si\u0119 z&nbsp;nami w podr\u00f3\u017c do czas\u00f3w przed powstaniem Blasphemous. Odkryj w grze sekrety i&nbsp;zapomnian\u0105 wiedz\u0119 tego \u015bwiata. Odpowiedz na pytania, kt\u00f3re pojawia\u0142y si\u0119 w czasie poznawania tej historii.<\/p>\n","protected":false},"featured_media":680225,"comment_status":"closed","ping_status":"closed","template":"","meta":{"ub_ctt_via":""},"product_cat":[88],"product_tag":[218],"class_list":["post-676234","product","type-product","status-publish","has-post-thumbnail","hentry","product_cat-action","product_tag-games","platform-steam-works"],"_links":{"self":[{"href":"https:\/\/neuvee.com\/pl\/wp-json\/wp\/v2\/product\/676234","targetHints":{"allow":["GET"]}}],"collection":[{"href":"https:\/\/neuvee.com\/pl\/wp-json\/wp\/v2\/product"}],"about":[{"href":"https:\/\/neuvee.com\/pl\/wp-json\/wp\/v2\/types\/product"}],"replies":[{"embeddable":true,"href":"https:\/\/neuvee.com\/pl\/wp-json\/wp\/v2\/comments?post=676234"}],"wp:featuredmedia":[{"embeddable":true,"href":"https:\/\/neuvee.com\/pl\/wp-json\/wp\/v2\/media\/680225"}],"wp:attachment":[{"href":"https:\/\/neuvee.com\/pl\/wp-json\/wp\/v2\/media?parent=676234"}],"wp:term":[{"taxonomy":"product_cat","embeddable":true,"href":"https:\/\/neuvee.com\/pl\/wp-json\/wp\/v2\/product_cat?post=676234"},{"taxonomy":"product_tag","embeddable":true,"href":"https:\/\/neuvee.com\/pl\/wp-json\/wp\/v2\/product_tag?post=676234"}],"curies":[{"name":"wp","href":"https:\/\/api.w.org\/{rel}","templated":true}]}}