{"id":676230,"date":"2023-09-21T11:42:26","date_gmt":"2023-09-21T11:42:26","guid":{"rendered":"https:\/\/neuvee.com\/?post_type=product&#038;p=676230"},"modified":"2025-05-19T13:59:22","modified_gmt":"2025-05-19T13:59:22","slug":"blasphemous-digital-artbook-3","status":"publish","type":"product","link":"https:\/\/neuvee.com\/pl\/product\/blasphemous-digital-artbook-3\/","title":{"rendered":"BLASPHEMOUS &#8211; DIGITAL ARTBOOK"},"content":{"rendered":"<p>Poznaj proces tworzenia Blasphemous dzi\u0119ki cyfrowemu albumowi. Album ten zawiera szkice i&nbsp;projekty przedstawiaj\u0105ce rozw\u00f3j koncepcji r\u00f3\u017cnych postaci zamieszkuj\u0105cych Cvstodi\u0119 \u2013 od pierwszego pomys\u0142u a\u017c po ko\u0144cowy projekt. Opr\u00f3cz wszystkich tych wspania\u0142ych szkic\u00f3w album ten zawiera komentarze i&nbsp;szczeg\u00f3\u0142owe opisy procesu tw\u00f3rczego programist\u00f3w i&nbsp;artyst\u00f3w.<\/p>\n<p>Strony albumu Blasphemous wype\u0142nione s\u0105 projektami wst\u0119pnymi r\u00f3\u017cnych postaci, komentarzami artyst\u00f3w, kluczowymi grafikami, obrazkami fan\u00f3w, planami fabu\u0142y i&nbsp;wieloma innymi elementami!<\/p>\n<p><\/p>","protected":false},"excerpt":{"rendered":"<p>Poznaj proces tworzenia Blasphemous dzi\u0119ki cyfrowemu albumowi. Album ten zawiera szkice i&nbsp;projekty przedstawiaj\u0105ce rozw\u00f3j koncepcji r\u00f3\u017cnych postaci zamieszkuj\u0105cych Cvstodi\u0119 \u2013 od pierwszego pomys\u0142u a\u017c po ko\u0144cowy projekt. Opr\u00f3cz wszystkich tych wspania\u0142ych szkic\u00f3w album ten zawiera komentarze i&nbsp;szczeg\u00f3\u0142owe opisy procesu tw\u00f3rczego programist\u00f3w i&nbsp;artyst\u00f3w. Strony albumu Blasphemous wype\u0142nione s\u0105 projektami wst\u0119pnymi r\u00f3\u017cnych postaci, komentarzami artyst\u00f3w, kluczowymi grafikami, [&hellip;]<\/p>\n","protected":false},"featured_media":680226,"comment_status":"closed","ping_status":"closed","template":"","meta":{"ub_ctt_via":""},"product_cat":[88],"product_tag":[218],"class_list":["post-676230","product","type-product","status-publish","has-post-thumbnail","hentry","product_cat-action","product_tag-games","platform-steam-works"],"_links":{"self":[{"href":"https:\/\/neuvee.com\/pl\/wp-json\/wp\/v2\/product\/676230","targetHints":{"allow":["GET"]}}],"collection":[{"href":"https:\/\/neuvee.com\/pl\/wp-json\/wp\/v2\/product"}],"about":[{"href":"https:\/\/neuvee.com\/pl\/wp-json\/wp\/v2\/types\/product"}],"replies":[{"embeddable":true,"href":"https:\/\/neuvee.com\/pl\/wp-json\/wp\/v2\/comments?post=676230"}],"wp:featuredmedia":[{"embeddable":true,"href":"https:\/\/neuvee.com\/pl\/wp-json\/wp\/v2\/media\/680226"}],"wp:attachment":[{"href":"https:\/\/neuvee.com\/pl\/wp-json\/wp\/v2\/media?parent=676230"}],"wp:term":[{"taxonomy":"product_cat","embeddable":true,"href":"https:\/\/neuvee.com\/pl\/wp-json\/wp\/v2\/product_cat?post=676230"},{"taxonomy":"product_tag","embeddable":true,"href":"https:\/\/neuvee.com\/pl\/wp-json\/wp\/v2\/product_tag?post=676230"}],"curies":[{"name":"wp","href":"https:\/\/api.w.org\/{rel}","templated":true}]}}