{"id":676225,"date":"2023-09-21T11:40:56","date_gmt":"2023-09-21T11:40:56","guid":{"rendered":"https:\/\/neuvee.com\/?post_type=product&#038;p=676225"},"modified":"2025-05-19T13:41:59","modified_gmt":"2025-05-19T13:41:59","slug":"blasphemous-alloy-of-sin-character-skin-3","status":"publish","type":"product","link":"https:\/\/neuvee.com\/pl\/product\/blasphemous-alloy-of-sin-character-skin-3\/","title":{"rendered":"BLASPHEMOUS &#8211; 'ALLOY OF SIN&#8217; CHARACTER SKIN"},"content":{"rendered":"<p>Dzi\u0119ki temu dodatkowi DLC b\u0119dziesz w stanie zmieni\u0107 sk\u00f3rk\u0119 Pokutnika \u2013 zamieni si\u0119 w br\u0105zowego rycerza, \u015bcinaj\u0105cego ka\u017cdego wroga, kt\u00f3ry stanie mu na drodze w czasie misji maj\u0105cej na celu uchroni\u0107 Cvstodi\u0119 i&nbsp;jej lud od straszliwego losu.<\/p>\n<p><\/p>","protected":false},"excerpt":{"rendered":"<p>Dzi\u0119ki temu dodatkowi DLC b\u0119dziesz w stanie zmieni\u0107 sk\u00f3rk\u0119 Pokutnika \u2013 zamieni si\u0119 w br\u0105zowego rycerza, \u015bcinaj\u0105cego ka\u017cdego wroga, kt\u00f3ry stanie mu na drodze w czasie misji maj\u0105cej na celu uchroni\u0107 Cvstodi\u0119 i&nbsp;jej lud od straszliwego losu.<\/p>\n","protected":false},"featured_media":680227,"comment_status":"closed","ping_status":"closed","template":"","meta":{"ub_ctt_via":""},"product_cat":[88],"product_tag":[218],"class_list":["post-676225","product","type-product","status-publish","has-post-thumbnail","hentry","product_cat-action","product_tag-games","platform-steam-works"],"_links":{"self":[{"href":"https:\/\/neuvee.com\/pl\/wp-json\/wp\/v2\/product\/676225","targetHints":{"allow":["GET"]}}],"collection":[{"href":"https:\/\/neuvee.com\/pl\/wp-json\/wp\/v2\/product"}],"about":[{"href":"https:\/\/neuvee.com\/pl\/wp-json\/wp\/v2\/types\/product"}],"replies":[{"embeddable":true,"href":"https:\/\/neuvee.com\/pl\/wp-json\/wp\/v2\/comments?post=676225"}],"wp:featuredmedia":[{"embeddable":true,"href":"https:\/\/neuvee.com\/pl\/wp-json\/wp\/v2\/media\/680227"}],"wp:attachment":[{"href":"https:\/\/neuvee.com\/pl\/wp-json\/wp\/v2\/media?parent=676225"}],"wp:term":[{"taxonomy":"product_cat","embeddable":true,"href":"https:\/\/neuvee.com\/pl\/wp-json\/wp\/v2\/product_cat?post=676225"},{"taxonomy":"product_tag","embeddable":true,"href":"https:\/\/neuvee.com\/pl\/wp-json\/wp\/v2\/product_tag?post=676225"}],"curies":[{"name":"wp","href":"https:\/\/api.w.org\/{rel}","templated":true}]}}