{"id":676220,"date":"2023-09-21T11:39:31","date_gmt":"2023-09-21T11:39:31","guid":{"rendered":"https:\/\/neuvee.com\/?post_type=product&#038;p=676220"},"modified":"2025-05-19T14:38:00","modified_gmt":"2025-05-19T14:38:00","slug":"blasphemous-6","status":"publish","type":"product","link":"https:\/\/neuvee.com\/pl\/product\/blasphemous-6\/","title":{"rendered":"BLASPHEMOUS"},"content":{"rendered":"<p>Hello Sinners,<\/p>\n<p>Introducing Blasphemous: Strife &#038; Ruin, the next free update coming to the game on February 18th!<br \/>\nFind a&nbsp;new and unexpected ally in the form of Miriam from Bloodstained: Ritual of the Night. Having been summoned to Cvstodia you must combine your powers to assist one another as you find your fates intertwined&#8230;<\/p>\n<p>Strife &#038; Ruin will include the followng:<br \/>\n&#8211; Bloodstained: Ritual of the Night crossover<br \/>\n&#8211; Boss Rush Mode<br \/>\n&#8211; New Render Modes<br \/>\n&#8211; New Rosary Bead<br \/>\n&#8211; Korean Language Support<br \/>\n&#8211; Bug Fixes<\/p>\n<p>And more, for the most inquisitive of Penitents&#8230;<\/p>\n<p>Blasphemous jest wymagaj\u0105c\u0105 platformow\u0105 gr\u0105 akcji, kt\u00f3ra \u0142\u0105czy w sobie szybk\u0105 i&nbsp;wyrafinowan\u0105 walk\u0119 gatunku \u201ehack and slash\u201d z&nbsp;g\u0142\u0119bok\u0105 i&nbsp;poruszaj\u0105c\u0105 narracj\u0105, dostarczan\u0105 w czasie eksploracji ogromnego wszech\u015bwiata z\u0142o\u017conego z&nbsp;nieliniowych poziom\u00f3w.<br \/>\nNa Krain\u0119 Cvstodia i&nbsp;jej mieszka\u0144c\u00f3w spad\u0142a okropna kl\u0105twa, znana po prostu jako Cud.<br \/>\nGrasz jako Pokutnik \u2013 jedyna osoba, kt\u00f3ra przetrwa\u0142a masakr\u0119 Cichego \u017balu. \u015awiat tkwi w nieko\u0144cz\u0105cym si\u0119 cyklu \u015bmierci i&nbsp;odrodzenia. To w\u0142a\u015bnie ty musisz uwolni\u0107 go od tego straszliwego losu i&nbsp;dotrze\u0107 do przyczyny swojej m\u0119ki.<br \/>\nZbadaj koszmarny \u015bwiat okrutnej religii i&nbsp;odkryj skrywaj\u0105ce si\u0119 g\u0142\u0119boko niezliczone sekrety. U\u017cywaj zab\u00f3jczych kombinacji i&nbsp;brutalnych egzekucji, aby powala\u0107 hordy groteskowych potwor\u00f3w i&nbsp;tytanicznych boss\u00f3w, kt\u00f3rzy pragn\u0105 si\u0119 rozerwa\u0107 na strz\u0119py. Znajduj i&nbsp;wykorzystuj relikwie, r\u00f3\u017ca\u0144ce oraz&nbsp;modlitwy, aby przywo\u0142a\u0107 moce niebios, kt\u00f3re pomog\u0105 ci w tej misji wyrwania si\u0119 z&nbsp;wiecznego pot\u0119pienia.<\/p>\n<p>Odkrywaj nieliniowy \u015bwiat: Pokonuj straszliwych wrog\u00f3w oraz&nbsp;zab\u00f3jcze pu\u0142apki w czasie wyprawy przez zr\u00f3\u017cnicowane tereny w poszukiwaniu zbawienia w mrocznym, gotyckim \u015bwiecie Cvstodia.<\/p>\n<p>Brutalna walka: Uwolnij moc Mae Culpa \u2013 miecza zrodzonego z&nbsp;poczucia winy \u2013 aby ubija\u0107 swoich wrog\u00f3w. Pozyskuj nowe, mia\u017cd\u017c\u0105ce kombinacje oraz&nbsp;ruchy specjalne w czasie usuwania wszystkich ze swej drogi.<\/p>\n<p>Egzekucje: Uwolnij sw\u00f3j gniew i&nbsp;naciesz si\u0119 pe\u0142nym posoki \u0107wiartowaniem wrog\u00f3w \u2013 a&nbsp;wszystko to w pi\u0119knych i&nbsp;dopasowanych co do piksela animacjach egzekucji.<\/p>\n<p>Stw\u00f3rz swoj\u0105 konfiguracj\u0119: Odkrywaj i&nbsp;wykorzystuj relikwie, r\u00f3\u017ca\u0144ce, modlitwy i&nbsp;serca mieczy, kt\u00f3re zapewni\u0105 ci nowe zdolno\u015bci oraz&nbsp;premie do statystyk, bez kt\u00f3rych nie prze\u017cyjesz. Eksperymentuj z&nbsp;r\u00f3\u017cnymi kombinacjami, aby znale\u017a\u0107 sw\u00f3j w\u0142asny styl gry. <\/p>\n<p>Epickie walki z&nbsp;bossami: Mi\u0119dzy tob\u0105 a&nbsp;celem stoj\u0105 hordy nikczemnych, olbrzymich potwor\u00f3w. Naucz si\u0119 ich ruch\u00f3w i&nbsp;niszczycielskich atak\u00f3w, aby na koniec wyj\u015b\u0107 zwyci\u0119sko z&nbsp;potyczek.<\/p>\n<p>Ujawnij tajemnice Cvstodii: \u015awiat jest pe\u0142en um\u0119czonych dusz. Niekt\u00f3re oferuj\u0105 ci darmow\u0105 pomoc, inne chc\u0105 co\u015b w zamian. Odkryj historie i&nbsp;losy tych cierpi\u0105cych postaci, aby zdoby\u0107 nagrody oraz&nbsp;lepsze zrozumienie mrocznego \u015bwiata, kt\u00f3ry zamieszkujesz.<\/p>\n<p>Blasphemous jest wymagaj\u0105c\u0105 platformow\u0105 gr\u0105 akcji, kt\u00f3ra \u0142\u0105czy w sobie szybk\u0105 i&nbsp;wyrafinowan\u0105 walk\u0119 gatunku \u201ehack and slash\u201d z&nbsp;g\u0142\u0119bok\u0105 i&nbsp;poruszaj\u0105c\u0105 narracj\u0105, dostarczan\u0105 w czasie eksploracji ogromnego wszech\u015bwiata z\u0142o\u017conego z&nbsp;nieliniowych poziom\u00f3w.<\/p>\n<p>Na Krain\u0119 Cvstodia i&nbsp;jej mieszka\u0144c\u00f3w spad\u0142a okropna kl\u0105twa, znana po prostu jako Cud.<br \/>\nGrasz jako Pokutnik \u2013 jedyna osoba, kt\u00f3ra przetrwa\u0142a masakr\u0119 Cichego \u017balu. \u015awiat tkwi w nieko\u0144cz\u0105cym si\u0119 cyklu \u015bmierci i&nbsp;odrodzenia. To w\u0142a\u015bnie ty musisz uwolni\u0107 go od tego straszliwego losu i&nbsp;dotrze\u0107 do przyczyny swojej m\u0119ki.<br \/>\nZbadaj koszmarny \u015bwiat okrutnej religii i&nbsp;odkryj skrywaj\u0105ce si\u0119 g\u0142\u0119boko niezliczone sekrety. U\u017cywaj zab\u00f3jczych kombinacji i&nbsp;brutalnych egzekucji, aby powala\u0107 hordy groteskowych potwor\u00f3w i&nbsp;tytanicznych boss\u00f3w, kt\u00f3rzy pragn\u0105 si\u0119 rozerwa\u0107 na strz\u0119py. Znajduj i&nbsp;wykorzystuj relikwie, r\u00f3\u017ca\u0144ce oraz&nbsp;modlitwy, aby przywo\u0142a\u0107 moce niebios, kt\u00f3re pomog\u0105 ci w tej misji wyrwania si\u0119 z&nbsp;wiecznego pot\u0119pienia.<\/p>","protected":false},"excerpt":{"rendered":"<p>Hello Sinners, Introducing Blasphemous: Strife &#038; Ruin, the next free update coming to the game on February 18th! Find a&nbsp;new and unexpected ally in the form of Miriam from Bloodstained: Ritual of the Night. Having been summoned to Cvstodia you must combine your powers to assist one another as you find your fates intertwined&#8230; Strife [&hellip;]<\/p>\n","protected":false},"featured_media":676874,"comment_status":"closed","ping_status":"closed","template":"","meta":{"ub_ctt_via":""},"product_cat":[235,272,273,88,221],"product_tag":[218],"class_list":["post-676220","product","type-product","status-publish","has-post-thumbnail","hentry","product_cat-2d","product_cat-gore","product_cat-violent","product_cat-action","product_cat-indie","product_tag-games","platform-steam-works"],"_links":{"self":[{"href":"https:\/\/neuvee.com\/pl\/wp-json\/wp\/v2\/product\/676220","targetHints":{"allow":["GET"]}}],"collection":[{"href":"https:\/\/neuvee.com\/pl\/wp-json\/wp\/v2\/product"}],"about":[{"href":"https:\/\/neuvee.com\/pl\/wp-json\/wp\/v2\/types\/product"}],"replies":[{"embeddable":true,"href":"https:\/\/neuvee.com\/pl\/wp-json\/wp\/v2\/comments?post=676220"}],"wp:featuredmedia":[{"embeddable":true,"href":"https:\/\/neuvee.com\/pl\/wp-json\/wp\/v2\/media\/676874"}],"wp:attachment":[{"href":"https:\/\/neuvee.com\/pl\/wp-json\/wp\/v2\/media?parent=676220"}],"wp:term":[{"taxonomy":"product_cat","embeddable":true,"href":"https:\/\/neuvee.com\/pl\/wp-json\/wp\/v2\/product_cat?post=676220"},{"taxonomy":"product_tag","embeddable":true,"href":"https:\/\/neuvee.com\/pl\/wp-json\/wp\/v2\/product_tag?post=676220"}],"curies":[{"name":"wp","href":"https:\/\/api.w.org\/{rel}","templated":true}]}}