{"id":676172,"date":"2023-09-21T11:29:48","date_gmt":"2023-09-21T11:29:48","guid":{"rendered":"https:\/\/neuvee.com\/?post_type=product&#038;p=676172"},"modified":"2025-05-19T14:09:10","modified_gmt":"2025-05-19T14:09:10","slug":"beyond-eyes-2","status":"publish","type":"product","link":"https:\/\/neuvee.com\/pl\/product\/beyond-eyes-2\/","title":{"rendered":"BEYOND EYES"},"content":{"rendered":"<p>Beyond Eyes to wsp\u00f3\u0142czesna bajka o&nbsp;przyja\u017ani i&nbsp;odnajdywaniu w sobie odwagi. Odkrywaj\u0105c krok po kroku niesamowity \u015bwiat, pokieruj ma\u0142\u0105 dziewczynk\u0105 Rae podczas podr\u00f3\u017cy, kt\u00f3ra odmieni jej \u017cycie. Niech\u0119tnie opuszczaj\u0105ca sw\u00f3j rodzinny dom niewidoma dziewczynka jest zrozpaczona, kiedy znika jej kot Nani. Zbieraj\u0105c ca\u0142\u0105 odwag\u0119, Rae stawia czo\u0142o strachowi i&nbsp;wyrusza w \u015bwiat, by odnale\u017a\u0107 swojego najlepszego przyjaciela.<br \/>\n<\/p>","protected":false},"excerpt":{"rendered":"<p>Beyond Eyes to wsp\u00f3\u0142czesna bajka o&nbsp;przyja\u017ani i&nbsp;odnajdywaniu w sobie odwagi. Odkrywaj\u0105c krok po kroku niesamowity \u015bwiat, pokieruj ma\u0142\u0105 dziewczynk\u0105 Rae podczas podr\u00f3\u017cy, kt\u00f3ra odmieni jej \u017cycie. Niech\u0119tnie opuszczaj\u0105ca sw\u00f3j rodzinny dom niewidoma dziewczynka jest zrozpaczona, kiedy znika jej kot Nani. Zbieraj\u0105c ca\u0142\u0105 odwag\u0119, Rae stawia czo\u0142o strachowi i&nbsp;wyrusza w \u015bwiat, by odnale\u017a\u0107 swojego najlepszego przyjaciela.<\/p>\n","protected":false},"featured_media":680228,"comment_status":"closed","ping_status":"closed","template":"","meta":{"ub_ctt_via":""},"product_cat":[127,221],"product_tag":[218],"class_list":["post-676172","product","type-product","status-publish","has-post-thumbnail","hentry","product_cat-adventure","product_cat-indie","product_tag-games","platform-steam-works"],"_links":{"self":[{"href":"https:\/\/neuvee.com\/pl\/wp-json\/wp\/v2\/product\/676172","targetHints":{"allow":["GET"]}}],"collection":[{"href":"https:\/\/neuvee.com\/pl\/wp-json\/wp\/v2\/product"}],"about":[{"href":"https:\/\/neuvee.com\/pl\/wp-json\/wp\/v2\/types\/product"}],"replies":[{"embeddable":true,"href":"https:\/\/neuvee.com\/pl\/wp-json\/wp\/v2\/comments?post=676172"}],"wp:featuredmedia":[{"embeddable":true,"href":"https:\/\/neuvee.com\/pl\/wp-json\/wp\/v2\/media\/680228"}],"wp:attachment":[{"href":"https:\/\/neuvee.com\/pl\/wp-json\/wp\/v2\/media?parent=676172"}],"wp:term":[{"taxonomy":"product_cat","embeddable":true,"href":"https:\/\/neuvee.com\/pl\/wp-json\/wp\/v2\/product_cat?post=676172"},{"taxonomy":"product_tag","embeddable":true,"href":"https:\/\/neuvee.com\/pl\/wp-json\/wp\/v2\/product_tag?post=676172"}],"curies":[{"name":"wp","href":"https:\/\/api.w.org\/{rel}","templated":true}]}}