{"id":676151,"date":"2023-09-21T11:28:56","date_gmt":"2023-09-21T11:28:56","guid":{"rendered":"https:\/\/neuvee.com\/?post_type=product&#038;p=676151"},"modified":"2025-05-19T14:39:45","modified_gmt":"2025-05-19T14:39:45","slug":"before-we-leave-7","status":"publish","type":"product","link":"https:\/\/neuvee.com\/pl\/product\/before-we-leave-7\/","title":{"rendered":"BEFORE WE LEAVE"},"content":{"rendered":"<p>Odkryj na nowo utracon\u0105 wiedz\u0119 i&nbsp;rozwijaj odrodzon\u0105 cywilizacj\u0119 w pozbawionej przemocy grze Before We Leave, kt\u00f3ra polega na budowaniu miast w przytulnym zak\u0105tku wszech\u015bwiata. Zbieraj plony i&nbsp;zasoby oraz&nbsp;zarz\u0105dzaj nimi, aby twoje osady mog\u0142y si\u0119 rozwija\u0107. Wymieniaj towary z&nbsp;krainami i&nbsp;planetami wok\u00f3\u0142 ciebie na heksagonalnej mapie. Bez stresu rozbudowuj podstawy spo\u0142ecze\u0144stw i&nbsp;we w\u0142asnym tempie tw\u00f3rz uk\u0142ad s\u0142oneczny pogodnych planet. Nie wszystko b\u0119dzie si\u0119 uk\u0142ada\u0107 po twojej my\u015bli \u2014 wyka\u017c si\u0119 sprytem i&nbsp;pokonaj trudno\u015bci, z&nbsp;kt\u00f3rymi musieli mierzy\u0107 si\u0119 twoi przodkowie.<\/p>\n<p>*+CECHY GRY+*<br \/>\n&#8211; *Buduj* osady dla nowych mieszka\u0144c\u00f3w<br \/>\n&#8211; *Odkrywaj* i&nbsp;badaj staro\u017cytne technologie<br \/>\n&#8211; *Zarz\u0105dzaj* zasobami, kontroluj zanieczyszczenie i&nbsp;dbaj o&nbsp;zadowolenie, aby unikn\u0105\u0107 b\u0142\u0119d\u00f3w, kt\u00f3re pope\u0142nili twoi przodkowie<br \/>\n&#8211; *Handluj* z&nbsp;osadami na morzu i&nbsp;w kosmosie<br \/>\n&#8211; *Poznawaj* sze\u015b\u0107 wyj\u0105tkowych biom\u00f3w na wyspach o&nbsp;r\u00f3\u017cnych wielko\u015bciach i&nbsp;kszta\u0142tach<br \/>\n&#8211; *Chro\u0144* mieszka\u0144c\u00f3w przed prastarymi istotami strzeg\u0105cymi galaktyki&#8221;<\/p>\n<p>*+FABU\u0141A+*<br \/>\nTwoi mieszka\u0144cy od pokole\u0144 mieszkali pod ziemi\u0105. Nie poznali pieszczotliwego dotyku s\u0142o\u0144ca na sk\u00f3rze, chrz\u0119stu ziemi mi\u0119dzy palcami u n\u00f3g ani&nbsp;\u0142askotania much spaceruj\u0105cych po nosie. Teraz pe\u0142ni zachwytu wychodz\u0105 na powierzchni\u0119, ale nie umiej\u0105 niczego uprawia\u0107 \u2014 opr\u00f3cz ziemniak\u00f3w. Zacznij odbudowywa\u0107 ich dawn\u0105 cywilizacj\u0119, zaczynaj\u0105c od zapewnienia im schronienia, a&nbsp;potem zajmij si\u0119 odkrywaniem staro\u017cytnych technologii i&nbsp;ekspansj\u0105 odrodzonego spo\u0142ecze\u0144stwa na inne kontynenty i&nbsp;planety.<\/p>\n<p>Pami\u0119taj jednak, \u017ce wszech\u015bwiat nie jest bezpiecznym miejscem. Staro\u017cytni, prastarzy stra\u017cnicy domagaj\u0105 si\u0119 uwagi i&nbsp;zagra\u017caj\u0105 nowo powsta\u0142ym osadom \u2014 twoim zadaniem jest unikanie istot, kt\u00f3re hamuj\u0105 post\u0119p i&nbsp;zak\u0142\u00f3caj\u0105 dopiero co odzyskany spok\u00f3j.<\/p>\n<p>Nie ma tu broni ani&nbsp;walk z&nbsp;s\u0105siadami o&nbsp;surowce \u2014 tylko ty i&nbsp;ca\u0142y uk\u0142ad s\u0142oneczny pe\u0142en wspania\u0142ych mo\u017cliwo\u015bci.<\/p>","protected":false},"excerpt":{"rendered":"<p>Odkryj na nowo utracon\u0105 wiedz\u0119 i&nbsp;rozwijaj odrodzon\u0105 cywilizacj\u0119 w pozbawionej przemocy grze Before We Leave, kt\u00f3ra polega na budowaniu miast w przytulnym zak\u0105tku wszech\u015bwiata. Zbieraj plony i&nbsp;zasoby oraz&nbsp;zarz\u0105dzaj nimi, aby twoje osady mog\u0142y si\u0119 rozwija\u0107. Wymieniaj towary z&nbsp;krainami i&nbsp;planetami wok\u00f3\u0142 ciebie na heksagonalnej mapie. Bez stresu rozbudowuj podstawy spo\u0142ecze\u0144stw i&nbsp;we w\u0142asnym tempie tw\u00f3rz uk\u0142ad s\u0142oneczny [&hellip;]<\/p>\n","protected":false},"featured_media":677626,"comment_status":"closed","ping_status":"closed","template":"","meta":{"ub_ctt_via":""},"product_cat":[223,221,78,222],"product_tag":[218],"class_list":["post-676151","product","type-product","status-publish","has-post-thumbnail","hentry","product_cat-casual","product_cat-indie","product_cat-simulation","product_cat-strategy","product_tag-games","platform-steam-works"],"_links":{"self":[{"href":"https:\/\/neuvee.com\/pl\/wp-json\/wp\/v2\/product\/676151","targetHints":{"allow":["GET"]}}],"collection":[{"href":"https:\/\/neuvee.com\/pl\/wp-json\/wp\/v2\/product"}],"about":[{"href":"https:\/\/neuvee.com\/pl\/wp-json\/wp\/v2\/types\/product"}],"replies":[{"embeddable":true,"href":"https:\/\/neuvee.com\/pl\/wp-json\/wp\/v2\/comments?post=676151"}],"wp:featuredmedia":[{"embeddable":true,"href":"https:\/\/neuvee.com\/pl\/wp-json\/wp\/v2\/media\/677626"}],"wp:attachment":[{"href":"https:\/\/neuvee.com\/pl\/wp-json\/wp\/v2\/media?parent=676151"}],"wp:term":[{"taxonomy":"product_cat","embeddable":true,"href":"https:\/\/neuvee.com\/pl\/wp-json\/wp\/v2\/product_cat?post=676151"},{"taxonomy":"product_tag","embeddable":true,"href":"https:\/\/neuvee.com\/pl\/wp-json\/wp\/v2\/product_tag?post=676151"}],"curies":[{"name":"wp","href":"https:\/\/api.w.org\/{rel}","templated":true}]}}