{"id":676144,"date":"2023-09-21T11:25:54","date_gmt":"2023-09-21T11:25:54","guid":{"rendered":"https:\/\/neuvee.com\/?post_type=product&#038;p=676144"},"modified":"2025-05-19T13:36:54","modified_gmt":"2025-05-19T13:36:54","slug":"batora-lost-haven-5","status":"publish","type":"product","link":"https:\/\/neuvee.com\/pl\/product\/batora-lost-haven-5\/","title":{"rendered":"BATORA: LOST HAVEN"},"content":{"rendered":"<p>Batora: Lost Haven\u00ae to mi\u0119dzyplanetarna przygodowa gra RPG akcji z&nbsp;bogat\u0105 histori\u0105 kszta\u0142towan\u0105 przez decyzje.<\/p>\n<p>Dop\u00f3ki \u015bwiat Avril nie zosta\u0142 wywr\u00f3cony do g\u00f3ry nogami przez tajemnicze, niszczycielskie wydarzenie, kobieta nie s\u0105dzi\u0142a, \u017ce czeka j\u0105 los bohaterki. Gdy jej planeta znalaz\u0142a si\u0119 na skraju zniszczenia, Arvil otrzyma\u0142a nadzwyczajne moce. B\u0119dzie musia\u0142a przemierza\u0107 wszech\u015bwiat, odkrywaj\u0105c pradawne sekrety i&nbsp;podejmuj\u0105c rozmaite decyzje, kt\u00f3re odmieni\u0105 jej \u017cycie.<\/p>\n<p>W Batora: Lost Haven\u00ae odkryjesz liczne obce planety o&nbsp;wyj\u0105tkowych w\u0142a\u015bciwo\u015bciach i&nbsp;poznasz galaktyk\u0119, w kt\u00f3rej kwestia moralno\u015bci nie jest czarno-bia\u0142a, a&nbsp;dobro i&nbsp;z\u0142o dzieli bezlito\u015bnie cienka granica. Podczas przygody ujarzmisz wyj\u0105tkowe zdolno\u015bci  Avril, opanowuj\u0105c do perfekcji style walki i&nbsp;pokonuj\u0105c pot\u0119\u017cnych przeciwnik\u00f3w. Zmierzysz si\u0119 te\u017c ze z\u0142o\u017conymi \u0142amig\u0142\u00f3wkami i&nbsp;zadaniami zlecanymi przez interesuj\u0105cych obcych mieszka\u0144c\u00f3w. Ka\u017cda podj\u0119ta decyzja wp\u0142ynie na kierunek przygody i&nbsp;na spos\u00f3b realizacji ostatecznej misji: odbudowy Utraconej Przystani.<\/p>\n<p>G\u0141\u00d3WNE CECHY<\/p>\n<p>DYNAMICZNA PRZYGODA MI\u0118DZYPLANETARNA \u2192 We\u017a udzia\u0142 w fantastycznej podr\u00f3\u017cy po wszech\u015bwiecie, ujawniaj\u0105c sekrety galaktyki i&nbsp;odkrywaj\u0105c nieznane \u015bwiaty, w kt\u00f3rych spotkasz rozmaite istoty o&nbsp;wyj\u0105tkowych cechach.<\/p>\n<p>WYJ\u0104TKOWA MECHANIKA ZMIANY BIEGUNOWO\u015aCI \u2192 Ujarzmij dwoiste moce S\u0142o\u0144ca i&nbsp;Ksi\u0119\u017cyca, aby stawi\u0107 czo\u0142a satysfakcjonuj\u0105cym wyzwaniom \u015brodowiskowym i&nbsp;pokona\u0107 pot\u0119\u017cnych wrog\u00f3w.<\/p>\n<p>ROZBUDOWANA HISTORIA Z WIELOMA ZAKO\u0143CZENIAMI \u2192 Twoje decyzje wp\u0142ywaj\u0105 na los wszech\u015bwiata i&nbsp;jego mieszka\u0144c\u00f3w. Przemy\u015bl swoje dzia\u0142ania i&nbsp;krocz w\u0142asn\u0105 drog\u0105 w epickiej, mi\u0119dzyplanetarnej opowie\u015bci laureata nagrody Writers\u2019 Guild.<\/p>\n<p>SZYBKA, WIELOPOZIOMOWA WALKA \u2192 Wykorzystaj moc umys\u0142u i&nbsp;cia\u0142a w szale\u0144czych walkach z&nbsp;mistycznymi stworami i&nbsp;nieziemskimi przeciwnikami&#8230; <\/p>\n<p>SKOMPLIKOWANE \u0141AMIG\u0141\u00d3WKI \u2192 Wystaw umys\u0142 i&nbsp;cia\u0142o na pr\u00f3b\u0119, rozwi\u0105zuj\u0105c \u0142amig\u0142\u00f3wki nie z&nbsp;tej ziemi. <\/p>\n<p>ARTYSTYCZNY STYL RETRO SCIENCE FICTION \u2192 Odkrywaj barwne, r\u00f3\u017cnorodne krajobrazy z&nbsp;r\u0119cznie malowan\u0105 grafik\u0105 inspirowan\u0105 retro science fiction z&nbsp;lat 50. XX wieku.<\/p>\n<p><\/p>","protected":false},"excerpt":{"rendered":"<p>Batora: Lost Haven\u00ae to mi\u0119dzyplanetarna przygodowa gra RPG akcji z&nbsp;bogat\u0105 histori\u0105 kszta\u0142towan\u0105 przez decyzje. Dop\u00f3ki \u015bwiat Avril nie zosta\u0142 wywr\u00f3cony do g\u00f3ry nogami przez tajemnicze, niszczycielskie wydarzenie, kobieta nie s\u0105dzi\u0142a, \u017ce czeka j\u0105 los bohaterki. Gdy jej planeta znalaz\u0142a si\u0119 na skraju zniszczenia, Arvil otrzyma\u0142a nadzwyczajne moce. B\u0119dzie musia\u0142a przemierza\u0107 wszech\u015bwiat, odkrywaj\u0105c pradawne sekrety i&nbsp;podejmuj\u0105c [&hellip;]<\/p>\n","protected":false},"featured_media":676636,"comment_status":"closed","ping_status":"closed","template":"","meta":{"ub_ctt_via":""},"product_cat":[88,89],"product_tag":[218],"class_list":["post-676144","product","type-product","status-publish","has-post-thumbnail","hentry","product_cat-action","product_cat-rpg","product_tag-games","platform-steam-works"],"_links":{"self":[{"href":"https:\/\/neuvee.com\/pl\/wp-json\/wp\/v2\/product\/676144","targetHints":{"allow":["GET"]}}],"collection":[{"href":"https:\/\/neuvee.com\/pl\/wp-json\/wp\/v2\/product"}],"about":[{"href":"https:\/\/neuvee.com\/pl\/wp-json\/wp\/v2\/types\/product"}],"replies":[{"embeddable":true,"href":"https:\/\/neuvee.com\/pl\/wp-json\/wp\/v2\/comments?post=676144"}],"wp:featuredmedia":[{"embeddable":true,"href":"https:\/\/neuvee.com\/pl\/wp-json\/wp\/v2\/media\/676636"}],"wp:attachment":[{"href":"https:\/\/neuvee.com\/pl\/wp-json\/wp\/v2\/media?parent=676144"}],"wp:term":[{"taxonomy":"product_cat","embeddable":true,"href":"https:\/\/neuvee.com\/pl\/wp-json\/wp\/v2\/product_cat?post=676144"},{"taxonomy":"product_tag","embeddable":true,"href":"https:\/\/neuvee.com\/pl\/wp-json\/wp\/v2\/product_tag?post=676144"}],"curies":[{"name":"wp","href":"https:\/\/api.w.org\/{rel}","templated":true}]}}