{"id":676139,"date":"2023-09-21T11:23:45","date_gmt":"2023-09-21T11:23:45","guid":{"rendered":"https:\/\/neuvee.com\/?post_type=product&#038;p=676139"},"modified":"2025-05-19T13:46:44","modified_gmt":"2025-05-19T13:46:44","slug":"aven-colony-cerulean-vale-3","status":"publish","type":"product","link":"https:\/\/neuvee.com\/pl\/product\/aven-colony-cerulean-vale-3\/","title":{"rendered":"AVEN COLONY &#8211; CERULEAN VALE"},"content":{"rendered":"<p>Witajcie w zdradzieckich pustkowiach Cerulean Vale. Ta dodatkowa mapa sandboksowa oferuje najsurowszy teren i&nbsp;najwi\u0119ksze nagrody. Przekrocz w\u0142asne granice w sztuce przetrwania poza uk\u0142adem s\u0142onecznym!<\/p>\n<p>ODKRYJ OSZA\u0141AMIAJ\u0104CY NOWY BIOM: Odkryj pozosta\u0142o\u015bci staro\u017cytnego dna oceanicznego, zabarwionego na niebiesko przez pokruszone mikrokryszta\u0142y azurytu.<\/p>\n<p>PRZETRWAJ NA PUSTKOWIU: Ro\u015bliny uprawiane na Ziemi nie s\u0105 w stanie rosn\u0105\u0107 na dawnym dnie oceanicznym. Aby przetrwa\u0107 na tych niego\u015bcinnych terenach, musisz uciec si\u0119 do uprawy lokalnych gatunk\u00f3w.<\/p>\n<p>ZASIL SWOJ\u0104 KOLONI\u0118: Produkuj niebywa\u0142e ilo\u015bci energii elektrycznej, wykorzystuj\u0105c najbogatsze zasoby Zorium, jakie mo\u017cna znale\u017a\u0107 na Aven Prime.<\/p>\n<p>PRZETRZYMAJ BURZ\u0118: Utrzymaj si\u0119 w regionie, w kt\u00f3rym panuj\u0105 jedne z&nbsp;najtrudniejszych warunk\u00f3w pogodowych na planecie!<\/p>\n<p><\/p>","protected":false},"excerpt":{"rendered":"<p>Witajcie w zdradzieckich pustkowiach Cerulean Vale. Ta dodatkowa mapa sandboksowa oferuje najsurowszy teren i&nbsp;najwi\u0119ksze nagrody. Przekrocz w\u0142asne granice w sztuce przetrwania poza uk\u0142adem s\u0142onecznym! ODKRYJ OSZA\u0141AMIAJ\u0104CY NOWY BIOM: Odkryj pozosta\u0142o\u015bci staro\u017cytnego dna oceanicznego, zabarwionego na niebiesko przez pokruszone mikrokryszta\u0142y azurytu. PRZETRWAJ NA PUSTKOWIU: Ro\u015bliny uprawiane na Ziemi nie s\u0105 w stanie rosn\u0105\u0107 na dawnym dnie [&hellip;]<\/p>\n","protected":false},"featured_media":680231,"comment_status":"closed","ping_status":"closed","template":"","meta":{"ub_ctt_via":""},"product_cat":[221,78,222],"product_tag":[218],"class_list":["post-676139","product","type-product","status-publish","has-post-thumbnail","hentry","product_cat-indie","product_cat-simulation","product_cat-strategy","product_tag-games","platform-steam-works"],"_links":{"self":[{"href":"https:\/\/neuvee.com\/pl\/wp-json\/wp\/v2\/product\/676139","targetHints":{"allow":["GET"]}}],"collection":[{"href":"https:\/\/neuvee.com\/pl\/wp-json\/wp\/v2\/product"}],"about":[{"href":"https:\/\/neuvee.com\/pl\/wp-json\/wp\/v2\/types\/product"}],"replies":[{"embeddable":true,"href":"https:\/\/neuvee.com\/pl\/wp-json\/wp\/v2\/comments?post=676139"}],"wp:featuredmedia":[{"embeddable":true,"href":"https:\/\/neuvee.com\/pl\/wp-json\/wp\/v2\/media\/680231"}],"wp:attachment":[{"href":"https:\/\/neuvee.com\/pl\/wp-json\/wp\/v2\/media?parent=676139"}],"wp:term":[{"taxonomy":"product_cat","embeddable":true,"href":"https:\/\/neuvee.com\/pl\/wp-json\/wp\/v2\/product_cat?post=676139"},{"taxonomy":"product_tag","embeddable":true,"href":"https:\/\/neuvee.com\/pl\/wp-json\/wp\/v2\/product_tag?post=676139"}],"curies":[{"name":"wp","href":"https:\/\/api.w.org\/{rel}","templated":true}]}}