{"id":676136,"date":"2023-09-21T11:22:21","date_gmt":"2023-09-21T11:22:21","guid":{"rendered":"https:\/\/neuvee.com\/?post_type=product&#038;p=676136"},"modified":"2025-05-19T13:33:34","modified_gmt":"2025-05-19T13:33:34","slug":"aven-colony-6","status":"publish","type":"product","link":"https:\/\/neuvee.com\/pl\/product\/aven-colony-6\/","title":{"rendered":"AVEN COLONY"},"content":{"rendered":"<p>Zbuduj w Aven Colony nowy dom dla ludzko\u015bci.<br \/>\nOdkryj Aven Prime \u2013 obc\u0105 planet\u0119 pe\u0142n\u0105 pusty\u0144, tundr i&nbsp;bagien, oddalon\u0105 o&nbsp;lata \u015bwietlne od Ziemi. Rozwijaj kolonie w gigantyczne, rozci\u0105gni\u0119te miasta, jednocze\u015bnie podejmuj\u0105c wyzwania osiedlania nowego \u015bwiata.<\/p>\n<p>Buduj infrastruktur\u0119, dbaj o&nbsp;dobro mieszka\u0144c\u00f3w, zarz\u0105dzaj zasobami i&nbsp;zapewnij swojej koloni dobrobyt pomimo trudnych i&nbsp;cz\u0119sto niebezpiecznych reali\u00f3w egzotycznego \u015bwiata Aven Prime.<\/p>\n<p>&#8211; SKOLONIZUJ OBCY \u015aWIAT: Zbuduj nowy dom dla ludzko\u015bci w \u015bwiecie z&nbsp;atmosfer\u0105 o&nbsp;niskiej zawarto\u015bci tlenu, gdzie wyst\u0119puj\u0105 ekstremalne elektryczne i&nbsp;lodowe burze, wiry py\u0142owe, \u015bmierciono\u015bne erupcje truj\u0105cych gaz\u00f3w z&nbsp;otwor\u00f3w geotermalnych i&nbsp;dni tak d\u0142ugie, \u017ce maj\u0105 w\u0142asne pory roku. Eksploruj szereg biom\u00f3w od bujnych teren\u00f3w podmok\u0142ych po znacznie mniej go\u015bcinne obszary pustynne i&nbsp;arktyczne.<\/p>\n<p>&#8211; POZNAJ MIEJSCOWYCH: Napotkaj szereg obcych form \u017cycia, w tym olbrzymie czerwy pustyni, \u015bmierciono\u015bne zarodniki zarazy oraz&nbsp;zajad\u0142ego grzyba Creep.<\/p>\n<p>&#8211; NADZORUJ KOLONIST\u00d3W: Osiedlanie nowego \u015bwiata mo\u017ce by\u0107 stresuj\u0105ce. Jako nowy gubernator kolonii przygotuj si\u0119 na prac\u0119 po godzinach, aby pom\u00f3c kolonistom przyzwyczai\u0107 si\u0119 do nowego \u015brodowiska. Za pomoc\u0105 12 r\u00f3\u017cnych nak\u0142adek mo\u017cesz zarz\u0105dza\u0107 uprawami, mieszka\u0144cami, zadowoleniem, poziomem przest\u0119pczo\u015bci, powietrzem, elektryczno\u015bci\u0105, zatrudnieniem, zasobami, transportem, budowlami, dronami i&nbsp;wod\u0105 kolonii. Zdob\u0105d\u017a szacunek kolonist\u00f3w i&nbsp;pnij si\u0119 po szczeblach kariery od gubernatora kolonii po prezydenta ekspedycji!<\/p>\n<p>&#8211; ODKRYJ PRZESZ\u0141O\u015a\u0106: \u015awiat Aven Prime skrywa wiele tajemnic. Przejd\u017a ca\u0142\u0105 kampani\u0119 dla jednego gracza i&nbsp;uczestnicz w historii, kt\u00f3ra ods\u0142ania niekt\u00f3re z&nbsp;wielu tajemnic nowego, wspania\u0142ego \u015bwiata.<\/p>\n<p>&#8211; STW\u00d3RZ PRZYSZ\u0141O\u015a\u0106: Za pomoc\u0105 dron\u00f3w budowlanych zbuduj dziesi\u0105tki rodzaj\u00f3w obiekt\u00f3w, aby zapewni\u0107 kolonistom dach nad g\u0142ow\u0105, wyznaczy\u0107 szlaki handlowe, przywita\u0107 imigrant\u00f3w i&nbsp;wiele wi\u0119cej! Stopniowo ulepszaj istniej\u0105ce budynki, aby wynie\u015b\u0107 swoj\u0105 koloni\u0119 na nowy poziom!<\/p>\n<p>&#8211; SYSTEM EKSPEDYCJI: Wysy\u0142aj zesp\u00f3\u0142 do\u015bwiadczonych pionier\u00f3w na odkrywanie obcych ruin, odzyskiwanie artefakt\u00f3w, naprawianie rozbitych statk\u00f3w i&nbsp;na ratunek zagubionym odkrywcom. Przygotuj si\u0119 do walki z&nbsp;plag\u0105 i&nbsp;zarodnikami grzyba Creep, jednocze\u015bnie odpieraj\u0105c ataki r\u00f3\u017cnych grup, buntownik\u00f3w i&nbsp;pozosta\u0142ych na Aven Prime robot\u00f3w stra\u017cnik\u00f3w, kt\u00f3re zagra\u017caj\u0105 twojej nowej cywilizacji.<\/p>\n<p>&#8211; PRZYGOTUJ SI\u0118 NA ZIM\u0118: W pe\u0142ni funkcjonalny cykl dnia\/nocy i&nbsp;p\u00f3r roku. Podczas zimy Aven Prime zamarza \u2013 farmy nie daj\u0105 \u017cywno\u015bci, a&nbsp;panele s\u0142oneczne generuj\u0105 znacznie mniej energii elektrycznej. Przygotuj si\u0119, aby przetrwa\u0107 tak surowy klimat!<\/p>\n<p><\/p>","protected":false},"excerpt":{"rendered":"<p>Zbuduj w Aven Colony nowy dom dla ludzko\u015bci. Odkryj Aven Prime \u2013 obc\u0105 planet\u0119 pe\u0142n\u0105 pusty\u0144, tundr i&nbsp;bagien, oddalon\u0105 o&nbsp;lata \u015bwietlne od Ziemi. Rozwijaj kolonie w gigantyczne, rozci\u0105gni\u0119te miasta, jednocze\u015bnie podejmuj\u0105c wyzwania osiedlania nowego \u015bwiata. Buduj infrastruktur\u0119, dbaj o&nbsp;dobro mieszka\u0144c\u00f3w, zarz\u0105dzaj zasobami i&nbsp;zapewnij swojej koloni dobrobyt pomimo trudnych i&nbsp;cz\u0119sto niebezpiecznych reali\u00f3w egzotycznego \u015bwiata Aven Prime. [&hellip;]<\/p>\n","protected":false},"featured_media":680232,"comment_status":"closed","ping_status":"closed","template":"","meta":{"ub_ctt_via":""},"product_cat":[78,222],"product_tag":[218],"class_list":["post-676136","product","type-product","status-publish","has-post-thumbnail","hentry","product_cat-simulation","product_cat-strategy","product_tag-games","platform-steam-works"],"_links":{"self":[{"href":"https:\/\/neuvee.com\/pl\/wp-json\/wp\/v2\/product\/676136","targetHints":{"allow":["GET"]}}],"collection":[{"href":"https:\/\/neuvee.com\/pl\/wp-json\/wp\/v2\/product"}],"about":[{"href":"https:\/\/neuvee.com\/pl\/wp-json\/wp\/v2\/types\/product"}],"replies":[{"embeddable":true,"href":"https:\/\/neuvee.com\/pl\/wp-json\/wp\/v2\/comments?post=676136"}],"wp:featuredmedia":[{"embeddable":true,"href":"https:\/\/neuvee.com\/pl\/wp-json\/wp\/v2\/media\/680232"}],"wp:attachment":[{"href":"https:\/\/neuvee.com\/pl\/wp-json\/wp\/v2\/media?parent=676136"}],"wp:term":[{"taxonomy":"product_cat","embeddable":true,"href":"https:\/\/neuvee.com\/pl\/wp-json\/wp\/v2\/product_cat?post=676136"},{"taxonomy":"product_tag","embeddable":true,"href":"https:\/\/neuvee.com\/pl\/wp-json\/wp\/v2\/product_tag?post=676136"}],"curies":[{"name":"wp","href":"https:\/\/api.w.org\/{rel}","templated":true}]}}