{"id":676085,"date":"2023-09-21T11:08:42","date_gmt":"2023-09-21T11:08:42","guid":{"rendered":"https:\/\/neuvee.com\/?post_type=product&#038;p=676085"},"modified":"2025-05-19T13:28:06","modified_gmt":"2025-05-19T13:28:06","slug":"automachef-6","status":"publish","type":"product","link":"https:\/\/neuvee.com\/pl\/product\/automachef-6\/","title":{"rendered":"AUTOMACHEF"},"content":{"rendered":"<p>Witamy w Automachef, w grze logicznej z&nbsp;zarz\u0105dzaniem zasobami, w kt\u00f3rej projektujesz kuchnie, programujesz maszyny, a&nbsp;nast\u0119pnie widzisz sw\u00f3j geniusz w praktyce! Pora zaprojektowa\u0107 kuchni\u0119 przysz\u0142o\u015bci ju\u017c dzi\u015b.<\/p>\n<p>*Planuj. Przestawiaj. Programuj: *<br \/>\nProjektuj i&nbsp;buduj zautomatyzowane restauracje, a&nbsp;nast\u0119pnie programuj je, aby dzia\u0142a\u0142y jak szwajcarski zegarek! Czy masz do\u015b\u0107 zdolno\u015bci i&nbsp;motywacji, aby podbi\u0107 \u015bwiat zautomatyzowanych restauracji?<\/p>\n<p>*Trudne \u0142amig\u0142\u00f3wki: *<br \/>\nWysil umys\u0142, rozwi\u0105zuj\u0105c z\u0142o\u017cone zagadki przestrzenne, zarz\u0105dzania zasobami i&nbsp;scenariuszowe! Za ma\u0142o hot dog\u00f3w? Zaradzisz temu! Po\u017car w kuchni? To nie problem dla tak inteligentnej osoby!<\/p>\n<p>*Wiele tryb\u00f3w pobudzania umys\u0142u: *<br \/>\nZmierz si\u0119 z&nbsp;poziomami z&nbsp;kampanii, przebij si\u0119 przez \u015bwiat biznesu w trybie kontrakt\u00f3w lub&nbsp;po prostu poszalej do woli w trybie testowym piaskownicy.<\/p>\n<p>*Wielki urok i&nbsp;osobliwy humor: *<br \/>\nDostarczane wielkimi porcjami przez naszego bezradnego ludzkiego robota Roberta Persona. Jak nic to prawdziwy cz\u0142owiek. Zero w\u0105tpliwo\u015bci.<\/p>\n<p>*Wsparcie dla mod\u00f3w: *<br \/>\nMy\u015blisz, \u017ce potrafisz da\u0107 innym co\u015b na dok\u0142adk\u0119? \u015aWIETNIE! Zasi\u0105d\u017a do sto\u0142u i&nbsp;stw\u00f3rz w\u0142asne sk\u0142adniki, przepisy oraz&nbsp;scenariusze dzi\u0119ki Warsztatowi Steam!<\/p>\n<p><\/p>","protected":false},"excerpt":{"rendered":"<p>Witamy w Automachef, w grze logicznej z&nbsp;zarz\u0105dzaniem zasobami, w kt\u00f3rej projektujesz kuchnie, programujesz maszyny, a&nbsp;nast\u0119pnie widzisz sw\u00f3j geniusz w praktyce! Pora zaprojektowa\u0107 kuchni\u0119 przysz\u0142o\u015bci ju\u017c dzi\u015b. *Planuj. Przestawiaj. Programuj: * Projektuj i&nbsp;buduj zautomatyzowane restauracje, a&nbsp;nast\u0119pnie programuj je, aby dzia\u0142a\u0142y jak szwajcarski zegarek! Czy masz do\u015b\u0107 zdolno\u015bci i&nbsp;motywacji, aby podbi\u0107 \u015bwiat zautomatyzowanych restauracji? *Trudne \u0142amig\u0142\u00f3wki: * [&hellip;]<\/p>\n","protected":false},"featured_media":680233,"comment_status":"closed","ping_status":"closed","template":"","meta":{"ub_ctt_via":""},"product_cat":[221,78],"product_tag":[218],"class_list":["post-676085","product","type-product","status-publish","has-post-thumbnail","hentry","product_cat-indie","product_cat-simulation","product_tag-games","platform-steam-works"],"_links":{"self":[{"href":"https:\/\/neuvee.com\/pl\/wp-json\/wp\/v2\/product\/676085","targetHints":{"allow":["GET"]}}],"collection":[{"href":"https:\/\/neuvee.com\/pl\/wp-json\/wp\/v2\/product"}],"about":[{"href":"https:\/\/neuvee.com\/pl\/wp-json\/wp\/v2\/types\/product"}],"replies":[{"embeddable":true,"href":"https:\/\/neuvee.com\/pl\/wp-json\/wp\/v2\/comments?post=676085"}],"wp:featuredmedia":[{"embeddable":true,"href":"https:\/\/neuvee.com\/pl\/wp-json\/wp\/v2\/media\/680233"}],"wp:attachment":[{"href":"https:\/\/neuvee.com\/pl\/wp-json\/wp\/v2\/media?parent=676085"}],"wp:term":[{"taxonomy":"product_cat","embeddable":true,"href":"https:\/\/neuvee.com\/pl\/wp-json\/wp\/v2\/product_cat?post=676085"},{"taxonomy":"product_tag","embeddable":true,"href":"https:\/\/neuvee.com\/pl\/wp-json\/wp\/v2\/product_tag?post=676085"}],"curies":[{"name":"wp","href":"https:\/\/api.w.org\/{rel}","templated":true}]}}