{"id":676069,"date":"2023-09-21T10:54:00","date_gmt":"2023-09-21T10:54:00","guid":{"rendered":"https:\/\/neuvee.com\/?post_type=product&#038;p=676069"},"modified":"2025-05-19T14:36:09","modified_gmt":"2025-05-19T14:36:09","slug":"ageless-soundtrack-3","status":"publish","type":"product","link":"https:\/\/neuvee.com\/pl\/product\/ageless-soundtrack-3\/","title":{"rendered":"AGELESS SOUNDTRACK"},"content":{"rendered":"<p>Dzi\u0119ki oryginalnej \u015bcie\u017cce d\u017awi\u0119kowej, kt\u00f3r\u0105 napisa\u0142 i&nbsp;skomponowa\u0142 Elmer Ho Lok Zhan, odkryjesz nowy wymiar \u015bwiat\u00f3w i&nbsp;emocji Ageless. \u015acie\u017cka d\u017awi\u0119kowa Ageless sk\u0142ada si\u0119 z&nbsp;13 utwor\u00f3w stworzonych specjalnie na potrzeby gry.<\/p>\n<p><\/p>","protected":false},"excerpt":{"rendered":"<p>Dzi\u0119ki oryginalnej \u015bcie\u017cce d\u017awi\u0119kowej, kt\u00f3r\u0105 napisa\u0142 i&nbsp;skomponowa\u0142 Elmer Ho Lok Zhan, odkryjesz nowy wymiar \u015bwiat\u00f3w i&nbsp;emocji Ageless. \u015acie\u017cka d\u017awi\u0119kowa Ageless sk\u0142ada si\u0119 z&nbsp;13 utwor\u00f3w stworzonych specjalnie na potrzeby gry.<\/p>\n","protected":false},"featured_media":680235,"comment_status":"closed","ping_status":"closed","template":"","meta":{"ub_ctt_via":""},"product_cat":[127,221],"product_tag":[218],"class_list":["post-676069","product","type-product","status-publish","has-post-thumbnail","hentry","product_cat-adventure","product_cat-indie","product_tag-games","platform-steam-works"],"_links":{"self":[{"href":"https:\/\/neuvee.com\/pl\/wp-json\/wp\/v2\/product\/676069","targetHints":{"allow":["GET"]}}],"collection":[{"href":"https:\/\/neuvee.com\/pl\/wp-json\/wp\/v2\/product"}],"about":[{"href":"https:\/\/neuvee.com\/pl\/wp-json\/wp\/v2\/types\/product"}],"replies":[{"embeddable":true,"href":"https:\/\/neuvee.com\/pl\/wp-json\/wp\/v2\/comments?post=676069"}],"wp:featuredmedia":[{"embeddable":true,"href":"https:\/\/neuvee.com\/pl\/wp-json\/wp\/v2\/media\/680235"}],"wp:attachment":[{"href":"https:\/\/neuvee.com\/pl\/wp-json\/wp\/v2\/media?parent=676069"}],"wp:term":[{"taxonomy":"product_cat","embeddable":true,"href":"https:\/\/neuvee.com\/pl\/wp-json\/wp\/v2\/product_cat?post=676069"},{"taxonomy":"product_tag","embeddable":true,"href":"https:\/\/neuvee.com\/pl\/wp-json\/wp\/v2\/product_tag?post=676069"}],"curies":[{"name":"wp","href":"https:\/\/api.w.org\/{rel}","templated":true}]}}