{"id":676066,"date":"2023-09-21T10:52:41","date_gmt":"2023-09-21T10:52:41","guid":{"rendered":"https:\/\/neuvee.com\/?post_type=product&#038;p=676066"},"modified":"2025-05-19T13:52:18","modified_gmt":"2025-05-19T13:52:18","slug":"ageless-7","status":"publish","type":"product","link":"https:\/\/neuvee.com\/pl\/product\/ageless-7\/","title":{"rendered":"AGELESS"},"content":{"rendered":"<p>Zagubiona, zdezorientowana i&nbsp;zupe\u0142nie sama. Co zrobi Kiara, gdy nagle odkryje w sobie moc wp\u0142ywania na wiek fauny i&nbsp;flory? Zdolno\u015b\u0107, kt\u00f3r\u0105 obdarzy\u0142 j\u0105 magiczny obelisk.<\/p>\n<p>Przemierzaj platformowy \u015bwiat zagadek inny ni\u017c wszystkie \u2014 pe\u0142en legend i&nbsp;magii. Udaj si\u0119 w sentymentaln\u0105 podr\u00f3\u017c, podczas kt\u00f3rej staniesz przed trudnymi wyborami i&nbsp;przyjdzie Ci si\u0119 zmierzy\u0107 z&nbsp;wewn\u0119trznymi demonami.<\/p>\n<p>Pod\u0105\u017caj za Kiar\u0105 przez \u015bwiat cud\u00f3w i&nbsp;cierpienia. Modyfikuj wiek ro\u015blin i&nbsp;zwierz\u0105t, szukaj\u0105c drogi w\u015br\u00f3d skomplikowanych zagadek \u015brodowiskowych. Pokonuj bezlitosnych boss\u00f3w staj\u0105cych Ci na drodze. <\/p>\n<p>*Zyskaj wieczn\u0105 m\u0142odo\u015b\u0107: *<br \/>\nMaj\u0105c do dyspozycji magiczny \u0142uk, opanuj sztuk\u0119 wiecznej m\u0142odo\u015bci. Wp\u0142ywaj na zwierz\u0119ta i&nbsp;ro\u015bliny, rozwi\u0105zuj\u0105c interesuj\u0105ce zagadki i&nbsp;podejmuj\u0105c skomplikowane wyzwania platformowe. <\/p>\n<p>*Wyj\u0105tkowa mechanika starzenia si\u0119: *<br \/>\nIgraj z&nbsp;prawami natury, sprawuj\u0105c kontrol\u0119 nad wiekiem ro\u015blin i&nbsp;zwierz\u0105t, aby przechodzi\u0107 kolejne emocjonuj\u0105ce poziomy.<\/p>\n<p>*To nie jest zwyk\u0142a bajka: *<br \/>\nPo tragicznej stracie i&nbsp;wejrzeniu w g\u0142\u0105b siebie Kiara musi zdecydowa\u0107, czy u\u017cyje nowo odkrytych mocy, aby stawi\u0107 czo\u0142a wewn\u0119trznym demonom, czy postanowi od nich uciec.<\/p>\n<p>*Nowe \u015bwiaty do odkrycia: *<br \/>\nNa kolejnych etapach gry poznawaj nowe obszary pe\u0142ne wyj\u0105tkowych ro\u015blin i&nbsp;zwierz\u0105t. Wszystkie poziomy zosta\u0142y r\u0119cznie narysowane z&nbsp;dba\u0142o\u015bci\u0105 o&nbsp;ka\u017cdy piksel, aby stworzy\u0107 przepi\u0119kny \u015bwiat.<\/p>\n<p>*Ukryte przedmioty: *<br \/>\nOdkrywaj tajemnicze artefakty porozrzucane po najdalszych zak\u0105tkach! Czy zdo\u0142asz znale\u017a\u0107 je wszystkie?<\/p>\n<p><\/p>","protected":false},"excerpt":{"rendered":"<p>Zagubiona, zdezorientowana i&nbsp;zupe\u0142nie sama. Co zrobi Kiara, gdy nagle odkryje w sobie moc wp\u0142ywania na wiek fauny i&nbsp;flory? Zdolno\u015b\u0107, kt\u00f3r\u0105 obdarzy\u0142 j\u0105 magiczny obelisk. Przemierzaj platformowy \u015bwiat zagadek inny ni\u017c wszystkie \u2014 pe\u0142en legend i&nbsp;magii. Udaj si\u0119 w sentymentaln\u0105 podr\u00f3\u017c, podczas kt\u00f3rej staniesz przed trudnymi wyborami i&nbsp;przyjdzie Ci si\u0119 zmierzy\u0107 z&nbsp;wewn\u0119trznymi demonami. Pod\u0105\u017caj za Kiar\u0105 [&hellip;]<\/p>\n","protected":false},"featured_media":680236,"comment_status":"closed","ping_status":"closed","template":"","meta":{"ub_ctt_via":""},"product_cat":[127,221],"product_tag":[218],"class_list":["post-676066","product","type-product","status-publish","has-post-thumbnail","hentry","product_cat-adventure","product_cat-indie","product_tag-games","platform-steam-works"],"_links":{"self":[{"href":"https:\/\/neuvee.com\/pl\/wp-json\/wp\/v2\/product\/676066","targetHints":{"allow":["GET"]}}],"collection":[{"href":"https:\/\/neuvee.com\/pl\/wp-json\/wp\/v2\/product"}],"about":[{"href":"https:\/\/neuvee.com\/pl\/wp-json\/wp\/v2\/types\/product"}],"replies":[{"embeddable":true,"href":"https:\/\/neuvee.com\/pl\/wp-json\/wp\/v2\/comments?post=676066"}],"wp:featuredmedia":[{"embeddable":true,"href":"https:\/\/neuvee.com\/pl\/wp-json\/wp\/v2\/media\/680236"}],"wp:attachment":[{"href":"https:\/\/neuvee.com\/pl\/wp-json\/wp\/v2\/media?parent=676066"}],"wp:term":[{"taxonomy":"product_cat","embeddable":true,"href":"https:\/\/neuvee.com\/pl\/wp-json\/wp\/v2\/product_cat?post=676066"},{"taxonomy":"product_tag","embeddable":true,"href":"https:\/\/neuvee.com\/pl\/wp-json\/wp\/v2\/product_tag?post=676066"}],"curies":[{"name":"wp","href":"https:\/\/api.w.org\/{rel}","templated":true}]}}